{"id":1061,"date":"2025-07-29T18:01:05","date_gmt":"2025-07-29T23:01:05","guid":{"rendered":"https:\/\/marketingads.com.co\/ups\/?post_type=product&#038;p=1061"},"modified":"2026-01-14T22:33:25","modified_gmt":"2026-01-14T22:33:25","slug":"ups-cdp-500va-250w-interactiva-r-upr508","status":"publish","type":"product","link":"https:\/\/marketingads.co\/ups\/producto\/ups-cdp-500va-250w-interactiva-r-upr508\/","title":{"rendered":"UPS CDP 500VA-250W INTERACTIVA R-UPR508"},"content":{"rendered":"<p>UPS CDP 500VA-250W INTERACTIVA R-UPR508 con 8 toma corrientes NEMA 5-15 dise\u00f1ados para el hogar \/ oficina. Bater\u00edas de plomo \u00e1cido selladas internas, regulador de voltaje supresor de sobre tensiones y salidas de derivaci\u00f3n para cargas m\u00e1s grandes. Proporciona energ\u00eda continua a enrutadores WIFI, sistemas de alarma y equipos inform\u00e1ticos. Las alarmas audibles indican el funcionamiento y los niveles de bater\u00eda. Certificado por las agencias reguladoras NOM, ISO9001-2015, ISO14001, RETIE.<\/p>\n<h4>Aplicaciones en Diversos Sectores, Esta potente soluci\u00f3n encuentra su lugar en diversas industrias y negocios, como:<\/h4>\n<ul>\n<li>\ud83d\udcde <strong>Call Centers:<\/strong> Mant\u00e9n las comunicaciones ininterrumpidas y los datos protegidos durante cortes de energ\u00eda.<\/li>\n<li>\ud83d\udda5\ufe0f <strong>Servidores:<\/strong> Protege tus servidores y equipos de red para evitar p\u00e9rdidas de datos y tiempos de inactividad.<\/li>\n<li>\ud83c\udfe5 <strong>Sector M\u00e9dico:<\/strong> Asegura el funcionamiento continuo de equipos m\u00e9dicos y odontol\u00f3gicos cr\u00edticos para la atenci\u00f3n de pacientes.<\/li>\n<li>\ud83c\udfed <strong>Industria:<\/strong> Protege tus equipos industriales sensibles y evita da\u00f1os costosos debido a interrupciones de energ\u00eda.<\/li>\n<li>\ud83d\udc65 <strong>Empresas Medianas y Peque\u00f1as:<\/strong> Brinda tranquilidad a tu negocio sin importar su tama\u00f1o, asegurando la continuidad de operaciones esenciales.<\/li>\n<\/ul>\n<h4><strong>Recuerda que tambi\u00e9n contamos con el servicio de venta de equipos a nivel nacional:<\/strong><\/h4>\n<p>Venta <a href=\"https:\/\/upscomunicaciones.com\/categoria-producto\/ups-online\/\">UPS<\/a> tipo torre, venta UPS interactiva, venta de UPS tipo rack, venta UPS Smart APC, venta UPS modular, venta UPS escalable, venta UPS online, UPS paralelo, UPS hibrida, UPS solar, Inversor Solar, UPS en serie, UPS contingencia, bater\u00edas secas, tarjetas de control SNMP, inversores y <a href=\"https:\/\/es.wikipedia.org\/wiki\/Panel_solar\">paneles solares<\/a>.<\/p>\n","protected":false},"excerpt":{"rendered":"<p>Potente UPS de 500VA con 8 tomas para tu hogar\/oficina! Con bater\u00edas selladas internas, regulador de voltaje y supresor de sobretensiones, este equipo es ideal para enrutadores WiFi, sistemas de alarma y computadoras.<\/p>\n","protected":false},"featured_media":1067,"template":"","meta":[],"product_brand":[133],"product_cat":[143,120],"product_tag":[134],"class_list":{"0":"post-1061","1":"product","2":"type-product","3":"status-publish","4":"has-post-thumbnail","6":"product_brand-cdp","7":"product_cat-ups-cdp-500va-2000va-interactiva","8":"product_cat-ups-interactiva","9":"product_tag-cdp","11":"first","12":"instock","13":"shipping-taxable","14":"product-type-simple"},"aioseo_notices":[],"_links":{"self":[{"href":"https:\/\/marketingads.co\/ups\/wp-json\/wp\/v2\/product\/1061","targetHints":{"allow":["GET"]}}],"collection":[{"href":"https:\/\/marketingads.co\/ups\/wp-json\/wp\/v2\/product"}],"about":[{"href":"https:\/\/marketingads.co\/ups\/wp-json\/wp\/v2\/types\/product"}],"wp:featuredmedia":[{"embeddable":true,"href":"https:\/\/marketingads.co\/ups\/wp-json\/wp\/v2\/media\/1067"}],"wp:attachment":[{"href":"https:\/\/marketingads.co\/ups\/wp-json\/wp\/v2\/media?parent=1061"}],"wp:term":[{"taxonomy":"product_brand","embeddable":true,"href":"https:\/\/marketingads.co\/ups\/wp-json\/wp\/v2\/product_brand?post=1061"},{"taxonomy":"product_cat","embeddable":true,"href":"https:\/\/marketingads.co\/ups\/wp-json\/wp\/v2\/product_cat?post=1061"},{"taxonomy":"product_tag","embeddable":true,"href":"https:\/\/marketingads.co\/ups\/wp-json\/wp\/v2\/product_tag?post=1061"}],"curies":[{"name":"wp","href":"https:\/\/api.w.org\/{rel}","templated":true}]}}