{"id":1065,"date":"2025-07-29T18:01:09","date_gmt":"2025-07-29T23:01:09","guid":{"rendered":"https:\/\/marketingads.com.co\/ups\/?post_type=product&#038;p=1065"},"modified":"2026-01-14T16:12:48","modified_gmt":"2026-01-14T21:12:48","slug":"ups-cdp-1500va-900w-interactiva-r-smart-1510","status":"publish","type":"product","link":"https:\/\/marketingads.co\/ups\/producto\/ups-cdp-1500va-900w-interactiva-r-smart-1510\/","title":{"rendered":"UPS CDP 1500VA-900W INTERACTIVA R-SMART 1510"},"content":{"rendered":"<p>La UPS CDP 1500VA-900W INTERACTIVA R-SMART 1510 asegura la continuidad de tus dispositivos esenciales en hogares u oficinas con el UPS interactivo de 1500VA, dotado de 10 tomas corrientes NEMA 5-15. Equipado con bater\u00edas de plomo-\u00e1cido selladas, un regulador de voltaje y supresor de sobretensi\u00f3n, este sistema garantiza una energ\u00eda estable y protegida.<\/p>\n<p>Las alarmas audibles te mantienen informado sobre el estado del sistema y los niveles de bater\u00eda, asegurando una gesti\u00f3n proactiva. Adem\u00e1s, el certificado por las agencias reguladoras NOM, ISO9001-2015, ISO14001 y RETIE garantiza la confiabilidad y seguridad de este producto.<\/p>\n<h4>Aplicaciones en Diversos Sectores, Esta potente soluci\u00f3n encuentra su lugar en diversas industrias y negocios, como:<\/h4>\n<ul>\n<li>\ud83d\udcde <strong>Call Centers:<\/strong> Mant\u00e9n las comunicaciones ininterrumpidas y los datos protegidos durante cortes de energ\u00eda.<\/li>\n<li>\ud83d\udda5\ufe0f <strong>Servidores:<\/strong> Protege tus servidores y equipos de red para evitar p\u00e9rdidas de datos y tiempos de inactividad.<\/li>\n<li>\ud83c\udfe5 <strong>Sector M\u00e9dico:<\/strong> Asegura el funcionamiento continuo de equipos m\u00e9dicos y odontol\u00f3gicos cr\u00edticos para la atenci\u00f3n de pacientes.<\/li>\n<li>\ud83c\udfed <strong>Industria:<\/strong> Protege tus equipos industriales sensibles y evita da\u00f1os costosos debido a interrupciones de energ\u00eda.<\/li>\n<li>\ud83d\udc65 <strong>Empresas Medianas y Peque\u00f1as:<\/strong> Brinda tranquilidad a tu negocio sin importar su tama\u00f1o, asegurando la continuidad de operaciones esenciales.<\/li>\n<\/ul>\n<h4><strong>Recuerda que tambi\u00e9n contamos con el servicio de venta de equipos a nivel nacional:<\/strong><\/h4>\n<p>Venta <a href=\"https:\/\/upscomunicaciones.com\/categoria-producto\/ups-online\/\">UPS<\/a> tipo torre, venta UPS interactiva, venta de UPS tipo rack, venta UPS Smart APC, venta UPS modular, venta UPS escalable, venta UPS online, UPS paralelo, UPS hibrida, UPS solar, Inversor Solar, UPS en serie, UPS contingencia, bater\u00edas secas, tarjetas de control SNMP, inversores y <a href=\"https:\/\/es.wikipedia.org\/wiki\/Panel_solar\">paneles solares<\/a>.<\/p>\n","protected":false},"excerpt":{"rendered":"<p>La UPS CDP 1500VA-900W R-SMART 1510 ofrece energ\u00eda estable y protecci\u00f3n completa. Con 10 tomas corrientes NEMA 5-15, alarmas audibles y certificaciones de confiabilidad NOM, ISO, RETIE.<\/p>\n","protected":false},"featured_media":1079,"template":"","meta":[],"product_brand":[133],"product_cat":[143,120],"product_tag":[134],"class_list":{"0":"post-1065","1":"product","2":"type-product","3":"status-publish","4":"has-post-thumbnail","6":"product_brand-cdp","7":"product_cat-ups-cdp-500va-2000va-interactiva","8":"product_cat-ups-interactiva","9":"product_tag-cdp","11":"first","12":"instock","13":"shipping-taxable","14":"product-type-simple"},"aioseo_notices":[],"_links":{"self":[{"href":"https:\/\/marketingads.co\/ups\/wp-json\/wp\/v2\/product\/1065","targetHints":{"allow":["GET"]}}],"collection":[{"href":"https:\/\/marketingads.co\/ups\/wp-json\/wp\/v2\/product"}],"about":[{"href":"https:\/\/marketingads.co\/ups\/wp-json\/wp\/v2\/types\/product"}],"wp:featuredmedia":[{"embeddable":true,"href":"https:\/\/marketingads.co\/ups\/wp-json\/wp\/v2\/media\/1079"}],"wp:attachment":[{"href":"https:\/\/marketingads.co\/ups\/wp-json\/wp\/v2\/media?parent=1065"}],"wp:term":[{"taxonomy":"product_brand","embeddable":true,"href":"https:\/\/marketingads.co\/ups\/wp-json\/wp\/v2\/product_brand?post=1065"},{"taxonomy":"product_cat","embeddable":true,"href":"https:\/\/marketingads.co\/ups\/wp-json\/wp\/v2\/product_cat?post=1065"},{"taxonomy":"product_tag","embeddable":true,"href":"https:\/\/marketingads.co\/ups\/wp-json\/wp\/v2\/product_tag?post=1065"}],"curies":[{"name":"wp","href":"https:\/\/api.w.org\/{rel}","templated":true}]}}