{"id":1088,"date":"2025-07-29T18:30:06","date_gmt":"2025-07-29T23:30:06","guid":{"rendered":"https:\/\/marketingads.com.co\/ups\/?post_type=product&#038;p=1088"},"modified":"2026-01-14T20:38:41","modified_gmt":"2026-01-14T20:38:41","slug":"ups-powest-micronet-750-va-interactiva","status":"publish","type":"product","link":"https:\/\/marketingads.co\/ups\/producto\/ups-powest-micronet-750-va-interactiva\/","title":{"rendered":"Ups POWEST Micronet 750 VA Interactiva"},"content":{"rendered":"<p>Los sistemas Ups POWEST Micronet 750 VA Interactiva aseguran el correcto funcionamiento de dispositivos el\u00e9ctricos en hogares, peque\u00f1as y medianas empresas; ofreciendo todas las caracter\u00edsticas de protecci\u00f3n para computadores, servidores, CCTV, cajas registradoras, Home Theater y sistemas de entretenimiento.<\/p>\n<h4>La l\u00ednea Ups POWEST Micronet 750 VA Interactiva ofrece caracter\u00edsticas \u00fanicas en el mercado:<\/h4>\n<ol>\n<li>T\u00e9cnica autom\u00e1tica en la regulaci\u00f3n de tensi\u00f3n AVR.<\/li>\n<li>Amplio rango de tensi\u00f3n a la entrada.<\/li>\n<li>Avanzada tecnolog\u00eda MOSFET PWM.<\/li>\n<li>\u00a0Cierre avanzado para la sobrecarga y <a href=\"https:\/\/upscomunicaciones.com\/categoria-producto\/baterias-secas\/baterias-vme\/?swcfpc=1\">bater\u00eda<\/a> baja.<\/li>\n<li>\u00a0Control Digital Autom\u00e1tico.<\/li>\n<li>T\u00e9cnica autom\u00e1tica de recarga.<\/li>\n<li>Indicadores de funcionamiento LED.<\/li>\n<li>\u00a0Dise\u00f1o confiable conectado con la red.<\/li>\n<li>Interfaz de USB de comunicaci\u00f3n ( 500 Vac no aplica ).<\/li>\n<li>Equipado con Boost AVR y Buck para estabilizar el voltaje de entrada.<\/li>\n<li>Permite el encendido de la unidad sin alimentaci\u00f3n de CA.<\/li>\n<li>Reinicio autom\u00e1tico despu\u00e9s de una falla en la red.<\/li>\n<li>Tama\u00f1o compacto, peso ligero.<\/li>\n<li>Proporciona protecci\u00f3n contra sobrecarga.<\/li>\n<\/ol>\n<p>La UPS interactiva Powest puede ser usada en tu oficina, hogar o en el almac\u00e9n donde trabajes.<\/p>\n<p>Adem\u00e1s de esto, los sistemas de alimentaci\u00f3n ininterrumpida son un dispositivo que gracias a sus bater\u00edas y otros elementos almacenadores de energ\u00eda, durante un apag\u00f3n el\u00e9ctrico puede proporcionar energ\u00eda el\u00e9ctrica por un tiempo limitado a todos los dispositivos que tenga conectados.<\/p>\n<h4>Aplicaciones en Diversos Sectores, Esta potente soluci\u00f3n encuentra su lugar en diversas industrias y negocios, como:<\/h4>\n<ul>\n<li>\ud83d\udcde <strong>Call Centers:<\/strong> Mant\u00e9n las comunicaciones ininterrumpidas y los datos protegidos durante cortes de energ\u00eda.<\/li>\n<li>\ud83d\udda5\ufe0f <strong>Servidores:<\/strong> Protege tus servidores y equipos de red para evitar p\u00e9rdidas de datos y tiempos de inactividad.<\/li>\n<li>\ud83c\udfe5 <strong>Sector M\u00e9dico:<\/strong> Asegura el funcionamiento continuo de equipos m\u00e9dicos y odontol\u00f3gicos cr\u00edticos para la atenci\u00f3n de pacientes.<\/li>\n<li>\ud83c\udfed <strong>Industria:<\/strong> Protege tus equipos industriales sensibles y evita da\u00f1os costosos debido a interrupciones de energ\u00eda.<\/li>\n<li>\ud83d\udc65 <strong>Empresas Medianas y Peque\u00f1as:<\/strong> Brinda tranquilidad a tu negocio sin importar su tama\u00f1o, asegurando la continuidad de operaciones esenciales.<\/li>\n<\/ul>\n<h4><strong>Recuerda que tambi\u00e9n contamos con el servicio de venta de equipos a nivel nacional:<\/strong><\/h4>\n<p>Venta <a href=\"https:\/\/upscomunicaciones.com\/categoria-producto\/ups-online\/\">UPS<\/a> tipo torre, venta UPS interactiva, venta de UPS tipo rack, venta UPS Smart APC, venta UPS modular, venta UPS escalable, venta UPS online, UPS paralelo, UPS hibrida, UPS solar, Inversor Solar, UPS en serie, UPS contingencia, bater\u00edas secas, tarjetas de control SNMP, inversores y <a href=\"https:\/\/es.wikipedia.org\/wiki\/Panel_solar\">paneles solares<\/a>.<\/p>\n","protected":false},"excerpt":{"rendered":"<p>UPS con AVR autom\u00e1tico, amplio rango de entrada, tecnolog\u00eda MOSFET PWM, protecci\u00f3n avanzada, control digital, indicadores LED y dise\u00f1o confiable. Equipado con Boost AVR y Buck, encendido sin CA y reinicio autom\u00e1tico. Compacto y ligero, brinda protecci\u00f3n contra sobrecarga.<\/p>\n","protected":false},"featured_media":1094,"template":"","meta":[],"product_brand":[158],"product_cat":[120,144],"product_tag":[159],"class_list":{"0":"post-1088","1":"product","2":"type-product","3":"status-publish","4":"has-post-thumbnail","6":"product_brand-powest","7":"product_cat-ups-interactiva","8":"product_cat-ups-powest-500va-a-3000va-interactivas","9":"product_tag-powest","11":"first","12":"instock","13":"shipping-taxable","14":"product-type-simple"},"aioseo_notices":[],"_links":{"self":[{"href":"https:\/\/marketingads.co\/ups\/wp-json\/wp\/v2\/product\/1088","targetHints":{"allow":["GET"]}}],"collection":[{"href":"https:\/\/marketingads.co\/ups\/wp-json\/wp\/v2\/product"}],"about":[{"href":"https:\/\/marketingads.co\/ups\/wp-json\/wp\/v2\/types\/product"}],"wp:featuredmedia":[{"embeddable":true,"href":"https:\/\/marketingads.co\/ups\/wp-json\/wp\/v2\/media\/1094"}],"wp:attachment":[{"href":"https:\/\/marketingads.co\/ups\/wp-json\/wp\/v2\/media?parent=1088"}],"wp:term":[{"taxonomy":"product_brand","embeddable":true,"href":"https:\/\/marketingads.co\/ups\/wp-json\/wp\/v2\/product_brand?post=1088"},{"taxonomy":"product_cat","embeddable":true,"href":"https:\/\/marketingads.co\/ups\/wp-json\/wp\/v2\/product_cat?post=1088"},{"taxonomy":"product_tag","embeddable":true,"href":"https:\/\/marketingads.co\/ups\/wp-json\/wp\/v2\/product_tag?post=1088"}],"curies":[{"name":"wp","href":"https:\/\/api.w.org\/{rel}","templated":true}]}}