{"id":1091,"date":"2025-07-29T18:30:08","date_gmt":"2025-07-29T23:30:08","guid":{"rendered":"https:\/\/marketingads.com.co\/ups\/?post_type=product&#038;p=1091"},"modified":"2026-01-13T17:54:30","modified_gmt":"2026-01-13T17:54:30","slug":"ups-powest-micronet-3000-va-interactiva","status":"publish","type":"product","link":"https:\/\/marketingads.co\/ups\/producto\/ups-powest-micronet-3000-va-interactiva\/","title":{"rendered":"Ups POWEST Micronet 3000 VA Interactiva"},"content":{"rendered":"<p><strong>La Ups POWEST Micronet 3000 VA Interactiva<\/strong> T\u00e9cnica autom\u00e1tica en la regulaci\u00f3n de tensi\u00f3n AVR, amplio rango de tensi\u00f3n a la entrada, avanzada tecnolog\u00eda MOSFET PWM, cierre avanzado para la sobrecarga y bater\u00eda baja, control digital autom\u00e1tico, t\u00e9cnica autom\u00e1tica de recarga, indicadores de funcionamiento lED, dise\u00f1o confiable conectado con la red, ofrece una protecci\u00f3n completa, software de monitoreo, equipado con Boost AVR y Buck para estabilizar el voltaje de entrada, permite el encendido de la unidad sin alimentaci\u00f3n de CA, reinicio autom\u00e1tico despu\u00e9s de una falla en la red, tama\u00f1o compacto, peso ligero, proporciona protecci\u00f3n contra sobrecarga.<\/p>\n<h4>Conoce las caracter\u00edsticas de la Ups POWEST Micronet 3000 VA Interactiva:<\/h4>\n<ol>\n<li>Amplio rango de tensi\u00f3n a la entrada.<\/li>\n<li>Avanzada tecnolog\u00eda MOSFET.<\/li>\n<li>Gesti\u00f3n de la energ\u00eda y protecci\u00f3n durante la carga y descarga de bater\u00eda.<\/li>\n<li>Control digital autom\u00e1tico.<\/li>\n<li>T\u00e9cnica autom\u00e1tica de recarga.<\/li>\n<li>Proporciona protecci\u00f3n contra sobrecarga.<\/li>\n<li>Cuenta con sistema de Bypass de estado s\u00f3lido.<\/li>\n<li>Display con todas las caracter\u00edsticas.<\/li>\n<li>Software de monitoreo local por medio de USB.<\/li>\n<li>Equipado Boost &amp; Buck AVR para estabilizar el voltaje de entrada.<\/li>\n<li>Amplio rango de tensi\u00f3n a la entrada.<\/li>\n<li>Arranque en fr\u00edo.<\/li>\n<li>Monitoreo remoto por medio de <a href=\"https:\/\/es.wikipedia.org\/wiki\/Protocolo_simple_de_administraci%C3%B3n_de_red\">SNMP<\/a> (opcional).<\/li>\n<li>Medidas: 22x14x48.<\/li>\n<li>Peso: 21.5.<\/li>\n<li>8 toma corrientes regulados.<\/li>\n<li><a href=\"https:\/\/upscomunicaciones.com\/categoria-producto\/baterias-secas\/?swcfpc=1\">baterias<\/a> 12v \/ 9Ah.<\/li>\n<\/ol>\n<h4>Aplicaciones en Diversos Sectores, Esta potente soluci\u00f3n encuentra su lugar en diversas industrias y negocios, como:<\/h4>\n<ul>\n<li>\ud83d\udcde <strong>Call Centers:<\/strong> Mant\u00e9n las comunicaciones ininterrumpidas y los datos protegidos durante cortes de energ\u00eda.<\/li>\n<li>\ud83d\udda5\ufe0f <strong>Servidores:<\/strong> Protege tus servidores y equipos de red para evitar p\u00e9rdidas de datos y tiempos de inactividad.<\/li>\n<li>\ud83c\udfe5 <strong>Sector M\u00e9dico:<\/strong> Asegura el funcionamiento continuo de equipos m\u00e9dicos y odontol\u00f3gicos cr\u00edticos para la atenci\u00f3n de pacientes.<\/li>\n<li>\ud83c\udfed <strong>Industria:<\/strong> Protege tus equipos industriales sensibles y evita da\u00f1os costosos debido a interrupciones de energ\u00eda.<\/li>\n<li>\ud83d\udc65 <strong>Empresas Medianas y Peque\u00f1as:<\/strong> Brinda tranquilidad a tu negocio sin importar su tama\u00f1o, asegurando la continuidad de operaciones esenciales.<\/li>\n<\/ul>\n<h4><strong>Recuerda que tambi\u00e9n contamos con el servicio de venta de equipos a nivel nacional:<\/strong><\/h4>\n<p>Venta <a href=\"https:\/\/upscomunicaciones.com\/categoria-producto\/ups-online\">UPS<\/a> tipo torre, venta UPS interactiva, venta de UPS tipo rack, venta UPS Smart APC, venta UPS modular, venta UPS escalable, venta UPS online, UPS paralelo, UPS hibrida, UPS solar, Inversor Solar, UPS en serie, UPS contingencia, bater\u00edas secas, tarjetas de control SNMP, inversores y <a href=\"https:\/\/es.wikipedia.org\/wiki\/Panel_solar\">paneles solares<\/a>.<\/p>\n","protected":false},"excerpt":{"rendered":"<p>Regulador AVR de 3 pasos, tecnolog\u00eda MOSFET PWM y protecci\u00f3n avanzada. Control digital, indicadores LED y dise\u00f1o confiable. \u00a1Potente protecci\u00f3n y monitoreo LAN! Equipado con Boost AVR y Buck para estabilizar voltaje, encendido sin CA y reinicio autom\u00e1tico, Compacta y ligera.<\/p>\n","protected":false},"featured_media":1100,"template":"","meta":[],"product_brand":[158],"product_cat":[120,144],"product_tag":[159],"class_list":{"0":"post-1091","1":"product","2":"type-product","3":"status-publish","4":"has-post-thumbnail","6":"product_brand-powest","7":"product_cat-ups-interactiva","8":"product_cat-ups-powest-500va-a-3000va-interactivas","9":"product_tag-powest","11":"first","12":"instock","13":"shipping-taxable","14":"product-type-simple"},"aioseo_notices":[],"_links":{"self":[{"href":"https:\/\/marketingads.co\/ups\/wp-json\/wp\/v2\/product\/1091","targetHints":{"allow":["GET"]}}],"collection":[{"href":"https:\/\/marketingads.co\/ups\/wp-json\/wp\/v2\/product"}],"about":[{"href":"https:\/\/marketingads.co\/ups\/wp-json\/wp\/v2\/types\/product"}],"wp:featuredmedia":[{"embeddable":true,"href":"https:\/\/marketingads.co\/ups\/wp-json\/wp\/v2\/media\/1100"}],"wp:attachment":[{"href":"https:\/\/marketingads.co\/ups\/wp-json\/wp\/v2\/media?parent=1091"}],"wp:term":[{"taxonomy":"product_brand","embeddable":true,"href":"https:\/\/marketingads.co\/ups\/wp-json\/wp\/v2\/product_brand?post=1091"},{"taxonomy":"product_cat","embeddable":true,"href":"https:\/\/marketingads.co\/ups\/wp-json\/wp\/v2\/product_cat?post=1091"},{"taxonomy":"product_tag","embeddable":true,"href":"https:\/\/marketingads.co\/ups\/wp-json\/wp\/v2\/product_tag?post=1091"}],"curies":[{"name":"wp","href":"https:\/\/api.w.org\/{rel}","templated":true}]}}