{"id":1107,"date":"2025-07-29T18:45:23","date_gmt":"2025-07-29T23:45:23","guid":{"rendered":"https:\/\/marketingads.com.co\/ups\/?post_type=product&#038;p=1107"},"modified":"2025-07-29T18:47:42","modified_gmt":"2025-07-29T23:47:42","slug":"bateria-cdp-12v-7ah-slb-84-watt-hour","status":"publish","type":"product","link":"https:\/\/marketingads.co\/ups\/producto\/bateria-cdp-12v-7ah-slb-84-watt-hour\/","title":{"rendered":"BATER\u00cdA CDP 12V-7AH SLB (84-Watt Hour)"},"content":{"rendered":"<p>La BATER\u00cdA CDP 12V-7AH SLB (84-Watt Hour) es una bateria de uso general con 3 a\u00f1os de vida util en estado flotante y mas de 260 ciclos al 100% de descarga y tiene una auto descarga menor al 3% por mes al 25\u00b0C.<\/p>\n<p>&nbsp;<\/p>\n<h2>Caracter\u00edsticas f\u00edsicas y de funcionamiento de la BATER\u00cdA CDP 12V-7AH SLB (84-Watt Hour):<\/h2>\n<ol>\n<li>Corriente maxima de descarga 70A (5 seg).<\/li>\n<li>Baterias hechas con tecnologia VRLA, que controla la emision de gases y liquidos contaminantes.<\/li>\n<li>Por su tipo de tecnologia son baterias completamente selladas y libres de mantenimiento.<\/li>\n<li>Corriente maxima de cagra 2.1 A.<\/li>\n<li>Material del envase ABS UL94-HB.<\/li>\n<li>Cuentan con terminales Faston tab 187(F1).<\/li>\n<li>su peso aproximado es de 2.05 kg.<\/li>\n<li>Baterias ideales para aplicaciones en UPS, equipos medicos, sistemas de seguridad y luces de emergencia.<\/li>\n<\/ol>\n<p>&nbsp;<\/p>\n<h2>Aplicaciones en Diversos Sectores, Esta potente soluci\u00f3n encuentra su lugar en diversas industrias y negocios, como:<\/h2>\n<ul>\n<li>\ud83d\udcde <strong>Call Centers:<\/strong> Mant\u00e9n las comunicaciones ininterrumpidas y los datos protegidos durante cortes de energ\u00eda.<\/li>\n<li>\ud83d\udda5\ufe0f <strong>Servidores:<\/strong> Protege tus servidores y equipos de red para evitar p\u00e9rdidas de datos y tiempos de inactividad.<\/li>\n<li>\ud83c\udfe5 <strong>Sector M\u00e9dico:<\/strong> Asegura el funcionamiento continuo de equipos m\u00e9dicos y odontol\u00f3gicos cr\u00edticos para la atenci\u00f3n de pacientes.<\/li>\n<li>\ud83c\udfed <strong>Industria:<\/strong> Protege tus equipos industriales sensibles y evita da\u00f1os costosos debido a interrupciones de energ\u00eda.<\/li>\n<li>\ud83d\udc65 <strong>Empresas Medianas y Peque\u00f1as:<\/strong> Brinda tranquilidad a tu negocio sin importar su tama\u00f1o, asegurando la continuidad de operaciones esenciales.<\/li>\n<\/ul>\n<p>&nbsp;<\/p>\n<h3><strong>Recuerda que tambi\u00e9n contamos con el servicio de venta de equipos a nivel nacional:<\/strong><\/h3>\n<p>Venta <a href=\"https:\/\/upscomunicaciones.com\/categoria-producto\/ups-interactiva\/?swcfpc=1\">UPS<\/a> tipo torre, venta UPS interactiva, venta de UPS tipo rack, venta UPS Smart APC, venta UPS modular, venta UPS escalable, venta UPS online, UPS paralelo, UPS hibrida, UPS solar, Inversor Solar, UPS en serie, UPS contingencia, bater\u00edas secas, tarjetas de control <a href=\"https:\/\/es.wikipedia.org\/wiki\/Protocolo_simple_de_administraci%C3%B3n_de_red\">SNMP<\/a>, inversores y paneles solares.<\/p>\n","protected":false},"excerpt":{"rendered":"<p>estas bater\u00edas son altamente duraderas y confiables, con un peso aproximado de 2.05 kg, lo que las hace perfectas para una amplia gama de aplicaciones, incluyendo UPS, equipos m\u00e9dicos, sistemas de seguridad y luces de emergencia.<\/p>\n","protected":false},"featured_media":1115,"template":"","meta":[],"product_brand":[133],"product_cat":[147,122],"product_tag":[134],"class_list":{"0":"post-1107","1":"product","2":"type-product","3":"status-publish","4":"has-post-thumbnail","6":"product_brand-cdp","7":"product_cat-baterias-cdp","8":"product_cat-baterias-secas","9":"product_tag-cdp","11":"first","12":"instock","13":"shipping-taxable","14":"product-type-simple"},"aioseo_notices":[],"_links":{"self":[{"href":"https:\/\/marketingads.co\/ups\/wp-json\/wp\/v2\/product\/1107","targetHints":{"allow":["GET"]}}],"collection":[{"href":"https:\/\/marketingads.co\/ups\/wp-json\/wp\/v2\/product"}],"about":[{"href":"https:\/\/marketingads.co\/ups\/wp-json\/wp\/v2\/types\/product"}],"wp:featuredmedia":[{"embeddable":true,"href":"https:\/\/marketingads.co\/ups\/wp-json\/wp\/v2\/media\/1115"}],"wp:attachment":[{"href":"https:\/\/marketingads.co\/ups\/wp-json\/wp\/v2\/media?parent=1107"}],"wp:term":[{"taxonomy":"product_brand","embeddable":true,"href":"https:\/\/marketingads.co\/ups\/wp-json\/wp\/v2\/product_brand?post=1107"},{"taxonomy":"product_cat","embeddable":true,"href":"https:\/\/marketingads.co\/ups\/wp-json\/wp\/v2\/product_cat?post=1107"},{"taxonomy":"product_tag","embeddable":true,"href":"https:\/\/marketingads.co\/ups\/wp-json\/wp\/v2\/product_tag?post=1107"}],"curies":[{"name":"wp","href":"https:\/\/api.w.org\/{rel}","templated":true}]}}