{"id":1108,"date":"2025-07-29T18:45:24","date_gmt":"2025-07-29T23:45:24","guid":{"rendered":"https:\/\/marketingads.com.co\/ups\/?post_type=product&#038;p=1108"},"modified":"2025-07-29T18:47:42","modified_gmt":"2025-07-29T23:47:42","slug":"bateria-cdp-12v-9ah-slb-108-watt-hour","status":"publish","type":"product","link":"https:\/\/marketingads.co\/ups\/producto\/bateria-cdp-12v-9ah-slb-108-watt-hour\/","title":{"rendered":"BATER\u00cdA CDP 12V-9AH SLB (108-Watt Hour)"},"content":{"rendered":"<p>La BATER\u00cdA CDP 12V-9AH SLB (108-Watt Hour) equipada con una v\u00e1lvula regulada, permite un funcionamiento seguro y libre de mantenimiento, con una corriente m\u00e1xima de carga de 2.7 A y la capacidad de soportar el reemplazo en caliente para una m\u00e1xima disponibilidad. Fabricada con material de envase ABS UL94-HB y cumpliendo con los est\u00e1ndares internacionales IEC, JIS y BS, esta bater\u00eda es la elecci\u00f3n perfecta para aplicaciones exigentes que requieren fiabilidad y rendimiento superior.<\/p>\n<div class=\"flex-1 overflow-hidden\">\n<div class=\"react-scroll-to-bottom--css-cjezs-79elbk h-full\">\n<div class=\"react-scroll-to-bottom--css-cjezs-1n7m0yu\">\n<div class=\"flex flex-col pb-9 text-sm\">\n<div class=\"w-full text-token-text-primary\" data-testid=\"conversation-turn-23\">\n<div class=\"px-4 py-2 justify-center text-base md:gap-6 m-auto\">\n<div class=\"flex flex-1 text-base mx-auto gap-3 md:px-5 lg:px-1 xl:px-5 md:max-w-3xl lg:max-w-[40rem] xl:max-w-[48rem] group final-completion\">\n<div class=\"relative flex w-full flex-col agent-turn\">\n<div class=\"flex-col gap-1 md:gap-3\">\n<div class=\"mt-1 flex justify-start gap-3 empty:hidden\">\n<div class=\"text-gray-400 flex self-end lg:self-center justify-center lg:justify-start mt-0 -ml-1 visible\"><\/div>\n<\/div>\n<\/div>\n<\/div>\n<\/div>\n<\/div>\n<\/div>\n<\/div>\n<\/div>\n<\/div>\n<\/div>\n<p>&nbsp;<\/p>\n<h2>Caracter\u00edsticas f\u00edsicas y de funcionamiento de la BATER\u00cdA CDP 12V-9AH SLB (108-Watt Hour):<\/h2>\n<ol>\n<li>Pesoaproximado de 2.55 Kg.<\/li>\n<li>Corriente maxima de descarga 90A (5 seg).<\/li>\n<li>Resistencia interna aproximada de 18 miliohmios.<\/li>\n<li>Voltaje de carga flotante de 13.7 a 13.9 VDC.<\/li>\n<li>Baterias con valvula regulada de plomo acido.<\/li>\n<li>Corriente maxima de carga 2.7 A.<\/li>\n<li>Soporta el reemplazo de bateria en caliente.<\/li>\n<li>Material del envase ABS UL94-HB.<\/li>\n<li>Cumple con los estandares IEC, JIS y BS.<\/li>\n<\/ol>\n<p>&nbsp;<\/p>\n<p>&nbsp;<\/p>\n<h2>Aplicaciones en Diversos Sectores, Esta potente soluci\u00f3n encuentra su lugar en diversas industrias y negocios, como:<\/h2>\n<ul>\n<li>\ud83d\udcde <strong>Call Centers:<\/strong> Mant\u00e9n las comunicaciones ininterrumpidas y los datos protegidos durante cortes de energ\u00eda.<\/li>\n<li>\ud83d\udda5\ufe0f <strong>Servidores:<\/strong> Protege tus servidores y equipos de red para evitar p\u00e9rdidas de datos y tiempos de inactividad.<\/li>\n<li>\ud83c\udfe5 <strong>Sector M\u00e9dico:<\/strong> Asegura el funcionamiento continuo de equipos m\u00e9dicos y odontol\u00f3gicos cr\u00edticos para la atenci\u00f3n de pacientes.<\/li>\n<li>\ud83c\udfed <strong>Industria:<\/strong> Protege tus equipos industriales sensibles y evita da\u00f1os costosos debido a interrupciones de energ\u00eda.<\/li>\n<li>\ud83d\udc65 <strong>Empresas Medianas y Peque\u00f1as:<\/strong> Brinda tranquilidad a tu negocio sin importar su tama\u00f1o, asegurando la continuidad de operaciones esenciales.<\/li>\n<\/ul>\n<p>&nbsp;<\/p>\n<h3><strong>Recuerda que tambi\u00e9n contamos con el servicio de venta de equipos a nivel nacional:<\/strong><\/h3>\n<p>Venta <a href=\"https:\/\/upscomunicaciones.com\/categoria-producto\/ups-interactiva\/?swcfpc=1\">UPS<\/a> tipo torre, venta UPS interactiva, venta de UPS tipo rack, venta UPS Smart APC, venta UPS modular, venta UPS escalable, venta UPS online, UPS paralelo, UPS hibrida, UPS solar, Inversor Solar, UPS en serie, UPS contingencia, bater\u00edas secas, tarjetas de control <a href=\"https:\/\/es.wikipedia.org\/wiki\/Protocolo_simple_de_administraci%C3%B3n_de_red\">SNMP<\/a>, inversores y paneles solares.<\/p>\n","protected":false},"excerpt":{"rendered":"<p>con un peso aproximado de 2.55 Kg y una impresionante corriente m\u00e1xima de descarga de 90A durante 5 segundos, esta bater\u00eda no solo es potente sino tambi\u00e9n resistente, con una resistencia interna aproximada de 18 miliohmios.<\/p>\n","protected":false},"featured_media":1116,"template":"","meta":[],"product_brand":[133],"product_cat":[147,122],"product_tag":[134],"class_list":{"0":"post-1108","1":"product","2":"type-product","3":"status-publish","4":"has-post-thumbnail","6":"product_brand-cdp","7":"product_cat-baterias-cdp","8":"product_cat-baterias-secas","9":"product_tag-cdp","11":"first","12":"instock","13":"shipping-taxable","14":"product-type-simple"},"aioseo_notices":[],"_links":{"self":[{"href":"https:\/\/marketingads.co\/ups\/wp-json\/wp\/v2\/product\/1108","targetHints":{"allow":["GET"]}}],"collection":[{"href":"https:\/\/marketingads.co\/ups\/wp-json\/wp\/v2\/product"}],"about":[{"href":"https:\/\/marketingads.co\/ups\/wp-json\/wp\/v2\/types\/product"}],"wp:featuredmedia":[{"embeddable":true,"href":"https:\/\/marketingads.co\/ups\/wp-json\/wp\/v2\/media\/1116"}],"wp:attachment":[{"href":"https:\/\/marketingads.co\/ups\/wp-json\/wp\/v2\/media?parent=1108"}],"wp:term":[{"taxonomy":"product_brand","embeddable":true,"href":"https:\/\/marketingads.co\/ups\/wp-json\/wp\/v2\/product_brand?post=1108"},{"taxonomy":"product_cat","embeddable":true,"href":"https:\/\/marketingads.co\/ups\/wp-json\/wp\/v2\/product_cat?post=1108"},{"taxonomy":"product_tag","embeddable":true,"href":"https:\/\/marketingads.co\/ups\/wp-json\/wp\/v2\/product_tag?post=1108"}],"curies":[{"name":"wp","href":"https:\/\/api.w.org\/{rel}","templated":true}]}}