{"id":1110,"date":"2025-07-29T18:45:26","date_gmt":"2025-07-29T23:45:26","guid":{"rendered":"https:\/\/marketingads.com.co\/ups\/?post_type=product&#038;p=1110"},"modified":"2025-07-29T18:47:41","modified_gmt":"2025-07-29T23:47:41","slug":"bateria-cdp-12v-38ah-slb","status":"publish","type":"product","link":"https:\/\/marketingads.co\/ups\/producto\/bateria-cdp-12v-38ah-slb\/","title":{"rendered":"BATER\u00cdA CDP 12V-38AH SLB"},"content":{"rendered":"<p>La BATER\u00cdA CDP 12V-38AH SLB, es una bater\u00eda de plomo-\u00e1cido dise\u00f1ada para un uso general, con una vida \u00fatil de 5 a\u00f1os en servicio flotante o m\u00e1s de 260 ciclos a 100% de descarga en el servicio de ciclo. Gracias a la \u00faltima tecnolog\u00eda y la materia prima de la m\u00e1s alta calidad, estas bater\u00edas garantizan una alta consistencia para un rendimiento \u00f3ptimo y un servicio confiable. Son ideales para una variedad de aplicaciones, incluyendo UPS\/EPS, equipos m\u00e9dicos, luces de emergencia y sistemas de seguridad.<\/p>\n<p>&nbsp;<\/p>\n<h2>Mantenimiento y precuaciones de la BATER\u00cdA CDP 12V-38AH SLB<\/h2>\n<h4>Servicio flotante:<\/h4>\n<ol>\n<li>Cada mes, es recomendable verificar los voltajes de la bateria.<\/li>\n<li>Cada tres meses, es recomendable igualar las cargas por una vez.<\/li>\n<\/ol>\n<h4>Aspectos relevantes que afectan las baterias:<\/h4>\n<ol>\n<li>Efecto de temperatura en voltaje de carga flotante.<\/li>\n<li>El ciclo de vida es directamente afectada por el numero de ciclos de descarga, profundidad de descarga, temperatura ambiente y voltaje de carga.<\/li>\n<\/ol>\n<p>&nbsp;<\/p>\n<h2>Aplicaciones en Diversos Sectores, Esta potente soluci\u00f3n encuentra su lugar en diversas industrias y negocios, como:<\/h2>\n<ul>\n<li>\ud83d\udcde <strong>Call Centers:<\/strong> Mant\u00e9n las comunicaciones ininterrumpidas y los datos protegidos durante cortes de energ\u00eda.<\/li>\n<li>\ud83d\udda5\ufe0f <strong>Servidores:<\/strong> Protege tus servidores y equipos de red para evitar p\u00e9rdidas de datos y tiempos de inactividad.<\/li>\n<li>\ud83c\udfe5 <strong>Sector M\u00e9dico:<\/strong> Asegura el funcionamiento continuo de equipos m\u00e9dicos y odontol\u00f3gicos cr\u00edticos para la atenci\u00f3n de pacientes.<\/li>\n<li>\ud83c\udfed <strong>Industria:<\/strong> Protege tus equipos industriales sensibles y evita da\u00f1os costosos debido a interrupciones de energ\u00eda.<\/li>\n<li>\ud83d\udc65 <strong>Empresas Medianas y Peque\u00f1as:<\/strong> Brinda tranquilidad a tu negocio sin importar su tama\u00f1o, asegurando la continuidad de operaciones esenciales.<\/li>\n<\/ul>\n<p>&nbsp;<\/p>\n<h3><strong>Recuerda que tambi\u00e9n contamos con el servicio de venta de equipos a nivel nacional:<\/strong><\/h3>\n<p>Venta <a href=\"https:\/\/upscomunicaciones.com\/categoria-producto\/ups-interactiva\/?swcfpc=1\">UPS<\/a> tipo torre, venta UPS interactiva, venta de UPS tipo rack, venta UPS Smart APC, venta UPS modular, venta UPS escalable, venta UPS online, UPS paralelo, UPS hibrida, UPS solar, Inversor Solar, UPS en serie, UPS contingencia, bater\u00edas secas, tarjetas de control <a href=\"https:\/\/es.wikipedia.org\/wiki\/Protocolo_simple_de_administraci%C3%B3n_de_red\">SNMP<\/a>, inversores y paneles solares.<\/p>\n","protected":false},"excerpt":{"rendered":"<p>Estas bater\u00edas destacan por ofrecer una alta consistencia en su rendimiento, lo que asegura un funcionamiento \u00f3ptimo y confiable a lo largo del tiempo.<\/p>\n","protected":false},"featured_media":1118,"template":"","meta":[],"product_brand":[133],"product_cat":[147,122],"product_tag":[134],"class_list":{"0":"post-1110","1":"product","2":"type-product","3":"status-publish","4":"has-post-thumbnail","6":"product_brand-cdp","7":"product_cat-baterias-cdp","8":"product_cat-baterias-secas","9":"product_tag-cdp","11":"first","12":"instock","13":"shipping-taxable","14":"product-type-simple"},"aioseo_notices":[],"_links":{"self":[{"href":"https:\/\/marketingads.co\/ups\/wp-json\/wp\/v2\/product\/1110","targetHints":{"allow":["GET"]}}],"collection":[{"href":"https:\/\/marketingads.co\/ups\/wp-json\/wp\/v2\/product"}],"about":[{"href":"https:\/\/marketingads.co\/ups\/wp-json\/wp\/v2\/types\/product"}],"wp:featuredmedia":[{"embeddable":true,"href":"https:\/\/marketingads.co\/ups\/wp-json\/wp\/v2\/media\/1118"}],"wp:attachment":[{"href":"https:\/\/marketingads.co\/ups\/wp-json\/wp\/v2\/media?parent=1110"}],"wp:term":[{"taxonomy":"product_brand","embeddable":true,"href":"https:\/\/marketingads.co\/ups\/wp-json\/wp\/v2\/product_brand?post=1110"},{"taxonomy":"product_cat","embeddable":true,"href":"https:\/\/marketingads.co\/ups\/wp-json\/wp\/v2\/product_cat?post=1110"},{"taxonomy":"product_tag","embeddable":true,"href":"https:\/\/marketingads.co\/ups\/wp-json\/wp\/v2\/product_tag?post=1110"}],"curies":[{"name":"wp","href":"https:\/\/api.w.org\/{rel}","templated":true}]}}