{"id":1111,"date":"2025-07-29T18:45:27","date_gmt":"2025-07-29T23:45:27","guid":{"rendered":"https:\/\/marketingads.com.co\/ups\/?post_type=product&#038;p=1111"},"modified":"2025-07-29T18:47:40","modified_gmt":"2025-07-29T23:47:40","slug":"bateria-cdp-12v-65ah-slb","status":"publish","type":"product","link":"https:\/\/marketingads.co\/ups\/producto\/bateria-cdp-12v-65ah-slb\/","title":{"rendered":"BATER\u00cdA CDP 12V-65AH SLB"},"content":{"rendered":"<p>La BATER\u00cdA CDP 12V-65AH SLB fabricada con tecnolog\u00eda VRLA, se destaca por su capacidad para resistir m\u00e1s de 260 ciclos de descarga al 100%, ofreciendo un rendimiento fiable y duradero. Con una corriente m\u00e1xima de descarga de 650 A durante 5 segundos y una resistencia interna de aproximadamente 6 miliohmios, garantiza una entrega de energ\u00eda eficiente y potente. Equipada con terminales de conexi\u00f3n F5\/F11 y una cubierta de material ABS UL94-HB (con opci\u00f3n a UL9A-V0), esta bater\u00eda se adapta a una variedad de entornos.<\/p>\n<p>&nbsp;<\/p>\n<h2>Caracteristicas mas relevantes de la BATER\u00cdA CDP 12V-65AH SLB:<\/h2>\n<ol>\n<li>Corriente de carga maxima recomendada 19.5 A.<\/li>\n<li>Corriente maxima de descarga 650 A(5 seg).<\/li>\n<li>Resistencia interna de aproximadamente 6 miliohmios.<\/li>\n<li>terminales de conexion F5\/F11.<\/li>\n<li>Material de la cubierta ABS UL94-HB, UL9A-V0 opcional.<\/li>\n<li>Cada tres meses es recomendable igualar las cargas por una vez.<\/li>\n<li>Bateria completamente sellada y libre de mantenimiento, hechas con tecnologia VRLA.<\/li>\n<li>Tiene la capacidad de resisitir mas de 260 ciclos de descarga al 100%.<\/li>\n<li>Autodescarga menor al 3% por mes a 25\u00b0C.<\/li>\n<\/ol>\n<p>&nbsp;<\/p>\n<h2>Aplicaciones en Diversos Sectores, Esta potente soluci\u00f3n encuentra su lugar en diversas industrias y negocios, como:<\/h2>\n<ul>\n<li>\ud83d\udcde <strong>Call Centers:<\/strong> Mant\u00e9n las comunicaciones ininterrumpidas y los datos protegidos durante cortes de energ\u00eda.<\/li>\n<li>\ud83d\udda5\ufe0f <strong>Servidores:<\/strong> Protege tus servidores y equipos de red para evitar p\u00e9rdidas de datos y tiempos de inactividad.<\/li>\n<li>\ud83c\udfe5 <strong>Sector M\u00e9dico:<\/strong> Asegura el funcionamiento continuo de equipos m\u00e9dicos y odontol\u00f3gicos cr\u00edticos para la atenci\u00f3n de pacientes.<\/li>\n<li>\ud83c\udfed <strong>Industria:<\/strong> Protege tus equipos industriales sensibles y evita da\u00f1os costosos debido a interrupciones de energ\u00eda.<\/li>\n<li>\ud83d\udc65 <strong>Empresas Medianas y Peque\u00f1as:<\/strong> Brinda tranquilidad a tu negocio sin importar su tama\u00f1o, asegurando la continuidad de operaciones esenciales.<\/li>\n<\/ul>\n<p>&nbsp;<\/p>\n<h3><strong>Recuerda que tambi\u00e9n contamos con el servicio de venta de equipos a nivel nacional:<\/strong><\/h3>\n<p>Venta <a href=\"https:\/\/upscomunicaciones.com\/categoria-producto\/ups-interactiva\/?swcfpc=1\">UPS<\/a> tipo torre, venta UPS interactiva, venta de UPS tipo rack, venta UPS Smart APC, venta UPS modular, venta UPS escalable, venta UPS online, UPS paralelo, UPS hibrida, UPS solar, Inversor Solar, UPS en serie, UPS contingencia, bater\u00edas secas, tarjetas de control <a href=\"https:\/\/es.wikipedia.org\/wiki\/Protocolo_simple_de_administraci%C3%B3n_de_red\">SNMP<\/a>, inversores y paneles solares.<\/p>\n","protected":false},"excerpt":{"rendered":"<p>Con una cubierta de material ABS UL94-HB y la opci\u00f3n de UL9A-V0, estas bater\u00edas son completamente selladas y libres de mantenimiento, ofreciendo una larga vida \u00fatil y una autodescarga mensual menor al 3% a 25\u00b0C.<\/p>\n","protected":false},"featured_media":1119,"template":"","meta":[],"product_brand":[133],"product_cat":[147,122],"product_tag":[134],"class_list":{"0":"post-1111","1":"product","2":"type-product","3":"status-publish","4":"has-post-thumbnail","6":"product_brand-cdp","7":"product_cat-baterias-cdp","8":"product_cat-baterias-secas","9":"product_tag-cdp","11":"first","12":"instock","13":"shipping-taxable","14":"product-type-simple"},"aioseo_notices":[],"_links":{"self":[{"href":"https:\/\/marketingads.co\/ups\/wp-json\/wp\/v2\/product\/1111","targetHints":{"allow":["GET"]}}],"collection":[{"href":"https:\/\/marketingads.co\/ups\/wp-json\/wp\/v2\/product"}],"about":[{"href":"https:\/\/marketingads.co\/ups\/wp-json\/wp\/v2\/types\/product"}],"wp:featuredmedia":[{"embeddable":true,"href":"https:\/\/marketingads.co\/ups\/wp-json\/wp\/v2\/media\/1119"}],"wp:attachment":[{"href":"https:\/\/marketingads.co\/ups\/wp-json\/wp\/v2\/media?parent=1111"}],"wp:term":[{"taxonomy":"product_brand","embeddable":true,"href":"https:\/\/marketingads.co\/ups\/wp-json\/wp\/v2\/product_brand?post=1111"},{"taxonomy":"product_cat","embeddable":true,"href":"https:\/\/marketingads.co\/ups\/wp-json\/wp\/v2\/product_cat?post=1111"},{"taxonomy":"product_tag","embeddable":true,"href":"https:\/\/marketingads.co\/ups\/wp-json\/wp\/v2\/product_tag?post=1111"}],"curies":[{"name":"wp","href":"https:\/\/api.w.org\/{rel}","templated":true}]}}