{"id":1112,"date":"2025-07-29T18:45:28","date_gmt":"2025-07-29T23:45:28","guid":{"rendered":"https:\/\/marketingads.com.co\/ups\/?post_type=product&#038;p=1112"},"modified":"2025-07-29T18:47:40","modified_gmt":"2025-07-29T23:47:40","slug":"bateria-cdp-12v-80ah-slb","status":"publish","type":"product","link":"https:\/\/marketingads.co\/ups\/producto\/bateria-cdp-12v-80ah-slb\/","title":{"rendered":"BATER\u00cdA CDP 12V-80AH SLB"},"content":{"rendered":"<p>Las BATER\u00cdA CDP 12V-80AH SLB, estan dise\u00f1adas con tecnolog\u00eda VRLA, destacan por su alta confiabilidad y estabilidad, selladas y libres de mantenimiento. Con una rejilla de alta resistencia y montaje mecanizado, ofrecen un dise\u00f1o de larga duraci\u00f3n y baja autodescarga. Su composici\u00f3n no derramable garantiza seguridad, mientras que el separador de fibra de vidrio y la v\u00e1lvula de seguridad EPDR a\u00f1aden protecci\u00f3n extra.<\/p>\n<p>&nbsp;<\/p>\n<h2>Caracteristicas principales de la BATER\u00cdA CDP 12V-80AH SLB:<\/h2>\n<ol>\n<li>Rejilla de alta resistencia.<\/li>\n<li>Montaje mecanizado.<\/li>\n<li>composicion no derramable por su tecnologia VRLA.<\/li>\n<li>Alta confiabilidad y estabilidad.<\/li>\n<li>sellada y libre de mantenimiento.<\/li>\n<li>Dise\u00f1o de larga duracion y baja autodescarga.<\/li>\n<li>Estan dise\u00f1adas con placas de alto rendimiento y electrolitos para proporcionar la salida de potencia adicional.<\/li>\n<li>separador de fibra de vidrio.<\/li>\n<li>Valvula de seguridad EPDR.<\/li>\n<li>Terminal de cobre.<\/li>\n<li>Idealas para sistemas electricos de emergencia, equipos medicos, herramientas electricas y sistemas de telecomunicaciones.<\/li>\n<\/ol>\n<p>&nbsp;<\/p>\n<h2>Aplicaciones en Diversos Sectores, Esta potente soluci\u00f3n encuentra su lugar en diversas industrias y negocios, como:<\/h2>\n<ul>\n<li>\ud83d\udcde <strong>Call Centers:<\/strong> Mant\u00e9n las comunicaciones ininterrumpidas y los datos protegidos durante cortes de energ\u00eda.<\/li>\n<li>\ud83d\udda5\ufe0f <strong>Servidores:<\/strong> Protege tus servidores y equipos de red para evitar p\u00e9rdidas de datos y tiempos de inactividad.<\/li>\n<li>\ud83c\udfe5 <strong>Sector M\u00e9dico:<\/strong> Asegura el funcionamiento continuo de equipos m\u00e9dicos y odontol\u00f3gicos cr\u00edticos para la atenci\u00f3n de pacientes.<\/li>\n<li>\ud83c\udfed <strong>Industria:<\/strong> Protege tus equipos industriales sensibles y evita da\u00f1os costosos debido a interrupciones de energ\u00eda.<\/li>\n<li>\ud83d\udc65 <strong>Empresas Medianas y Peque\u00f1as:<\/strong> Brinda tranquilidad a tu negocio sin importar su tama\u00f1o, asegurando la continuidad de operaciones esenciales.<\/li>\n<\/ul>\n<p>&nbsp;<\/p>\n<h3><strong>Recuerda que tambi\u00e9n contamos con el servicio de venta de equipos a nivel nacional:<\/strong><\/h3>\n<p>Venta <a href=\"https:\/\/upscomunicaciones.com\/categoria-producto\/ups-interactiva\/?swcfpc=1\">UPS<\/a> tipo torre, venta UPS interactiva, venta de UPS tipo rack, venta UPS Smart APC, venta UPS modular, venta UPS escalable, venta UPS online, UPS paralelo, UPS hibrida, UPS solar, Inversor Solar, UPS en serie, UPS contingencia, bater\u00edas secas, tarjetas de control <a href=\"https:\/\/es.wikipedia.org\/wiki\/Protocolo_simple_de_administraci%C3%B3n_de_red\">SNMP<\/a>, inversores y paneles solares.<\/p>\n","protected":false},"excerpt":{"rendered":"<p>Est\u00e1n dise\u00f1adas con tecnolog\u00eda AGM (Absorbent Glass Mat), placas de alto rendimiento y electrolitos para proporcionar la salida de potencia adicional para el sistema de copia de seguridad de potencia com\u00fan.<\/p>\n","protected":false},"featured_media":1120,"template":"","meta":[],"product_brand":[133],"product_cat":[147,122],"product_tag":[134],"class_list":{"0":"post-1112","1":"product","2":"type-product","3":"status-publish","4":"has-post-thumbnail","6":"product_brand-cdp","7":"product_cat-baterias-cdp","8":"product_cat-baterias-secas","9":"product_tag-cdp","11":"first","12":"instock","13":"shipping-taxable","14":"product-type-simple"},"aioseo_notices":[],"_links":{"self":[{"href":"https:\/\/marketingads.co\/ups\/wp-json\/wp\/v2\/product\/1112","targetHints":{"allow":["GET"]}}],"collection":[{"href":"https:\/\/marketingads.co\/ups\/wp-json\/wp\/v2\/product"}],"about":[{"href":"https:\/\/marketingads.co\/ups\/wp-json\/wp\/v2\/types\/product"}],"wp:featuredmedia":[{"embeddable":true,"href":"https:\/\/marketingads.co\/ups\/wp-json\/wp\/v2\/media\/1120"}],"wp:attachment":[{"href":"https:\/\/marketingads.co\/ups\/wp-json\/wp\/v2\/media?parent=1112"}],"wp:term":[{"taxonomy":"product_brand","embeddable":true,"href":"https:\/\/marketingads.co\/ups\/wp-json\/wp\/v2\/product_brand?post=1112"},{"taxonomy":"product_cat","embeddable":true,"href":"https:\/\/marketingads.co\/ups\/wp-json\/wp\/v2\/product_cat?post=1112"},{"taxonomy":"product_tag","embeddable":true,"href":"https:\/\/marketingads.co\/ups\/wp-json\/wp\/v2\/product_tag?post=1112"}],"curies":[{"name":"wp","href":"https:\/\/api.w.org\/{rel}","templated":true}]}}