{"id":1113,"date":"2025-07-29T18:45:29","date_gmt":"2025-07-29T23:45:29","guid":{"rendered":"https:\/\/marketingads.com.co\/ups\/?post_type=product&#038;p=1113"},"modified":"2025-07-29T18:47:55","modified_gmt":"2025-07-29T23:47:55","slug":"bateria-cdp-12v-100ah-slb","status":"publish","type":"product","link":"https:\/\/marketingads.co\/ups\/producto\/bateria-cdp-12v-100ah-slb\/","title":{"rendered":"BATER\u00cdA CDP 12V-100AH SLB"},"content":{"rendered":"<p>La BATER\u00cdA CDP 12V-100AH SLB esta dise\u00f1ada para proporcionar un servicio confiable durante 260 ciclos de descarga completa, gracias a su construcci\u00f3n con rejillas robustas y material activo personalizado,ofrece una vida \u00fatil un 30 % m\u00e1s prolongada que las bater\u00edas convencionales. Su rendimiento superior la hace ideal para una variedad de aplicaciones, como sistemas de energ\u00eda solar, aplicaciones marinas y veh\u00edculos recreativos, entre otros.<\/p>\n<p>&nbsp;<\/p>\n<h2>Caracteristicas mas relevantes de la BATER\u00cdA CDP 12V-100AH SLB:<\/h2>\n<ol>\n<li>Peso aproximado 29 Kg.<\/li>\n<li>Corriente de carga maxima recomendada 30A.<\/li>\n<li>Terminal de conexion F5\/F12.<\/li>\n<li>Voltaje de carga flotante 13.6 a 13.8 VDC.<\/li>\n<li>Material de la cubierta ABS UL94-HB.<\/li>\n<\/ol>\n<p>&nbsp;<\/p>\n<h3>Precuaciones:<\/h3>\n<ol>\n<li>Evite las sobrecarga en las baterias, especialmente en conexion en serie.<\/li>\n<li>La descarga y la manera en que se carga la bateria\u00a0 son factores que pueden afectarla.<\/li>\n<li>Evite fuertes incrementos en la temperatura ambiente.<\/li>\n<li>cargue la bateria con el voltaje recomendado y asegure que la bateria puede ser cargada completamente.<\/li>\n<\/ol>\n<p>&nbsp;<\/p>\n<p>&nbsp;<\/p>\n<h2>Aplicaciones en Diversos Sectores, Esta potente soluci\u00f3n encuentra su lugar en diversas industrias y negocios, como:<\/h2>\n<ul>\n<li>\ud83d\udcde <strong>Call Centers:<\/strong> Mant\u00e9n las comunicaciones ininterrumpidas y los datos protegidos durante cortes de energ\u00eda.<\/li>\n<li>\ud83d\udda5\ufe0f <strong>Servidores:<\/strong> Protege tus servidores y equipos de red para evitar p\u00e9rdidas de datos y tiempos de inactividad.<\/li>\n<li>\ud83c\udfe5 <strong>Sector M\u00e9dico:<\/strong> Asegura el funcionamiento continuo de equipos m\u00e9dicos y odontol\u00f3gicos cr\u00edticos para la atenci\u00f3n de pacientes.<\/li>\n<li>\ud83c\udfed <strong>Industria:<\/strong> Protege tus equipos industriales sensibles y evita da\u00f1os costosos debido a interrupciones de energ\u00eda.<\/li>\n<li>\ud83d\udc65 <strong>Empresas Medianas y Peque\u00f1as:<\/strong> Brinda tranquilidad a tu negocio sin importar su tama\u00f1o, asegurando la continuidad de operaciones esenciales.<\/li>\n<\/ul>\n<p>&nbsp;<\/p>\n<h3><strong>Recuerda que tambi\u00e9n contamos con el servicio de venta de equipos a nivel nacional:<\/strong><\/h3>\n<p>Venta <a href=\"https:\/\/upscomunicaciones.com\/categoria-producto\/ups-interactiva\/?swcfpc=1\">UPS<\/a> tipo torre, venta UPS interactiva, venta de UPS tipo rack, venta UPS Smart APC, venta UPS modular, venta UPS escalable, venta UPS online, UPS paralelo, UPS hibrida, UPS solar, Inversor Solar, UPS en serie, UPS contingencia, bater\u00edas secas, tarjetas de control <a href=\"https:\/\/es.wikipedia.org\/wiki\/Protocolo_simple_de_administraci%C3%B3n_de_red\">SNMP<\/a>, inversores y paneles solares.<\/p>\n","protected":false},"excerpt":{"rendered":"<p>Su rendimiento superior la hace ideal para diversas aplicaciones, como sistemas de energ\u00eda solar, aplicaciones marinas y veh\u00edculos recreativos, entre otros. Con un peso aproximado de 29 kg y una corriente de carga m\u00e1xima recomendada de 30A, cuenta con terminales de conexi\u00f3n F5\/F12 y un voltaje de carga flotante entre 13.6 y 13.8 VDC.<\/p>\n","protected":false},"featured_media":1121,"template":"","meta":[],"product_brand":[133],"product_cat":[147,122],"product_tag":[134],"class_list":{"0":"post-1113","1":"product","2":"type-product","3":"status-publish","4":"has-post-thumbnail","6":"product_brand-cdp","7":"product_cat-baterias-cdp","8":"product_cat-baterias-secas","9":"product_tag-cdp","11":"first","12":"instock","13":"shipping-taxable","14":"product-type-simple"},"aioseo_notices":[],"_links":{"self":[{"href":"https:\/\/marketingads.co\/ups\/wp-json\/wp\/v2\/product\/1113","targetHints":{"allow":["GET"]}}],"collection":[{"href":"https:\/\/marketingads.co\/ups\/wp-json\/wp\/v2\/product"}],"about":[{"href":"https:\/\/marketingads.co\/ups\/wp-json\/wp\/v2\/types\/product"}],"wp:featuredmedia":[{"embeddable":true,"href":"https:\/\/marketingads.co\/ups\/wp-json\/wp\/v2\/media\/1121"}],"wp:attachment":[{"href":"https:\/\/marketingads.co\/ups\/wp-json\/wp\/v2\/media?parent=1113"}],"wp:term":[{"taxonomy":"product_brand","embeddable":true,"href":"https:\/\/marketingads.co\/ups\/wp-json\/wp\/v2\/product_brand?post=1113"},{"taxonomy":"product_cat","embeddable":true,"href":"https:\/\/marketingads.co\/ups\/wp-json\/wp\/v2\/product_cat?post=1113"},{"taxonomy":"product_tag","embeddable":true,"href":"https:\/\/marketingads.co\/ups\/wp-json\/wp\/v2\/product_tag?post=1113"}],"curies":[{"name":"wp","href":"https:\/\/api.w.org\/{rel}","templated":true}]}}