{"id":1124,"date":"2025-07-29T18:55:30","date_gmt":"2025-07-29T23:55:30","guid":{"rendered":"https:\/\/marketingads.com.co\/ups\/?post_type=product&#038;p=1124"},"modified":"2025-07-29T18:57:38","modified_gmt":"2025-07-29T23:57:38","slug":"baterias-vme-12v-5ah-fl1250","status":"publish","type":"product","link":"https:\/\/marketingads.co\/ups\/producto\/baterias-vme-12v-5ah-fl1250\/","title":{"rendered":"BATER\u00cdAS VME 12V-5AH FL1250"},"content":{"rendered":"<p>BATER\u00cdAS VME FL12V-5AH es dise\u00f1ada con AGM (Absorbent Glass Mat) y es usada para aplicaciones generales como UPS, telecomunicaciones, usos el\u00e9ctricos y generales.<\/p>\n<p>La vida \u00fatil de las bater\u00edas hasta 26AH es 3~5 a\u00f1os, y la de las bater\u00edas de capacidad de m\u00e1s de 33Ah es de 8~10 a\u00f1os.<\/p>\n<p>Esta serie de bater\u00edas cumple con las normas internacionales como IEC896- 2, BS6290- 4 y la norma de la Asociaci\u00f3n de Fabricantes de Bater\u00eda El\u00e9ctrica de Europea. La cubierta de ABS de esta serie de bater\u00eda tiene un grado retardante al fuego V0<\/p>\n<p>&nbsp;<\/p>\n<h2><strong>Caracter\u00edsticas BATER\u00cdAS VME FL12V-5AH:\u00a0<\/strong><\/h2>\n<ol>\n<li>Selladas y libres de mantenimiento.<\/li>\n<li>Dise\u00f1o libre de oxidaci\u00f3n.<\/li>\n<li>Cubierta ABS disponible de UL94HB, UL94V-0.<\/li>\n<li>Instalaci\u00f3n de v\u00e1lvula de seguridad prueba de explosiones.<\/li>\n<li>Alta calidad y alta confiabilidad.<\/li>\n<li>Recuperaci\u00f3n de descarga profunda excepcionales.<\/li>\n<li>Dise\u00f1o flexible para la instalaci\u00f3n en diferentes posiciones.<\/li>\n<\/ol>\n<p>&nbsp;<\/p>\n<h3>Aplicaciones en Diversos Sectores, Esta potente soluci\u00f3n encuentra su lugar en diversas industrias y negocios, como:<\/h3>\n<ul>\n<li>\ud83d\udcde <strong>Call Centers:<\/strong> Mant\u00e9n las comunicaciones ininterrumpidas y los datos protegidos durante cortes de energ\u00eda.<\/li>\n<li>\ud83d\udda5\ufe0f <strong>Servidores:<\/strong> Protege tus servidores y equipos de red para evitar p\u00e9rdidas de datos y tiempos de inactividad.<\/li>\n<li>\ud83c\udfe5 <strong>Sector M\u00e9dico:<\/strong> Asegura el funcionamiento continuo de equipos m\u00e9dicos y odontol\u00f3gicos cr\u00edticos para la atenci\u00f3n de pacientes.<\/li>\n<li>\ud83c\udfed <strong>Industria:<\/strong> Protege tus equipos industriales sensibles y evita da\u00f1os costosos debido a interrupciones de energ\u00eda.<\/li>\n<li>\ud83d\udc65 <strong>Empresas Medianas y Peque\u00f1as:<\/strong> Brinda tranquilidad a tu negocio sin importar su tama\u00f1o, asegurando la continuidad de operaciones esenciales.<\/li>\n<\/ul>\n<p>&nbsp;<\/p>\n<h4><strong>Recuerda que tambi\u00e9n contamos con el servicio de venta de equipos a nivel nacional:<\/strong><\/h4>\n<p>Venta <a href=\"https:\/\/upscomunicaciones.com\/categoria-producto\/ups-online\/?swcfpc=1\">UPS<\/a> tipo torre, venta UPS interactiva, venta de UPS tipo rack, venta UPS Smart APC, venta UPS modular, venta UPS escalable, venta UPS online, UPS paralelo, UPS hibrida, UPS solar, Inversor Solar, UPS en serie, UPS contingencia, bater\u00edas secas, tarjetas de control SNMP, inversores y <a href=\"https:\/\/es.wikipedia.org\/wiki\/Panel_solar\">paneles solares<\/a>.<\/p>\n<p>&nbsp;<\/p>\n","protected":false},"excerpt":{"rendered":"<h2>BATER\u00cdAS VME FL12V-5AH<\/h2>\n<p>Son bater\u00edas dise\u00f1adas con tecnolog\u00eda AGM (Absorbent Glass Mat) y se utilizan en diversas aplicaciones, como UPS, telecomunicaciones y usos el\u00e9ctricos generales. Tienen una vida \u00fatil de 3 a 5 a\u00f1os y cumplen con est\u00e1ndares internacionales como IEC896-2, BS6290-4 y las normas de la Asociaci\u00f3n de Fabricantes de Bater\u00eda El\u00e9ctrica de Europa. Adem\u00e1s, cuentan con una cubierta de ABS con grado retardante al fuego V0 y presentan caracter\u00edsticas como ser selladas, libres de mantenimiento, resistentes a la oxidaci\u00f3n, y ofrecen una alta confiabilidad, recuperaci\u00f3n excepcional de descarga profunda y flexibilidad de instalaci\u00f3n en diferentes posiciones, junto con una v\u00e1lvula de seguridad a prueba de explosiones.<\/p>\n","protected":false},"featured_media":1139,"template":"","meta":[],"product_brand":[131],"product_cat":[122,146],"product_tag":[161,137],"class_list":{"0":"post-1124","1":"product","2":"type-product","3":"status-publish","4":"has-post-thumbnail","6":"product_brand-vme","7":"product_cat-baterias-secas","8":"product_cat-baterias-vme","9":"product_tag-baterias-secas","10":"product_tag-vertiv","12":"first","13":"instock","14":"shipping-taxable","15":"product-type-simple"},"aioseo_notices":[],"_links":{"self":[{"href":"https:\/\/marketingads.co\/ups\/wp-json\/wp\/v2\/product\/1124","targetHints":{"allow":["GET"]}}],"collection":[{"href":"https:\/\/marketingads.co\/ups\/wp-json\/wp\/v2\/product"}],"about":[{"href":"https:\/\/marketingads.co\/ups\/wp-json\/wp\/v2\/types\/product"}],"wp:featuredmedia":[{"embeddable":true,"href":"https:\/\/marketingads.co\/ups\/wp-json\/wp\/v2\/media\/1139"}],"wp:attachment":[{"href":"https:\/\/marketingads.co\/ups\/wp-json\/wp\/v2\/media?parent=1124"}],"wp:term":[{"taxonomy":"product_brand","embeddable":true,"href":"https:\/\/marketingads.co\/ups\/wp-json\/wp\/v2\/product_brand?post=1124"},{"taxonomy":"product_cat","embeddable":true,"href":"https:\/\/marketingads.co\/ups\/wp-json\/wp\/v2\/product_cat?post=1124"},{"taxonomy":"product_tag","embeddable":true,"href":"https:\/\/marketingads.co\/ups\/wp-json\/wp\/v2\/product_tag?post=1124"}],"curies":[{"name":"wp","href":"https:\/\/api.w.org\/{rel}","templated":true}]}}