{"id":1126,"date":"2025-07-29T18:55:32","date_gmt":"2025-07-29T23:55:32","guid":{"rendered":"https:\/\/marketingads.com.co\/ups\/?post_type=product&#038;p=1126"},"modified":"2025-07-29T18:57:37","modified_gmt":"2025-07-29T23:57:37","slug":"baterias-vme-12v-9ah-fl1290","status":"publish","type":"product","link":"https:\/\/marketingads.co\/ups\/producto\/baterias-vme-12v-9ah-fl1290\/","title":{"rendered":"BATER\u00cdAS VME 12V-9AH FL1290"},"content":{"rendered":"<p>Las BATER\u00cdAS VME FL12V-9AH presentan una serie de caracter\u00edsticas que las hacen muy atractivas para diversas aplicaciones. En primer lugar, son selladas y libres de mantenimiento, lo que significa que no necesitan ser llenadas con agua y no requieren un mantenimiento regular, lo que simplifica su uso. Adem\u00e1s, tienen un dise\u00f1o libre de oxidaci\u00f3n, lo que prolonga su vida \u00fatil y garantiza un rendimiento constante a lo largo del tiempo.<\/p>\n<p>&nbsp;<\/p>\n<h2><strong>Caracter\u00edsticas BATER\u00cdAS VME FL12V-9AH:<\/strong><\/h2>\n<ol>\n<li>Selladas y libres de mantenimiento.<\/li>\n<li>Dise\u00f1o libre de oxidaci\u00f3n.<\/li>\n<li>Cubierta ABS disponible de UL94HB, UL94V-0.<\/li>\n<li>Instalaci\u00f3n de v\u00e1lvula de seguridad prueba de explosiones.<\/li>\n<li>Alta calidad y alta confiabilidad.<\/li>\n<li>Recuperaci\u00f3n de descarga profunda excepcionales.<\/li>\n<li>Dise\u00f1o flexible para la instalaci\u00f3n en diferentes posiciones.<\/li>\n<\/ol>\n<p>&nbsp;<\/p>\n<h2>Aplicaciones en Diversos Sectores, Esta potente soluci\u00f3n encuentra su lugar en diversas industrias y negocios, como:<\/h2>\n<ul>\n<li>\ud83d\udcde <strong>Call Centers:<\/strong> Mant\u00e9n las comunicaciones ininterrumpidas y los datos protegidos durante cortes de energ\u00eda.<\/li>\n<li>\ud83d\udda5\ufe0f <strong>Servidores:<\/strong> Protege tus servidores y equipos de red para evitar p\u00e9rdidas de datos y tiempos de inactividad.<\/li>\n<li>\ud83c\udfe5 <strong>Sector M\u00e9dico:<\/strong> Asegura el funcionamiento continuo de equipos m\u00e9dicos y odontol\u00f3gicos cr\u00edticos para la atenci\u00f3n de pacientes.<\/li>\n<li>\ud83c\udfed <strong>Industria:<\/strong> Protege tus equipos industriales sensibles y evita da\u00f1os costosos debido a interrupciones de energ\u00eda.<\/li>\n<li>\ud83d\udc65 <strong>Empresas Medianas y Peque\u00f1as:<\/strong> Brinda tranquilidad a tu negocio sin importar su tama\u00f1o, asegurando la continuidad de operaciones esenciales.<\/li>\n<\/ul>\n<p>&nbsp;<\/p>\n<h3><strong>Recuerda que tambi\u00e9n contamos con el servicio de venta de equipos a nivel nacional:<\/strong><\/h3>\n<p>Venta <a href=\"https:\/\/upscomunicaciones.com\/categoria-producto\/ups-online\/?swcfpc=1\">UPS<\/a> tipo torre, venta UPS interactiva, venta de UPS tipo rack, venta UPS Smart APC, venta UPS modular, venta UPS escalable, venta UPS online, UPS paralelo, UPS hibrida, UPS solar, Inversor Solar, UPS en serie, UPS contingencia, bater\u00edas secas, tarjetas de control SNMP, inversores y <a href=\"https:\/\/es.wikipedia.org\/wiki\/Panel_solar\">paneles solares<\/a>.<\/p>\n","protected":false},"excerpt":{"rendered":"<h2>BATER\u00cdAS VME FL12V-9AH<\/h2>\n<p>La alta calidad y alta confiabilidad son dos aspectos fundamentales de estas bater\u00edas, lo que significa que son duraderas y pueden contar con un rendimiento constante incluso en condiciones exigentes. Adem\u00e1s, estas bater\u00edas ofrecen una excepcional capacidad de recuperaci\u00f3n de descarga profunda, lo que significa que pueden soportar descargas de energ\u00eda intensas y seguir funcionando de manera efectiva.<\/p>\n<p>Su dise\u00f1o flexible para la instalaci\u00f3n en diferentes posiciones las hace vers\u00e1tiles y adaptables a una variedad de configuraciones y espacios, lo que facilita su integraci\u00f3n en diferentes aplicaciones y sistemas.<\/p>\n","protected":false},"featured_media":1142,"template":"","meta":[],"product_brand":[131],"product_cat":[122,146],"product_tag":[161,137],"class_list":{"0":"post-1126","1":"product","2":"type-product","3":"status-publish","4":"has-post-thumbnail","6":"product_brand-vme","7":"product_cat-baterias-secas","8":"product_cat-baterias-vme","9":"product_tag-baterias-secas","10":"product_tag-vertiv","12":"first","13":"instock","14":"shipping-taxable","15":"product-type-simple"},"aioseo_notices":[],"_links":{"self":[{"href":"https:\/\/marketingads.co\/ups\/wp-json\/wp\/v2\/product\/1126","targetHints":{"allow":["GET"]}}],"collection":[{"href":"https:\/\/marketingads.co\/ups\/wp-json\/wp\/v2\/product"}],"about":[{"href":"https:\/\/marketingads.co\/ups\/wp-json\/wp\/v2\/types\/product"}],"wp:featuredmedia":[{"embeddable":true,"href":"https:\/\/marketingads.co\/ups\/wp-json\/wp\/v2\/media\/1142"}],"wp:attachment":[{"href":"https:\/\/marketingads.co\/ups\/wp-json\/wp\/v2\/media?parent=1126"}],"wp:term":[{"taxonomy":"product_brand","embeddable":true,"href":"https:\/\/marketingads.co\/ups\/wp-json\/wp\/v2\/product_brand?post=1126"},{"taxonomy":"product_cat","embeddable":true,"href":"https:\/\/marketingads.co\/ups\/wp-json\/wp\/v2\/product_cat?post=1126"},{"taxonomy":"product_tag","embeddable":true,"href":"https:\/\/marketingads.co\/ups\/wp-json\/wp\/v2\/product_tag?post=1126"}],"curies":[{"name":"wp","href":"https:\/\/api.w.org\/{rel}","templated":true}]}}