{"id":1128,"date":"2025-07-29T18:55:34","date_gmt":"2025-07-29T23:55:34","guid":{"rendered":"https:\/\/marketingads.com.co\/ups\/?post_type=product&#038;p=1128"},"modified":"2025-07-29T18:57:36","modified_gmt":"2025-07-29T23:57:36","slug":"baterias-vme-fl12v-18ah","status":"publish","type":"product","link":"https:\/\/marketingads.co\/ups\/producto\/baterias-vme-fl12v-18ah\/","title":{"rendered":"BATER\u00cdAS VME FL12V-18AH"},"content":{"rendered":"<p>Las BATER\u00cdAS VME FL12V-18AH destacan por su conjunto de caracter\u00edsticas excepcionales. Son selladas y no requieren mantenimiento constante, lo que simplifica su uso en una variedad de aplicaciones. Adem\u00e1s, su dise\u00f1o resistente a la oxidaci\u00f3n prolonga su vida \u00fatil, y la opci\u00f3n de cubierta ABS con clasificaci\u00f3n UL94HB o UL94V-0 brinda una mayor seguridad en situaciones cr\u00edticas. Estas bater\u00edas est\u00e1n equipadas con v\u00e1lvulas de seguridad a prueba de explosiones, lo que las hace seguras en condiciones extremas.<\/p>\n<p>&nbsp;<\/p>\n<h2><strong>Caracter\u00edsticas de las BATER\u00cdAS VME FL12V-18AH:<\/strong><\/h2>\n<ol>\n<li>Selladas y libres de mantenimiento.<\/li>\n<li>Dise\u00f1o libre de oxidaci\u00f3n.<\/li>\n<li>Cubierta ABS disponible de UL94HB, UL94V-0.<\/li>\n<li>Instalaci\u00f3n de v\u00e1lvula de seguridad prueba de explosiones.<\/li>\n<li>Alta calidad y alta confiabilidad.<\/li>\n<li>Recuperaci\u00f3n de descarga profunda excepcionales.<\/li>\n<li>Dise\u00f1o flexible para la instalaci\u00f3n en diferentes posiciones.<\/li>\n<\/ol>\n<p>&nbsp;<\/p>\n<h3>Aplicaciones en Diversos Sectores, Esta potente soluci\u00f3n encuentra su lugar en diversas industrias y negocios, como:<\/h3>\n<ul>\n<li>\ud83d\udcde <strong>Call Centers:<\/strong> Mant\u00e9n las comunicaciones ininterrumpidas y los datos protegidos durante cortes de energ\u00eda.<\/li>\n<li>\ud83d\udda5\ufe0f <strong>Servidores:<\/strong> Protege tus servidores y equipos de red para evitar p\u00e9rdidas de datos y tiempos de inactividad.<\/li>\n<li>\ud83c\udfe5 <strong>Sector M\u00e9dico:<\/strong> Asegura el funcionamiento continuo de equipos m\u00e9dicos y odontol\u00f3gicos cr\u00edticos para la atenci\u00f3n de pacientes.<\/li>\n<li>\ud83c\udfed <strong>Industria:<\/strong> Protege tus equipos industriales sensibles y evita da\u00f1os costosos debido a interrupciones de energ\u00eda.<\/li>\n<li>\ud83d\udc65 <strong>Empresas Medianas y Peque\u00f1as:<\/strong> Brinda tranquilidad a tu negocio sin importar su tama\u00f1o, asegurando la continuidad de operaciones esenciales.<\/li>\n<\/ul>\n<h4><\/h4>\n<h4><strong>Recuerda que tambi\u00e9n contamos con el servicio de venta de equipos a nivel nacional:<\/strong><\/h4>\n<p>Venta <a href=\"https:\/\/upscomunicaciones.com\/categoria-producto\/ups-online\/?swcfpc=1\">UPS<\/a> tipo torre, venta UPS interactiva, venta de UPS tipo rack, venta UPS Smart APC, venta UPS modular, venta UPS escalable, venta UPS online, UPS paralelo, UPS hibrida, UPS solar, Inversor Solar, UPS en serie, UPS contingencia, bater\u00edas secas, tarjetas de control SNMP, inversores y <a href=\"https:\/\/es.wikipedia.org\/wiki\/Panel_solar\">paneles solares<\/a>.<\/p>\n","protected":false},"excerpt":{"rendered":"<h2>BATER\u00cdAS VME FL12V-18AH<\/h2>\n<p>Estas bater\u00edas son vers\u00e1tiles y encuentran aplicaci\u00f3n en varios sectores, desde call centers que requieren comunicaciones ininterrumpidas hasta servidores que deben protegerse contra p\u00e9rdidas de datos. En el sector m\u00e9dico, garantizan el funcionamiento continuo de equipos cr\u00edticos para la atenci\u00f3n de pacientes, y en la industria, protegen equipos sensibles y evitan costosos da\u00f1os debidos a interrupciones de energ\u00eda. Adem\u00e1s, ofrecen tranquilidad a empresas de diferentes tama\u00f1os, asegurando la continuidad de operaciones esenciales sin importar su escala. En resumen, las BATER\u00cdAS VME FL12V-18AH son una soluci\u00f3n confiable y vers\u00e1til que se adapta a diversas necesidades en una amplia gama de industrias y negocios.<\/p>\n","protected":false},"featured_media":1146,"template":"","meta":[],"product_brand":[131],"product_cat":[122,146],"product_tag":[161,137],"class_list":{"0":"post-1128","1":"product","2":"type-product","3":"status-publish","4":"has-post-thumbnail","6":"product_brand-vme","7":"product_cat-baterias-secas","8":"product_cat-baterias-vme","9":"product_tag-baterias-secas","10":"product_tag-vertiv","12":"first","13":"instock","14":"shipping-taxable","15":"product-type-simple"},"aioseo_notices":[],"_links":{"self":[{"href":"https:\/\/marketingads.co\/ups\/wp-json\/wp\/v2\/product\/1128","targetHints":{"allow":["GET"]}}],"collection":[{"href":"https:\/\/marketingads.co\/ups\/wp-json\/wp\/v2\/product"}],"about":[{"href":"https:\/\/marketingads.co\/ups\/wp-json\/wp\/v2\/types\/product"}],"wp:featuredmedia":[{"embeddable":true,"href":"https:\/\/marketingads.co\/ups\/wp-json\/wp\/v2\/media\/1146"}],"wp:attachment":[{"href":"https:\/\/marketingads.co\/ups\/wp-json\/wp\/v2\/media?parent=1128"}],"wp:term":[{"taxonomy":"product_brand","embeddable":true,"href":"https:\/\/marketingads.co\/ups\/wp-json\/wp\/v2\/product_brand?post=1128"},{"taxonomy":"product_cat","embeddable":true,"href":"https:\/\/marketingads.co\/ups\/wp-json\/wp\/v2\/product_cat?post=1128"},{"taxonomy":"product_tag","embeddable":true,"href":"https:\/\/marketingads.co\/ups\/wp-json\/wp\/v2\/product_tag?post=1128"}],"curies":[{"name":"wp","href":"https:\/\/api.w.org\/{rel}","templated":true}]}}