{"id":1130,"date":"2025-07-29T18:55:36","date_gmt":"2025-07-29T23:55:36","guid":{"rendered":"https:\/\/marketingads.com.co\/ups\/?post_type=product&#038;p=1130"},"modified":"2025-07-29T18:57:35","modified_gmt":"2025-07-29T23:57:35","slug":"baterias-vme-12v-35ah-fl12350","status":"publish","type":"product","link":"https:\/\/marketingads.co\/ups\/producto\/baterias-vme-12v-35ah-fl12350\/","title":{"rendered":"BATER\u00cdAS VME 12V-35AH FL12350"},"content":{"rendered":"<p>La BATER\u00cdAS VME FL12V-35AH sealed lead acid maintenance free es fabricada con tecnolog\u00eda AGM (Absorbent Glass Mat) y se emplea en una amplia gama de aplicaciones, como UPS, telecomunicaciones y usos el\u00e9ctricos diversos.<\/p>\n<p>Esta serie de BATER\u00cdA VME 12V 35AH cumple con los est\u00e1ndares internacionales m\u00e1s rigurosos, incluyendo IEC896-2, BS6290-4 y las normativas de la Asociaci\u00f3n de Fabricantes de Bater\u00eda El\u00e9ctrica de Europa.<\/p>\n<p>Destacando su cubierta de ABS con grado retardante al fuego V0, esta serie de bater\u00edas garantiza calidad y seguridad excepcionales.<\/p>\n<p>&nbsp;<\/p>\n<p>&nbsp;<\/p>\n<h3>Aplicaciones en Diversos Sectores, Esta potente soluci\u00f3n encuentra su lugar en diversas industrias y negocios, como:<\/h3>\n<ul>\n<li>\ud83d\udcde <strong>Call Centers:<\/strong> Mant\u00e9n las comunicaciones ininterrumpidas y los datos protegidos durante cortes de energ\u00eda.<\/li>\n<li>\ud83d\udda5\ufe0f <strong>Servidores:<\/strong> Protege tus servidores y equipos de red para evitar p\u00e9rdidas de datos y tiempos de inactividad.<\/li>\n<li>\ud83c\udfe5 <strong>Sector M\u00e9dico:<\/strong> Asegura el funcionamiento continuo de equipos m\u00e9dicos y odontol\u00f3gicos cr\u00edticos para la atenci\u00f3n de pacientes.<\/li>\n<li>\ud83c\udfed <strong>Industria:<\/strong> Protege tus equipos industriales sensibles y evita da\u00f1os costosos debido a interrupciones de energ\u00eda.<\/li>\n<li>\ud83d\udc65 <strong>Empresas Medianas y Peque\u00f1as:<\/strong> Brinda tranquilidad a tu negocio sin importar su tama\u00f1o, asegurando la continuidad de operaciones esenciales.<\/li>\n<\/ul>\n<h4><\/h4>\n<h4><strong>Recuerda que tambi\u00e9n contamos con el servicio de venta de equipos a nivel nacional:<\/strong><\/h4>\n<p>Venta <a href=\"https:\/\/upscomunicaciones.com\/categoria-producto\/ups-online\/?swcfpc=1\">UPS<\/a> tipo torre, venta UPS interactiva, venta de UPS tipo rack, venta UPS Smart APC, venta UPS modular, venta UPS escalable, venta UPS online, UPS paralelo, UPS hibrida, UPS solar, Inversor Solar, UPS en serie, UPS contingencia, bater\u00edas secas, tarjetas de control SNMP, inversores y <a href=\"https:\/\/es.wikipedia.org\/wiki\/Panel_solar\">paneles solares<\/a>.<\/p>\n","protected":false},"excerpt":{"rendered":"<h2>BATER\u00cdAS VME FL12V-35AH<\/h2>\n<p>Bater\u00edas vers\u00e1tiles para call centers, servidores, sector m\u00e9dico e industria! Garantizan operaciones ininterrumpidas, protegen equipos sensibles y aseguran la continuidad de negocios, \u00a1sin importar su tama\u00f1o<\/p>\n","protected":false},"featured_media":1150,"template":"","meta":[],"product_brand":[131],"product_cat":[122,146],"product_tag":[137],"class_list":{"0":"post-1130","1":"product","2":"type-product","3":"status-publish","4":"has-post-thumbnail","6":"product_brand-vme","7":"product_cat-baterias-secas","8":"product_cat-baterias-vme","9":"product_tag-vertiv","11":"first","12":"instock","13":"shipping-taxable","14":"product-type-simple"},"aioseo_notices":[],"_links":{"self":[{"href":"https:\/\/marketingads.co\/ups\/wp-json\/wp\/v2\/product\/1130","targetHints":{"allow":["GET"]}}],"collection":[{"href":"https:\/\/marketingads.co\/ups\/wp-json\/wp\/v2\/product"}],"about":[{"href":"https:\/\/marketingads.co\/ups\/wp-json\/wp\/v2\/types\/product"}],"wp:featuredmedia":[{"embeddable":true,"href":"https:\/\/marketingads.co\/ups\/wp-json\/wp\/v2\/media\/1150"}],"wp:attachment":[{"href":"https:\/\/marketingads.co\/ups\/wp-json\/wp\/v2\/media?parent=1130"}],"wp:term":[{"taxonomy":"product_brand","embeddable":true,"href":"https:\/\/marketingads.co\/ups\/wp-json\/wp\/v2\/product_brand?post=1130"},{"taxonomy":"product_cat","embeddable":true,"href":"https:\/\/marketingads.co\/ups\/wp-json\/wp\/v2\/product_cat?post=1130"},{"taxonomy":"product_tag","embeddable":true,"href":"https:\/\/marketingads.co\/ups\/wp-json\/wp\/v2\/product_tag?post=1130"}],"curies":[{"name":"wp","href":"https:\/\/api.w.org\/{rel}","templated":true}]}}