{"id":1168,"date":"2025-07-29T19:06:53","date_gmt":"2025-07-30T00:06:53","guid":{"rendered":"https:\/\/marketingads.com.co\/ups\/?post_type=product&#038;p=1168"},"modified":"2025-07-29T19:12:59","modified_gmt":"2025-07-30T00:12:59","slug":"bateria-csb-12v-5ah-modelo-hr1221w","status":"publish","type":"product","link":"https:\/\/marketingads.co\/ups\/producto\/bateria-csb-12v-5ah-modelo-hr1221w\/","title":{"rendered":"BATER\u00cdA CSB 12V-5AH MODELO HR1221W"},"content":{"rendered":"<p>La BATER\u00cdA CSB 12V-5AH MODELO HR1221W ofrece una serie de caracter\u00edsticas destacadas, incluyendo una corriente m\u00e1xima de descarga de 60\/90A durante 5 segundos, una resistencia interna de aproximadamente 23.0 m\u03a9, y una corriente en cortocircuito de 249 A.<\/p>\n<p>&nbsp;<\/p>\n<h2>Caracteristicas principales BATER\u00cdA CSB 12V-5AH MODELO HR1221W:<\/h2>\n<ol>\n<li>Corriente M\u00e1xima de Descarga: 60\/90A (5 segundos).<\/li>\n<li>Resistencia Interna: Aproximadamente 23.0 m\u03a9.<\/li>\n<li>Corriente en Cortocircuito: 249 A.<\/li>\n<li>Corriente M\u00e1xima de Carga: 2.1A.<\/li>\n<li>Tipos de Terminales: F1\/F2 &#8211; Conectores Faston Tab187\/250.<\/li>\n<li>Material del Contenedor: ABS (UL 94-HB) y retardante de llamas (94-V0) disponible bajo solicitud.<\/li>\n<li>autodescaga Menos del 10% despu\u00e9s de 90 d\u00edas, se puede almacenar hasta 6 meses a 25\u00b0C (77\u00b0F); es necesario recargar completamente antes de su uso y recargar antes si se almacena a una temperatura superior a 25\u00b0C (77\u00b0F).<\/li>\n<li>Hasta 5 a\u00f1os en servicio de espera a 25 \u2103.<\/li>\n<\/ol>\n<p>&nbsp;<\/p>\n<h2>Aplicaciones en Diversos Sectores, Esta potente soluci\u00f3n encuentra su lugar en diversas industrias y negocios, como:<\/h2>\n<ul>\n<li>\ud83d\udcde <strong>Call Centers:<\/strong> Mant\u00e9n las comunicaciones ininterrumpidas y los datos protegidos durante cortes de energ\u00eda.<\/li>\n<li>\ud83d\udda5\ufe0f <strong>Servidores:<\/strong> Protege tus servidores y equipos de red para evitar p\u00e9rdidas de datos y tiempos de inactividad.<\/li>\n<li>\ud83c\udfe5 <strong>Sector M\u00e9dico:<\/strong> Asegura el funcionamiento continuo de equipos m\u00e9dicos y odontol\u00f3gicos cr\u00edticos para la atenci\u00f3n de pacientes.<\/li>\n<li>\ud83c\udfed <strong>Industria:<\/strong> Protege tus equipos industriales sensibles y evita da\u00f1os costosos debido a interrupciones de energ\u00eda.<\/li>\n<li>\ud83d\udc65 <strong>Empresas Medianas y Peque\u00f1as:<\/strong> Brinda tranquilidad a tu negocio sin importar su tama\u00f1o, asegurando la continuidad de operaciones esenciales.<\/li>\n<\/ul>\n<p>&nbsp;<\/p>\n<h3><strong>Recuerda que tambi\u00e9n contamos con el servicio de venta de equipos a nivel nacional:<\/strong><\/h3>\n<p>Venta UPS tipo torre, venta UPS interactiva, venta de UPS tipo rack, venta UPS Smart APC, venta UPS modular, venta UPS escalable, venta UPS online, UPS paralelo, UPS hibrida, UPS solar, <a href=\"https:\/\/upscomunicaciones.com\/producto\/inversor-solar-off-grid\/?swcfpc=1\">Inversor Solar<\/a>, UPS en serie, UPS contingencia, bater\u00edas secas, tarjetas de control SNMP, inversores y <a href=\"https:\/\/es.wikipedia.org\/wiki\/Panel_solar\">paneles solares<\/a>.<\/p>\n","protected":false},"excerpt":{"rendered":"<h2>BATER\u00cdA CSB 12V-5AH MODELO HR1221W<\/h2>\n<p>puede almacenarse por hasta 6 meses a 25\u00b0C (77\u00b0F) con una autodescarga de menos del 10% despu\u00e9s de 90 d\u00edas, aunque se recomienda recargar completamente antes de su uso, especialmente si se almacena a temperaturas superiores a 25\u00b0C (77\u00b0F). Esta bater\u00eda es adecuada para diversas aplicaciones, desde mantener la continuidad en call centers y la protecci\u00f3n de servidores y equipos de red hasta garantizar el funcionamiento continuo de equipos m\u00e9dicos en el sector m\u00e9dico, proteger equipos industriales sensibles en la industria y brindar tranquilidad a empresas de diferentes tama\u00f1os, asegurando la continuidad de operaciones esenciales.<\/p>\n","protected":false},"featured_media":1182,"template":"","meta":[],"product_brand":[174],"product_cat":[148,122],"product_tag":[173],"class_list":{"0":"post-1168","1":"product","2":"type-product","3":"status-publish","4":"has-post-thumbnail","6":"product_brand-csb","7":"product_cat-baterias-csb","8":"product_cat-baterias-secas","9":"product_tag-csb","11":"first","12":"instock","13":"shipping-taxable","14":"product-type-simple"},"aioseo_notices":[],"_links":{"self":[{"href":"https:\/\/marketingads.co\/ups\/wp-json\/wp\/v2\/product\/1168","targetHints":{"allow":["GET"]}}],"collection":[{"href":"https:\/\/marketingads.co\/ups\/wp-json\/wp\/v2\/product"}],"about":[{"href":"https:\/\/marketingads.co\/ups\/wp-json\/wp\/v2\/types\/product"}],"wp:featuredmedia":[{"embeddable":true,"href":"https:\/\/marketingads.co\/ups\/wp-json\/wp\/v2\/media\/1182"}],"wp:attachment":[{"href":"https:\/\/marketingads.co\/ups\/wp-json\/wp\/v2\/media?parent=1168"}],"wp:term":[{"taxonomy":"product_brand","embeddable":true,"href":"https:\/\/marketingads.co\/ups\/wp-json\/wp\/v2\/product_brand?post=1168"},{"taxonomy":"product_cat","embeddable":true,"href":"https:\/\/marketingads.co\/ups\/wp-json\/wp\/v2\/product_cat?post=1168"},{"taxonomy":"product_tag","embeddable":true,"href":"https:\/\/marketingads.co\/ups\/wp-json\/wp\/v2\/product_tag?post=1168"}],"curies":[{"name":"wp","href":"https:\/\/api.w.org\/{rel}","templated":true}]}}