{"id":1175,"date":"2025-07-29T19:07:05","date_gmt":"2025-07-30T00:07:05","guid":{"rendered":"https:\/\/marketingads.com.co\/ups\/?post_type=product&#038;p=1175"},"modified":"2025-07-29T19:11:42","modified_gmt":"2025-07-30T00:11:42","slug":"bateria-csb-12v-34-ah-modelo-gp12340","status":"publish","type":"product","link":"https:\/\/marketingads.co\/ups\/producto\/bateria-csb-12v-34-ah-modelo-gp12340\/","title":{"rendered":"BATER\u00cdA CSB 12V- 34 AH MODELO GP12340"},"content":{"rendered":"<p>La bater\u00eda <strong>CSB 12V- 34 AH GP12340 <\/strong>es una bater\u00eda de uso general de hasta 5 a\u00f1os en servicio en espera. Al igual que con todas las bater\u00edas CSB, son recargables, altamente y eficientes a prueba de fugas y no requieren mantenimiento.<\/p>\n<p>&nbsp;<\/p>\n<h2>Caracter\u00edsticas principales BATER\u00cdA CSB 12V- 34 AH MODELO GP12340:<\/h2>\n<ol>\n<li>Corriente M\u00e1xima de Descarga: 380 A (5 segundos).<\/li>\n<li>Resistencia Interna: Aproximadamente 8 m\u03a9.<\/li>\n<li>Corriente en Cortocircuito: 249 A.<\/li>\n<li>Corriente M\u00e1xima de Carga: 10.2 A.<\/li>\n<li>Tipos de Terminales:Terminal B5-L para aceptar tuercas y pernos M6.<\/li>\n<li>Material del Contenedor: ABS (UL 94-HB) y retardante de llamas (94-V0) disponible bajo solicitud.<\/li>\n<li>autodescarga Menos del 10% despu\u00e9s de 90 d\u00edas, se puede almacenar hasta 6 meses a 25\u00b0C (77\u00b0F); es necesario recargar completamente antes de su uso y recargar antes si se almacena a una temperatura superior a 25\u00b0C (77\u00b0F).<\/li>\n<li>Hasta 5 a\u00f1os en servicio de espera a 25 \u2103.<\/li>\n<\/ol>\n<p>&nbsp;<\/p>\n<h2>Aplicaciones en Diversos Sectores, Esta potente soluci\u00f3n encuentra su lugar en diversas industrias y negocios, como:<\/h2>\n<ul>\n<li>\ud83d\udcde <strong>Call Centers:<\/strong> Mant\u00e9n las comunicaciones ininterrumpidas y los datos protegidos durante cortes de energ\u00eda.<\/li>\n<li>\ud83d\udda5\ufe0f <strong>Servidores:<\/strong> Protege tus servidores y equipos de red para evitar p\u00e9rdidas de datos y tiempos de inactividad.<\/li>\n<li>\ud83c\udfe5 <strong>Sector M\u00e9dico:<\/strong> Asegura el funcionamiento continuo de equipos m\u00e9dicos y odontol\u00f3gicos cr\u00edticos para la atenci\u00f3n de pacientes.<\/li>\n<li>\ud83c\udfed <strong>Industria:<\/strong> Protege tus equipos industriales sensibles y evita da\u00f1os costosos debido a interrupciones de energ\u00eda.<\/li>\n<li>\ud83d\udc65 <strong>Empresas Medianas y Peque\u00f1as:<\/strong> Brinda tranquilidad a tu negocio sin importar su tama\u00f1o, asegurando la continuidad de operaciones esenciales.<\/li>\n<\/ul>\n<p>&nbsp;<\/p>\n<h3><strong>Recuerda que tambi\u00e9n contamos con el servicio de venta de equipos a nivel nacional:<\/strong><\/h3>\n<p>Venta UPS tipo torre, venta UPS interactiva, venta de UPS tipo rack, venta UPS Smart APC, venta UPS modular, venta UPS escalable, venta UPS online, UPS paralelo, UPS hibrida, UPS solar, <a href=\"https:\/\/upscomunicaciones.com\/producto\/inversor-solar-off-grid\/?swcfpc=1\">Inversor Solar<\/a>, UPS en serie, UPS contingencia, bater\u00edas secas, tarjetas de control SNMP, inversores y <a href=\"https:\/\/es.wikipedia.org\/wiki\/Panel_solar\">paneles solares<\/a>.<\/p>\n","protected":false},"excerpt":{"rendered":"<h2>BATER\u00cdA CSB 12V- 34 AH MODELO GP12340<\/h2>\n<p>Al igual que todas las bater\u00edas CSB, esta maravilla es recargable, altamente eficiente y a prueba de fugas, sin necesidad de mantenimiento. Sus especificaciones incluyen una impresionante Corriente M\u00e1xima de Descarga de 380 A durante 5 segundos, una Resistencia Interna m\u00ednima de aproximadamente 8 m\u03a9, y una Corriente en Cortocircuito de 249 A. Adem\u00e1s, su Corriente M\u00e1xima de Carga alcanza los 10.2 A, y cuenta con terminales B5-L para aceptar tuercas y pernos M6. Su contenedor est\u00e1 dise\u00f1ado para resistir el fuego con ABS (UL 94-HB), y opcionalmente, retardante de llamas (94-V0). Esta bater\u00eda tambi\u00e9n presume de una autodescarga inferior al 10% despu\u00e9s de 90 d\u00edas de almacenamiento a 25\u00b0C (77\u00b0F), siendo capaz de conservarse hasta 6 meses a esta temperatura.<\/p>\n","protected":false},"featured_media":1189,"template":"","meta":[],"product_brand":[174],"product_cat":[148,122],"product_tag":[173],"class_list":{"0":"post-1175","1":"product","2":"type-product","3":"status-publish","4":"has-post-thumbnail","6":"product_brand-csb","7":"product_cat-baterias-csb","8":"product_cat-baterias-secas","9":"product_tag-csb","11":"first","12":"instock","13":"shipping-taxable","14":"product-type-simple"},"aioseo_notices":[],"_links":{"self":[{"href":"https:\/\/marketingads.co\/ups\/wp-json\/wp\/v2\/product\/1175","targetHints":{"allow":["GET"]}}],"collection":[{"href":"https:\/\/marketingads.co\/ups\/wp-json\/wp\/v2\/product"}],"about":[{"href":"https:\/\/marketingads.co\/ups\/wp-json\/wp\/v2\/types\/product"}],"wp:featuredmedia":[{"embeddable":true,"href":"https:\/\/marketingads.co\/ups\/wp-json\/wp\/v2\/media\/1189"}],"wp:attachment":[{"href":"https:\/\/marketingads.co\/ups\/wp-json\/wp\/v2\/media?parent=1175"}],"wp:term":[{"taxonomy":"product_brand","embeddable":true,"href":"https:\/\/marketingads.co\/ups\/wp-json\/wp\/v2\/product_brand?post=1175"},{"taxonomy":"product_cat","embeddable":true,"href":"https:\/\/marketingads.co\/ups\/wp-json\/wp\/v2\/product_cat?post=1175"},{"taxonomy":"product_tag","embeddable":true,"href":"https:\/\/marketingads.co\/ups\/wp-json\/wp\/v2\/product_tag?post=1175"}],"curies":[{"name":"wp","href":"https:\/\/api.w.org\/{rel}","templated":true}]}}