{"id":1204,"date":"2025-07-29T19:19:46","date_gmt":"2025-07-30T00:19:46","guid":{"rendered":"https:\/\/marketingads.com.co\/ups\/?post_type=product&#038;p=1204"},"modified":"2025-07-29T19:41:53","modified_gmt":"2025-07-30T00:41:53","slug":"baterias-netion-12v-40ah-agm","status":"publish","type":"product","link":"https:\/\/marketingads.co\/ups\/producto\/baterias-netion-12v-40ah-agm\/","title":{"rendered":"BATER\u00cdAS NETION 12V-40AH AGM"},"content":{"rendered":"<h2><strong>Caracter\u00edsticas BATER\u00cdAS NETION 12V-40AH AGM:<\/strong><\/h2>\n<ol>\n<li>Resistencia Interna Carga Completa ( 25 \u00b0C ): Aprox 9m \u03a9.<\/li>\n<li>Tensi\u00f3n de Carga de Mantenimiento: 13.50 to 13.80V Compensaci\u00f3n de Temperatura -18mV\/\u00baC.<\/li>\n<li>Voltaje de carga c\u00edclico (25 \u00baC): 14.50 to 15.00V Compensaci\u00f3n de Temperatura -30mV\/\u00baC.<\/li>\n<li>Corriente de Carga M\u00e1xima 12 A<\/li>\n<li>Corriente de Descarga M\u00e1xima\u00a0 400 A (5 sec).<\/li>\n<li>Vida Flotante Dise\u00f1ada 5 a\u00f1os.<\/li>\n<li>Tipo de terminal T14.<\/li>\n<li>Bater\u00edas secas libres de mantenimiento para aplicaciones como UPS, inversores, ingenier\u00eda automotriz, alarmas electr\u00f3nicas, cajeros autom\u00e1ticos, entre otros.<\/li>\n<li>Excelente resistencia mec\u00e1nica contra golpes, movimientos fuertes, ca\u00eddas accidentales a bajas alturas.<\/li>\n<li>Alto rendimiento y resistencia el\u00e9ctrica contra sobrecargas excesivas producidas por cargadores de baja calidad o fallos en sistemas el\u00e9ctricos.<\/li>\n<li>Desempe\u00f1o superior en aplicaciones donde la corriente de descarga de la bater\u00eda es varias veces su corriente nominal como en UPS de alta potencia.<\/li>\n<\/ol>\n<p>&nbsp;<\/p>\n<h3><strong>Aplicaciones en Diversos Sectores, Esta potente soluci\u00f3n encuentra su lugar en diversas industrias y negocios, como:<\/strong><\/h3>\n<ul>\n<li>\ud83d\udcde <strong>Call Centers:<\/strong> Mant\u00e9n las comunicaciones ininterrumpidas y los datos protegidos durante cortes de energ\u00eda.<\/li>\n<li>\ud83d\udda5\ufe0f <strong>Servidores:<\/strong> Protege tus servidores y equipos de red para evitar p\u00e9rdidas de datos y tiempos de inactividad.<\/li>\n<li>\ud83c\udfe5 <strong>Sector M\u00e9dico:<\/strong> Asegura el funcionamiento continuo de equipos m\u00e9dicos y odontol\u00f3gicos cr\u00edticos para la atenci\u00f3n de pacientes.<\/li>\n<li>\ud83c\udfed <strong>Industria:<\/strong> Protege tus equipos industriales sensibles y evita da\u00f1os costosos debido a interrupciones de energ\u00eda.<\/li>\n<li>\ud83d\udc65 <strong>Empresas Medianas y Peque\u00f1as:<\/strong> Brinda tranquilidad a tu negocio sin importar su tama\u00f1o, asegurando la continuidad de operaciones esenciales.<\/li>\n<\/ul>\n<p>&nbsp;<\/p>\n<h4><strong>Recuerda que tambi\u00e9n contamos con el servicio de venta de equipos a nivel nacional:<\/strong><\/h4>\n<p>Venta UPS tipo torre, venta UPS interactiva, venta de UPS tipo rack, venta UPS Smart APC, venta UPS modular, venta UPS escalable, venta UPS online, UPS paralelo, UPS hibrida, UPS solar, <a href=\"https:\/\/upscomunicaciones.com\/producto\/inversor-hibrido\/?swcfpc=1\">Inversor Solar<\/a>, UPS en serie, UPS contingencia, bater\u00edas secas, tarjetas de control SNMP, inversores y <a href=\"https:\/\/es.wikipedia.org\/wiki\/Panel_solar\">paneles solares<\/a>.<\/p>\n","protected":false},"excerpt":{"rendered":"<h2>BATER\u00cdAS NETION 12V-40AH AGM<\/h2>\n<p>Para ciclos de carga, pueden operar en un rango de voltaje de 14.50 a 15.00V. Estas bater\u00edas pueden manejar una corriente de carga m\u00e1xima de 12A y una corriente de descarga m\u00e1xima de 400A durante 5 segundos. Son bater\u00edas secas libres de mantenimiento adecuadas para una variedad de aplicaciones, como UPS, inversores, ingenier\u00eda automotriz, alarmas electr\u00f3nicas y cajeros autom\u00e1ticos, entre otros. Adem\u00e1s, ofrecen una excelente resistencia mec\u00e1nica contra golpes, movimientos bruscos y ca\u00eddas desde bajas alturas, as\u00ed como una alta resistencia el\u00e9ctrica contra sobrecargas excesivas causadas por cargadores de baja calidad o fallos en sistemas el\u00e9ctricos. Son una opci\u00f3n confiable para aplicaciones donde la corriente de descarga puede superar varias veces su corriente nominal, como en sistemas UPS de alta potencia.<\/p>\n","protected":false},"featured_media":1250,"template":"","meta":[],"product_brand":[166],"product_cat":[150,122],"product_tag":[161,168],"class_list":{"0":"post-1204","1":"product","2":"type-product","3":"status-publish","4":"has-post-thumbnail","6":"product_brand-netion","7":"product_cat-baterias-netion","8":"product_cat-baterias-secas","9":"product_tag-baterias-secas","10":"product_tag-netion","12":"first","13":"instock","14":"shipping-taxable","15":"product-type-simple"},"aioseo_notices":[],"_links":{"self":[{"href":"https:\/\/marketingads.co\/ups\/wp-json\/wp\/v2\/product\/1204","targetHints":{"allow":["GET"]}}],"collection":[{"href":"https:\/\/marketingads.co\/ups\/wp-json\/wp\/v2\/product"}],"about":[{"href":"https:\/\/marketingads.co\/ups\/wp-json\/wp\/v2\/types\/product"}],"wp:featuredmedia":[{"embeddable":true,"href":"https:\/\/marketingads.co\/ups\/wp-json\/wp\/v2\/media\/1250"}],"wp:attachment":[{"href":"https:\/\/marketingads.co\/ups\/wp-json\/wp\/v2\/media?parent=1204"}],"wp:term":[{"taxonomy":"product_brand","embeddable":true,"href":"https:\/\/marketingads.co\/ups\/wp-json\/wp\/v2\/product_brand?post=1204"},{"taxonomy":"product_cat","embeddable":true,"href":"https:\/\/marketingads.co\/ups\/wp-json\/wp\/v2\/product_cat?post=1204"},{"taxonomy":"product_tag","embeddable":true,"href":"https:\/\/marketingads.co\/ups\/wp-json\/wp\/v2\/product_tag?post=1204"}],"curies":[{"name":"wp","href":"https:\/\/api.w.org\/{rel}","templated":true}]}}