{"id":1212,"date":"2025-07-29T19:19:55","date_gmt":"2025-07-30T00:19:55","guid":{"rendered":"https:\/\/marketingads.com.co\/ups\/?post_type=product&#038;p=1212"},"modified":"2025-07-29T19:40:57","modified_gmt":"2025-07-30T00:40:57","slug":"baterias-netion-12v-250ah-ciclo-profundo","status":"publish","type":"product","link":"https:\/\/marketingads.co\/ups\/producto\/baterias-netion-12v-250ah-ciclo-profundo\/","title":{"rendered":"BATER\u00cdAS NETION 12V-250AH CICLO PROFUNDO"},"content":{"rendered":"<p>Las BATER\u00cdAS NETION 12V-250AH CICLO PROFUNDO son una elecci\u00f3n ideal para aplicaciones que requieren una fuente de energ\u00eda confiable y duradera con la capacidad de soportar ciclos de carga y descarga profundos y frecuentes. Su elecci\u00f3n depender\u00e1 de las necesidades espec\u00edficas de su aplicaci\u00f3n y del tipo de tecnolog\u00eda de bater\u00eda que mejor se adapte a ellas.<\/p>\n<h2><\/h2>\n<h2>Caracteristicas BATER\u00cdAS NETION 12V-250AH CICLO PROFUNDO :<\/h2>\n<ol>\n<li>Estas bater\u00edas est\u00e1n dise\u00f1adas para soportar ciclos de carga y descarga profundos repetidos sin sufrir da\u00f1os significativos en su capacidad o vida \u00fatil. Pueden descargarse hasta un porcentaje mucho mayor de su capacidad nominal sin perjudicar su rendimiento.<\/li>\n<li>Las bater\u00edas de ciclo profundo generalmente tienen una vida \u00fatil m\u00e1s larga en comparaci\u00f3n con las bater\u00edas est\u00e1ndar, lo que las hace ideales para aplicaciones que requieren un uso frecuente y ciclos de carga y descarga prolongados.<\/li>\n<li>Las bater\u00edas de ciclo profundo pueden proporcionar una corriente continua durante un per\u00edodo prolongado, lo que las convierte en una fuente de energ\u00eda confiable para aplicaciones como sistemas de energ\u00eda solar o sistemas de respaldo de emergencia.<\/li>\n<li>Estas bater\u00edas pueden descargarse a tasas de corriente m\u00e1s bajas y constantes durante per\u00edodos m\u00e1s largos sin afectar negativamente su rendimiento.<\/li>\n<li>Tienen una baja tasa de autodescarga, lo que significa que pueden almacenarse durante per\u00edodos prolongados sin requerir recargas frecuentes.<\/li>\n<li>Se utilizan en una amplia variedad de aplicaciones, que incluyen sistemas de energ\u00eda solar, caravanas, veh\u00edculos recreativos, carritos de golf, sistemas de respaldo de energ\u00eda, embarcaciones y m\u00e1s.<\/li>\n<\/ol>\n<h2><\/h2>\n<h3>Aplicaciones en Diversos Sectores, Esta potente soluci\u00f3n encuentra su lugar en diversas industrias y negocios, como:<\/h3>\n<ul>\n<li>\ud83d\udcde <strong>Call Centers:<\/strong> Mant\u00e9n las comunicaciones ininterrumpidas y los datos protegidos durante cortes de energ\u00eda.<\/li>\n<li>\ud83d\udda5\ufe0f <strong>Servidores:<\/strong> Protege tus servidores y equipos de red para evitar p\u00e9rdidas de datos y tiempos de inactividad.<\/li>\n<li>\ud83c\udfe5 <strong>Sector M\u00e9dico:<\/strong> Asegura el funcionamiento continuo de equipos m\u00e9dicos y odontol\u00f3gicos cr\u00edticos para la atenci\u00f3n de pacientes.<\/li>\n<li>\ud83c\udfed <strong>Industria:<\/strong> Protege tus equipos industriales sensibles y evita da\u00f1os costosos debido a interrupciones de energ\u00eda.<\/li>\n<li>\ud83d\udc65 <strong>Empresas Medianas y Peque\u00f1as:<\/strong> Brinda tranquilidad a tu negocio sin importar su tama\u00f1o, asegurando la continuidad de operaciones esenciales.<\/li>\n<\/ul>\n<p>&nbsp;<\/p>\n<h4><strong>Recuerda que tambi\u00e9n contamos con el servicio de venta de equipos a nivel nacional:<\/strong><\/h4>\n<p>Venta UPS tipo torre, venta UPS interactiva, venta de UPS tipo rack, venta UPS Smart APC, venta UPS modular, venta UPS escalable, venta UPS online, UPS paralelo, UPS hibrida, UPS solar, <a href=\"https:\/\/upscomunicaciones.com\/producto\/inversor-hibrido\/?swcfpc=1\">Inversor Solar<\/a>, UPS en serie, UPS contingencia, bater\u00edas secas, tarjetas de control SNMP, inversores y \u00a0<a href=\"https:\/\/es.wikipedia.org\/wiki\/Panel_solar\">paneles solares<\/a>.<\/p>\n","protected":false},"excerpt":{"rendered":"<h2>BATER\u00cdAS NETION 12V-250AH CICLO PROFUNDO<\/h2>\n<p>Las <strong>BATER\u00cdAS NETION CICLO PROFUNDO 12V-250AH<\/strong> son una elecci\u00f3n ideal para aplicaciones que requieren una fuente de energ\u00eda confiable y duradera capaz de soportar ciclos de carga y descarga profundos y frecuentes. Est\u00e1n dise\u00f1adas para resistir ciclos de carga y descarga repetidos sin da\u00f1ar su capacidad o vida \u00fatil, lo que permite descargas m\u00e1s profundas sin afectar el rendimiento.<\/p>\n","protected":false},"featured_media":1266,"template":"","meta":[],"product_brand":[166],"product_cat":[150,122],"product_tag":[161,168],"class_list":{"0":"post-1212","1":"product","2":"type-product","3":"status-publish","4":"has-post-thumbnail","6":"product_brand-netion","7":"product_cat-baterias-netion","8":"product_cat-baterias-secas","9":"product_tag-baterias-secas","10":"product_tag-netion","12":"first","13":"instock","14":"shipping-taxable","15":"product-type-simple"},"aioseo_notices":[],"_links":{"self":[{"href":"https:\/\/marketingads.co\/ups\/wp-json\/wp\/v2\/product\/1212","targetHints":{"allow":["GET"]}}],"collection":[{"href":"https:\/\/marketingads.co\/ups\/wp-json\/wp\/v2\/product"}],"about":[{"href":"https:\/\/marketingads.co\/ups\/wp-json\/wp\/v2\/types\/product"}],"wp:featuredmedia":[{"embeddable":true,"href":"https:\/\/marketingads.co\/ups\/wp-json\/wp\/v2\/media\/1266"}],"wp:attachment":[{"href":"https:\/\/marketingads.co\/ups\/wp-json\/wp\/v2\/media?parent=1212"}],"wp:term":[{"taxonomy":"product_brand","embeddable":true,"href":"https:\/\/marketingads.co\/ups\/wp-json\/wp\/v2\/product_brand?post=1212"},{"taxonomy":"product_cat","embeddable":true,"href":"https:\/\/marketingads.co\/ups\/wp-json\/wp\/v2\/product_cat?post=1212"},{"taxonomy":"product_tag","embeddable":true,"href":"https:\/\/marketingads.co\/ups\/wp-json\/wp\/v2\/product_tag?post=1212"}],"curies":[{"name":"wp","href":"https:\/\/api.w.org\/{rel}","templated":true}]}}