{"id":1218,"date":"2025-07-29T19:20:01","date_gmt":"2025-07-30T00:20:01","guid":{"rendered":"https:\/\/marketingads.com.co\/ups\/?post_type=product&#038;p=1218"},"modified":"2025-07-29T19:40:53","modified_gmt":"2025-07-30T00:40:53","slug":"baterias-netion-12v-250ah-gel","status":"publish","type":"product","link":"https:\/\/marketingads.co\/ups\/producto\/baterias-netion-12v-250ah-gel\/","title":{"rendered":"BATER\u00cdAS NETION 12V-250AH GEL"},"content":{"rendered":"<h2>Caracter\u00edsticas BATER\u00cdAS NETION 12V-250AH GEL:<\/h2>\n<ol>\n<li>La caracter\u00edstica m\u00e1s distintiva de estas bater\u00edas es que utilizan un electrolito gelificado en lugar de l\u00edquido. Este gel proporciona una mayor estabilidad y evita posibles derrames, lo que las hace m\u00e1s seguras y aptas para su uso en posiciones no tradicionales, como acostadas o de lado.<\/li>\n<li>Al igual que las bater\u00edas de plomo-\u00e1cido convencionales, las bater\u00edas de gel son selladas y libres de mantenimiento. No es necesario agregar agua ni verificar los niveles de electrolito.<\/li>\n<li>Tienen un buen ciclo de vida y pueden soportar un n\u00famero significativo de ciclos de carga y descarga profundos, lo que las hace adecuadas para aplicaciones de ciclo profundo, como sistemas solares y veh\u00edculos el\u00e9ctricos.<\/li>\n<li>Tienen una tasa de autodescarga m\u00e1s baja en comparaci\u00f3n con algunas otras tecnolog\u00edas de bater\u00edas, lo que significa que pueden retener su carga durante per\u00edodos prolongados sin necesidad de recargas frecuentes.<\/li>\n<li>Son relativamente resistentes a temperaturas extremas, lo que las hace adecuadas para su uso en una variedad de condiciones clim\u00e1ticas.<\/li>\n<li>Tienen una densidad de energ\u00eda moderada en comparaci\u00f3n con algunas bater\u00edas m\u00e1s modernas como las de iones de litio. Esto significa que ocupan m\u00e1s espacio para almacenar la misma cantidad de energ\u00eda.<\/li>\n<li>Se utilizan en una variedad de aplicaciones, que incluyen sistemas de respaldo de energ\u00eda, sistemas solares, sistemas de alarmas, equipos m\u00e9dicos y m\u00e1s.<\/li>\n<\/ol>\n<h2><\/h2>\n<h3>Aplicaciones en Diversos Sectores, Esta potente soluci\u00f3n encuentra su lugar en diversas industrias y negocios, como:<\/h3>\n<ul>\n<li>\ud83d\udcde <strong>Call Centers:<\/strong> Mant\u00e9n las comunicaciones ininterrumpidas y los datos protegidos durante cortes de energ\u00eda.<\/li>\n<li>\ud83d\udda5\ufe0f <strong>Servidores:<\/strong> Protege tus servidores y equipos de red para evitar p\u00e9rdidas de datos y tiempos de inactividad.<\/li>\n<li>\ud83c\udfe5 <strong>Sector M\u00e9dico:<\/strong> Asegura el funcionamiento continuo de equipos m\u00e9dicos y odontol\u00f3gicos cr\u00edticos para la atenci\u00f3n de pacientes.<\/li>\n<li>\ud83c\udfed <strong>Industria:<\/strong> Protege tus equipos industriales sensibles y evita da\u00f1os costosos debido a interrupciones de energ\u00eda.<\/li>\n<li>\ud83d\udc65 <strong>Empresas Medianas y Peque\u00f1as:<\/strong> Brinda tranquilidad a tu negocio sin importar su tama\u00f1o, asegurando la continuidad de operaciones esenciales.<\/li>\n<\/ul>\n<p>&nbsp;<\/p>\n<h4><strong>Recuerda que tambi\u00e9n contamos con el servicio de venta de equipos a nivel nacional:<\/strong><\/h4>\n<p>Venta UPS tipo torre, venta UPS interactiva, venta de UPS tipo rack, venta UPS Smart APC, venta UPS modular, venta UPS escalable, venta UPS online, UPS paralelo, UPS hibrida, UPS solar, <a href=\"https:\/\/upscomunicaciones.com\/producto\/inversor-hibrido\/?swcfpc=1\">Inversor Solar<\/a>, UPS en serie, UPS contingencia, bater\u00edas secas, tarjetas de control SNMP, inversores y \u00a0<a href=\"https:\/\/es.wikipedia.org\/wiki\/Panel_solar\">paneles solares<\/a>.<\/p>\n","protected":false},"excerpt":{"rendered":"<h2>BATER\u00cdAS NETION 12V-250AH GEL<\/h2>\n<p>las bater\u00edas de gel son una opci\u00f3n confiable y segura Debido a su dise\u00f1o sellado y la falta de l\u00edquido, son consideradas m\u00e1s seguras en t\u00e9rminos de prevenci\u00f3n de derrames y fugas de \u00e1cido. para aplicaciones que requieren ciclos de carga y descarga frecuentes y profundas, as\u00ed como para aquellas en las que la seguridad y la falta de mantenimiento son prioritarias.<\/p>\n","protected":false},"featured_media":1274,"template":"","meta":[],"product_brand":[166],"product_cat":[150,122],"product_tag":[168],"class_list":{"0":"post-1218","1":"product","2":"type-product","3":"status-publish","4":"has-post-thumbnail","6":"product_brand-netion","7":"product_cat-baterias-netion","8":"product_cat-baterias-secas","9":"product_tag-netion","11":"first","12":"instock","13":"shipping-taxable","14":"product-type-simple"},"aioseo_notices":[],"_links":{"self":[{"href":"https:\/\/marketingads.co\/ups\/wp-json\/wp\/v2\/product\/1218","targetHints":{"allow":["GET"]}}],"collection":[{"href":"https:\/\/marketingads.co\/ups\/wp-json\/wp\/v2\/product"}],"about":[{"href":"https:\/\/marketingads.co\/ups\/wp-json\/wp\/v2\/types\/product"}],"wp:featuredmedia":[{"embeddable":true,"href":"https:\/\/marketingads.co\/ups\/wp-json\/wp\/v2\/media\/1274"}],"wp:attachment":[{"href":"https:\/\/marketingads.co\/ups\/wp-json\/wp\/v2\/media?parent=1218"}],"wp:term":[{"taxonomy":"product_brand","embeddable":true,"href":"https:\/\/marketingads.co\/ups\/wp-json\/wp\/v2\/product_brand?post=1218"},{"taxonomy":"product_cat","embeddable":true,"href":"https:\/\/marketingads.co\/ups\/wp-json\/wp\/v2\/product_cat?post=1218"},{"taxonomy":"product_tag","embeddable":true,"href":"https:\/\/marketingads.co\/ups\/wp-json\/wp\/v2\/product_tag?post=1218"}],"curies":[{"name":"wp","href":"https:\/\/api.w.org\/{rel}","templated":true}]}}