{"id":1223,"date":"2025-07-29T19:20:04","date_gmt":"2025-07-30T00:20:04","guid":{"rendered":"https:\/\/marketingads.com.co\/ups\/?post_type=product&#038;p=1223"},"modified":"2025-07-29T19:40:51","modified_gmt":"2025-07-30T00:40:51","slug":"bateria-netion-12v-30ah-e-bike","status":"publish","type":"product","link":"https:\/\/marketingads.co\/ups\/producto\/bateria-netion-12v-30ah-e-bike\/","title":{"rendered":"BATER\u00cdA NETION 12V-30AH E-BIKE"},"content":{"rendered":"<h2><strong>Caracter\u00edsticas BATER\u00cdA NETION 12V-30AH E-BIKE:<\/strong><\/h2>\n<ol>\n<li>Bater\u00edas de plomo \u00e1cido, dise\u00f1adas especialmente para bicicletas el\u00e9ctricas y movilidad el\u00e9ctrica.<\/li>\n<li>Ideales para veh\u00edculos el\u00e9ctricos y de tracci\u00f3n.<\/li>\n<li>Eficiencia del 98%.<\/li>\n<li>Soporta movimientos oscilatorios.<\/li>\n<li>Libre de mantenimiento.<\/li>\n<li>Potencia superior.<\/li>\n<li>Alto rendimiento y resistencia el\u00e9ctrica contra sobrecargas excesivas producidas por cargadores de baja calidad o fallos en sistemas el\u00e9ctricos.<\/li>\n<li>Excelente resistencia mec\u00e1nica contra golpes, movimientos fuertes, ca\u00eddas accidentales a bajas alturas.<\/li>\n<li>Alto rendimiento y resistencia el\u00e9ctrica contra sobrecargas excesivas producidas por cargadores de baja calidad o fallos en sistemas el\u00e9ctricos.<\/li>\n<li>Desempe\u00f1o superior en aplicaciones donde la corriente de descarga de la bater\u00eda es varias veces su corriente nominal como en UPS de alta potencia.<\/li>\n<\/ol>\n<h3>Aplicaciones en Diversos Sectores, Esta potente soluci\u00f3n encuentra su lugar en diversas industrias y negocios, como:<\/h3>\n<ul>\n<li>\ud83d\udcde <strong>Call Centers:<\/strong> Mant\u00e9n las comunicaciones ininterrumpidas y los datos protegidos durante cortes de energ\u00eda.<\/li>\n<li>\ud83d\udda5\ufe0f <strong>Servidores:<\/strong> Protege tus servidores y equipos de red para evitar p\u00e9rdidas de datos y tiempos de inactividad.<\/li>\n<li>\ud83c\udfe5 <strong>Sector M\u00e9dico:<\/strong> Asegura el funcionamiento continuo de equipos m\u00e9dicos y odontol\u00f3gicos cr\u00edticos para la atenci\u00f3n de pacientes.<\/li>\n<li>\ud83c\udfed <strong>Industria:<\/strong> Protege tus equipos industriales sensibles y evita da\u00f1os costosos debido a interrupciones de energ\u00eda.<\/li>\n<li>\ud83d\udc65 <strong>Empresas Medianas y Peque\u00f1as:<\/strong> Brinda tranquilidad a tu negocio sin importar su tama\u00f1o, asegurando la continuidad de operaciones esenciales.<\/li>\n<\/ul>\n<p>&nbsp;<\/p>\n<h4><strong>Recuerda que tambi\u00e9n contamos con el servicio de venta de equipos a nivel nacional:<\/strong><\/h4>\n<p>Venta UPS tipo torre, venta UPS interactiva, venta de UPS tipo rack, venta UPS Smart APC, venta UPS modular, venta UPS escalable, venta UPS online, UPS paralelo, UPS hibrida, UPS solar, <a href=\"https:\/\/upscomunicaciones.com\/producto\/inversor-hibrido\/?swcfpc=1\">Inversor Solar<\/a>, UPS en serie, UPS contingencia, bater\u00edas secas, tarjetas de control SNMP, inversores y \u00a0<a href=\"https:\/\/es.wikipedia.org\/wiki\/Panel_solar\">paneles solares<\/a>.<\/p>\n","protected":false},"excerpt":{"rendered":"<h2>BATER\u00cdA NETION 12V-30AH E-BIKE<\/h2>\n<div class=\"woocommerce-product-details__short-description\">\n<p>Las bater\u00edas para movilidad el\u00e9ctrica, destinadas a veh\u00edculos el\u00e9ctricos como autom\u00f3viles, bicicletas el\u00e9ctricas y scooters, se caracterizan por su alta capacidad de almacenamiento de energ\u00eda, generalmente utilizando tecnolog\u00eda de iones de litio, lo que proporciona una autonom\u00eda adecuada para desplazamientos diarios. Estas bater\u00edas est\u00e1n dise\u00f1adas para soportar miles de ciclos de carga y descarga, manteniendo su rendimiento a lo largo del tiempo. Adem\u00e1s, ofrecen una carga r\u00e1pida, son compactas y ligeras para facilitar su integraci\u00f3n en el dise\u00f1o de veh\u00edculos, y cuentan con sistemas avanzados de gesti\u00f3n de bater\u00edas para garantizar la seguridad y prolongar su vida \u00fatil.<\/p>\n<\/div>\n","protected":false},"featured_media":1282,"template":"","meta":[],"product_brand":[166],"product_cat":[150,122],"product_tag":[168],"class_list":{"0":"post-1223","1":"product","2":"type-product","3":"status-publish","4":"has-post-thumbnail","6":"product_brand-netion","7":"product_cat-baterias-netion","8":"product_cat-baterias-secas","9":"product_tag-netion","11":"first","12":"instock","13":"shipping-taxable","14":"product-type-simple"},"aioseo_notices":[],"_links":{"self":[{"href":"https:\/\/marketingads.co\/ups\/wp-json\/wp\/v2\/product\/1223","targetHints":{"allow":["GET"]}}],"collection":[{"href":"https:\/\/marketingads.co\/ups\/wp-json\/wp\/v2\/product"}],"about":[{"href":"https:\/\/marketingads.co\/ups\/wp-json\/wp\/v2\/types\/product"}],"wp:featuredmedia":[{"embeddable":true,"href":"https:\/\/marketingads.co\/ups\/wp-json\/wp\/v2\/media\/1282"}],"wp:attachment":[{"href":"https:\/\/marketingads.co\/ups\/wp-json\/wp\/v2\/media?parent=1223"}],"wp:term":[{"taxonomy":"product_brand","embeddable":true,"href":"https:\/\/marketingads.co\/ups\/wp-json\/wp\/v2\/product_brand?post=1223"},{"taxonomy":"product_cat","embeddable":true,"href":"https:\/\/marketingads.co\/ups\/wp-json\/wp\/v2\/product_cat?post=1223"},{"taxonomy":"product_tag","embeddable":true,"href":"https:\/\/marketingads.co\/ups\/wp-json\/wp\/v2\/product_tag?post=1223"}],"curies":[{"name":"wp","href":"https:\/\/api.w.org\/{rel}","templated":true}]}}