{"id":1227,"date":"2025-07-29T19:20:08","date_gmt":"2025-07-30T00:20:08","guid":{"rendered":"https:\/\/marketingads.com.co\/ups\/?post_type=product&#038;p=1227"},"modified":"2025-07-29T19:40:49","modified_gmt":"2025-07-30T00:40:49","slug":"baterias-netion-12v-55ah-ciclo-profundo","status":"publish","type":"product","link":"https:\/\/marketingads.co\/ups\/producto\/baterias-netion-12v-55ah-ciclo-profundo\/","title":{"rendered":"BATER\u00cdAS NETION 12V-55AH CICLO PROFUNDO"},"content":{"rendered":"<p>BATER\u00cdAS NETION 12V-55AH CICLO PROFUNDO libres de mantenimiento son ideales para una amplia gama de aplicaciones, desde sistemas de respaldo de energ\u00eda (UPS) hasta inversores, ingenier\u00eda automotriz, alarmas electr\u00f3nicas, cajeros autom\u00e1ticos y mucho m\u00e1s.<\/p>\n<p>Destacan por su excepcional resistencia mec\u00e1nica, ofreciendo una protecci\u00f3n confiable contra golpes, movimientos bruscos y ca\u00eddas accidentales desde bajas alturas. Esta durabilidad excepcional garantiza su funcionamiento \u00f3ptimo incluso en entornos desafiantes.<\/p>\n<p>Adem\u00e1s, su alto rendimiento y resistencia el\u00e9ctrica las hacen especialmente robustas contra sobrecargas excesivas que pueden ser provocadas por cargadores de baja calidad o fallos en sistemas el\u00e9ctricos. Esto asegura una larga vida \u00fatil y un funcionamiento estable en todo momento.<\/p>\n<p>Estas bater\u00edas destacan especialmente en aplicaciones donde se requiere un rendimiento superior, como en UPS de alta potencia, ya que manejan sin problemas corrientes de descarga varias veces superiores a su corriente nominal.<\/p>\n<p>&nbsp;<\/p>\n<h3>Aplicaciones en Diversos Sectores, Esta potente soluci\u00f3n encuentra su lugar en diversas industrias y negocios, como:<\/h3>\n<ul>\n<li>\ud83d\udcde <strong>Call Centers:<\/strong> Mant\u00e9n las comunicaciones ininterrumpidas y los datos protegidos durante cortes de energ\u00eda.<\/li>\n<li>\ud83d\udda5\ufe0f <strong>Servidores:<\/strong> Protege tus servidores y equipos de red para evitar p\u00e9rdidas de datos y tiempos de inactividad.<\/li>\n<li>\ud83c\udfe5 <strong>Sector M\u00e9dico:<\/strong> Asegura el funcionamiento continuo de equipos m\u00e9dicos y odontol\u00f3gicos cr\u00edticos para la atenci\u00f3n de pacientes.<\/li>\n<li>\ud83c\udfed <strong>Industria:<\/strong> Protege tus equipos industriales sensibles y evita da\u00f1os costosos debido a interrupciones de energ\u00eda.<\/li>\n<li>\ud83d\udc65 <strong>Empresas Medianas y Peque\u00f1as:<\/strong> Brinda tranquilidad a tu negocio sin importar su tama\u00f1o, asegurando la continuidad de operaciones esenciales.<\/li>\n<\/ul>\n<p>&nbsp;<\/p>\n<h4><strong>Recuerda que tambi\u00e9n contamos con el servicio de venta de equipos a nivel nacional:<\/strong><\/h4>\n<p>Venta <a href=\"https:\/\/upscomunicaciones.com\/categoria-producto\/ups-online\/?swcfpc=1\">UPS<\/a> tipo torre, venta UPS interactiva, venta de UPS tipo rack, venta UPS Smart APC, venta UPS modular, venta UPS escalable, venta UPS online, UPS paralelo, UPS hibrida, UPS solar, Inversor Solar, UPS en serie, UPS contingencia, bater\u00edas secas, tarjetas de control SNMP, inversores y <a href=\"https:\/\/es.wikipedia.org\/wiki\/Panel_solar\">paneles solares<\/a>.<\/p>\n<p>&nbsp;<\/p>\n","protected":false},"excerpt":{"rendered":"<h2>BATER\u00cdAS NETION 12V-55AH CICLO PROFUNDO<\/h2>\n<p>Las BATERIAS NETION 12V-55AH GEL sin mantenimiento son vers\u00e1tiles para UPS, inversores, alarmas y m\u00e1s. Ofrecen gran resistencia mec\u00e1nica y el\u00e9ctrica, protegiendo contra golpes y sobrecargas, asegurando un rendimiento \u00f3ptimo en entornos desafiantes. Ideales para aplicaciones de alta potencia, manejan corrientes de descarga superiores a su capacidad nominal.<\/p>\n","protected":false},"featured_media":1288,"template":"","meta":[],"product_brand":[166],"product_cat":[150,122],"product_tag":[168],"class_list":{"0":"post-1227","1":"product","2":"type-product","3":"status-publish","4":"has-post-thumbnail","6":"product_brand-netion","7":"product_cat-baterias-netion","8":"product_cat-baterias-secas","9":"product_tag-netion","11":"first","12":"instock","13":"shipping-taxable","14":"product-type-simple"},"aioseo_notices":[],"_links":{"self":[{"href":"https:\/\/marketingads.co\/ups\/wp-json\/wp\/v2\/product\/1227","targetHints":{"allow":["GET"]}}],"collection":[{"href":"https:\/\/marketingads.co\/ups\/wp-json\/wp\/v2\/product"}],"about":[{"href":"https:\/\/marketingads.co\/ups\/wp-json\/wp\/v2\/types\/product"}],"wp:featuredmedia":[{"embeddable":true,"href":"https:\/\/marketingads.co\/ups\/wp-json\/wp\/v2\/media\/1288"}],"wp:attachment":[{"href":"https:\/\/marketingads.co\/ups\/wp-json\/wp\/v2\/media?parent=1227"}],"wp:term":[{"taxonomy":"product_brand","embeddable":true,"href":"https:\/\/marketingads.co\/ups\/wp-json\/wp\/v2\/product_brand?post=1227"},{"taxonomy":"product_cat","embeddable":true,"href":"https:\/\/marketingads.co\/ups\/wp-json\/wp\/v2\/product_cat?post=1227"},{"taxonomy":"product_tag","embeddable":true,"href":"https:\/\/marketingads.co\/ups\/wp-json\/wp\/v2\/product_tag?post=1227"}],"curies":[{"name":"wp","href":"https:\/\/api.w.org\/{rel}","templated":true}]}}