{"id":1299,"date":"2025-07-29T19:49:53","date_gmt":"2025-07-30T00:49:53","guid":{"rendered":"https:\/\/marketingads.com.co\/ups\/?post_type=product&#038;p=1299"},"modified":"2025-07-29T19:57:19","modified_gmt":"2025-07-30T00:57:19","slug":"baterias-kaise-12v-7ah-standard","status":"publish","type":"product","link":"https:\/\/marketingads.co\/ups\/producto\/baterias-kaise-12v-7ah-standard\/","title":{"rendered":"BATER\u00cdAS KAISE 12V-7AH Standard"},"content":{"rendered":"<p>Las BATER\u00cdAS KAISE 12V-7AH Standard ofrecen una serie de caracter\u00edsticas notables que las convierten en una elecci\u00f3n confiable para diversas aplicaciones. Su estabilidad y alta confiabilidad aseguran un rendimiento constante a lo largo del tiempo. Estas bater\u00edas est\u00e1n construidas en un modo sellado VRLA AGM (Absorbent Glass Mat), lo que significa que no requieren mantenimiento convencional, lo que facilita su uso y cuidado. Adem\u00e1s, est\u00e1n dise\u00f1ados con una regulaci\u00f3n de v\u00e1lvula para controlar la presi\u00f3n interna, garantizando un funcionamiento seguro.<\/p>\n<p><strong>\u00a0<\/strong><\/p>\n<h2><strong>Caracter\u00edsticas BATER\u00cdAS KAISE 12V-7AH Standard:<\/strong><\/h2>\n<ol>\n<li>Estabilidad y alta fiabilidad.<\/li>\n<li>Modo de construcci\u00f3n sellada VRLA AGM.<\/li>\n<li>Libre de mantenimiento convencional.<\/li>\n<li>Reguladas por v\u00e1lvula.<\/li>\n<li>Rejilla de alta resistencia.<\/li>\n<li>Baja autodescarga.<\/li>\n<li>Componentes UL reconocidos \u2013 MH25860.<\/li>\n<\/ol>\n<h3><strong>Aplicaciones en Diversos Sectores, Esta potente soluci\u00f3n encuentra su lugar en diversas industrias y negocios, como:<\/strong><\/h3>\n<ul>\n<li>\ud83d\udcde <strong>Call Centers:<\/strong> Mant\u00e9n las comunicaciones ininterrumpidas y los datos protegidos durante cortes de energ\u00eda.<\/li>\n<li>\ud83d\udda5\ufe0f <strong>Servidores:<\/strong> Protege tus servidores y equipos de red para evitar p\u00e9rdidas de datos y tiempos de inactividad.<\/li>\n<li>\ud83c\udfe5 <strong>Sector M\u00e9dico:<\/strong> Asegura el funcionamiento continuo de equipos m\u00e9dicos y odontol\u00f3gicos cr\u00edticos para la atenci\u00f3n de pacientes.<\/li>\n<li>\ud83c\udfed <strong>Industria:<\/strong> Protege tus equipos industriales sensibles y evita da\u00f1os costosos debido a interrupciones de energ\u00eda.<\/li>\n<li>\ud83d\udc65 <strong>Empresas Medianas y Peque\u00f1as:<\/strong> Brinda tranquilidad a tu negocio sin importar su tama\u00f1o, asegurando la continuidad de operaciones esenciales.<\/li>\n<\/ul>\n<p>&nbsp;<\/p>\n<h4><strong>Recuerda que tambi\u00e9n contamos con el servicio de venta de equipos a nivel nacional:<\/strong><\/h4>\n<p>Venta <a href=\"https:\/\/upscomunicaciones.com\/categoria-producto\/ups-online\/ups-vme-ups-online\/?swcfpc=1\">UPS<\/a> tipo torre, venta UPS interactiva, venta de UPS tipo rack, venta UPS Smart APC, venta UPS modular, venta UPS escalable, venta UPS online, UPS paralelo, UPS hibrida, UPS solar, Inversor Solar, UPS en serie, UPS contingencia, bater\u00edas secas, tarjetas de control <a href=\"https:\/\/es.wikipedia.org\/wiki\/Protocolo_simple_de_administraci%C3%B3n_de_red\">SNMP<\/a>, inversores y \u00a0paneles solares.<\/p>\n","protected":false},"excerpt":{"rendered":"<h2>BATER\u00cdAS KAISE 12V-7AH Standard<\/h2>\n<p>Su rejilla de alta resistencia asegura una durabilidad excepcional y una baja autodescarga, lo que significa que retienen su carga durante per\u00edodos prolongados sin necesidad de recarga frecuente. Adem\u00e1s, estos productos cuentan con componentes reconocidos por UL (Underwriters Laboratories) bajo la referencia MH25860, lo que refuerza su calidad y seguridad. En resumen, las bater\u00edas KAISE 12V-5AH Standard combinan estabilidad, facilidad de uso y alto rendimiento para satisfacer diversas necesidades.<\/p>\n","protected":false},"featured_media":1327,"template":"","meta":[],"product_brand":[177],"product_cat":[151,122],"product_tag":[178],"class_list":{"0":"post-1299","1":"product","2":"type-product","3":"status-publish","4":"has-post-thumbnail","6":"product_brand-kaise","7":"product_cat-baterias-kaise","8":"product_cat-baterias-secas","9":"product_tag-kaise","11":"first","12":"instock","13":"shipping-taxable","14":"product-type-simple"},"aioseo_notices":[],"_links":{"self":[{"href":"https:\/\/marketingads.co\/ups\/wp-json\/wp\/v2\/product\/1299","targetHints":{"allow":["GET"]}}],"collection":[{"href":"https:\/\/marketingads.co\/ups\/wp-json\/wp\/v2\/product"}],"about":[{"href":"https:\/\/marketingads.co\/ups\/wp-json\/wp\/v2\/types\/product"}],"wp:featuredmedia":[{"embeddable":true,"href":"https:\/\/marketingads.co\/ups\/wp-json\/wp\/v2\/media\/1327"}],"wp:attachment":[{"href":"https:\/\/marketingads.co\/ups\/wp-json\/wp\/v2\/media?parent=1299"}],"wp:term":[{"taxonomy":"product_brand","embeddable":true,"href":"https:\/\/marketingads.co\/ups\/wp-json\/wp\/v2\/product_brand?post=1299"},{"taxonomy":"product_cat","embeddable":true,"href":"https:\/\/marketingads.co\/ups\/wp-json\/wp\/v2\/product_cat?post=1299"},{"taxonomy":"product_tag","embeddable":true,"href":"https:\/\/marketingads.co\/ups\/wp-json\/wp\/v2\/product_tag?post=1299"}],"curies":[{"name":"wp","href":"https:\/\/api.w.org\/{rel}","templated":true}]}}