{"id":1308,"date":"2025-07-29T19:50:00","date_gmt":"2025-07-30T00:50:00","guid":{"rendered":"https:\/\/marketingads.com.co\/ups\/?post_type=product&#038;p=1308"},"modified":"2025-07-29T19:52:44","modified_gmt":"2025-07-30T00:52:44","slug":"baterias-kaise-12v-75ah-long-life","status":"publish","type":"product","link":"https:\/\/marketingads.co\/ups\/producto\/baterias-kaise-12v-75ah-long-life\/","title":{"rendered":"BATER\u00cdAS KAISE 12V-75AH LONG LIFE"},"content":{"rendered":"<p>Las BATER\u00cdAS KAISE 12V-75AH LONG LIFE destacan por una serie de caracter\u00edsticas excepcionales que las convierten en una elecci\u00f3n confiable y duradera para diversas aplicaciones. Estas bater\u00edas ofrecen estabilidad y alta confiabilidad, lo que significa un rendimiento constante y seguro a lo largo del tiempo. Utilizan la tecnolog\u00eda VRLA AGM (Absorbent Glass Mat) que las hace pr\u00e1cticamente libres de mantenimiento y de baja autodescarga, lo que garantiza que retengan su carga incluso durante per\u00edodos prolongados. Adem\u00e1s, tienen una elevada densidad energ\u00e9tica, lo que se traduce en una mayor capacidad de almacenamiento de energ\u00eda.<\/p>\n<p>&nbsp;<\/p>\n<h2><strong>Caracter\u00edsticas BATER\u00cdAS KAISE 12V-75AH LONG LIFE:<\/strong><\/h2>\n<ol>\n<li>Estabilidad y alta fiabilidad.<\/li>\n<li>Tecnolog\u00eda VRLA AGM.<\/li>\n<li>Baja autodescarga.<\/li>\n<li>Elevada densidad energ\u00e9tica.<\/li>\n<li>Larga vida \u00fatil en flotaci\u00f3n y uso c\u00edclico.<\/li>\n<li>Placas empastadas con rejillas de aleaci\u00f3n de Pb-Sn-Ca de alta densidad para una larga vida \u00fatil.<\/li>\n<\/ol>\n<p>&nbsp;<\/p>\n<h3><strong>Aplicaciones en Diversos Sectores, Esta potente soluci\u00f3n encuentra su lugar en diversas industrias y negocios, como:<\/strong><\/h3>\n<ul>\n<li>\ud83d\udcde <strong>Call Centers:<\/strong> Mant\u00e9n las comunicaciones ininterrumpidas y los datos protegidos durante cortes de energ\u00eda.<\/li>\n<li>\ud83d\udda5\ufe0f <strong>Servidores:<\/strong> Protege tus servidores y equipos de red para evitar p\u00e9rdidas de datos y tiempos de inactividad.<\/li>\n<li>\ud83c\udfe5 <strong>Sector M\u00e9dico:<\/strong> Asegura el funcionamiento continuo de equipos m\u00e9dicos y odontol\u00f3gicos cr\u00edticos para la atenci\u00f3n de pacientes.<\/li>\n<li>\ud83c\udfed <strong>Industria:<\/strong> Protege tus equipos industriales sensibles y evita da\u00f1os costosos debido a interrupciones de energ\u00eda.<\/li>\n<li>\ud83d\udc65 <strong>Empresas Medianas y Peque\u00f1as:<\/strong> Brinda tranquilidad a tu negocio sin importar su tama\u00f1o, asegurando la continuidad de operaciones esenciales.<\/li>\n<\/ul>\n<p>&nbsp;<\/p>\n<h4><strong>Recuerda que tambi\u00e9n contamos con el servicio de venta de equipos a nivel nacional:<\/strong><\/h4>\n<p>Venta <a href=\"https:\/\/upscomunicaciones.com\/categoria-producto\/ups-online\/ups-vme-ups-online\/?swcfpc=1\">UPS<\/a> tipo torre, venta UPS interactiva, venta de UPS tipo rack, venta UPS Smart APC, venta UPS modular, venta UPS escalable, venta UPS online, UPS paralelo, UPS hibrida, UPS solar, Inversor Solar, UPS en serie, UPS contingencia, bater\u00edas secas, tarjetas de control <a href=\"https:\/\/es.wikipedia.org\/wiki\/Protocolo_simple_de_administraci%C3%B3n_de_red\">SNMP<\/a>, inversores y \u00a0paneles solares.<\/p>\n<p>&nbsp;<\/p>\n","protected":false},"excerpt":{"rendered":"<h2>BATER\u00cdAS KAISE 12V-75AH LONG LIFE<\/h2>\n<p>Su vida \u00fatil en flotaci\u00f3n y uso c\u00edclico es significativamente prolongada, gracias a las placas empastadas con rejillas de aleaci\u00f3n de Pb-Sn-Ca de alta densidad, lo que asegura un rendimiento confiable durante un largo per\u00edodo. Estas bater\u00edas son ideales para aplicaciones que requieren una esperanza de vida prolongada, como sistemas de alimentaci\u00f3n ininterrumpida (SAI), telecomunicaciones y diversas aplicaciones el\u00e9ctricas.<\/p>\n","protected":false},"featured_media":1336,"template":"","meta":[],"product_brand":[177],"product_cat":[151,122],"product_tag":[178],"class_list":{"0":"post-1308","1":"product","2":"type-product","3":"status-publish","4":"has-post-thumbnail","6":"product_brand-kaise","7":"product_cat-baterias-kaise","8":"product_cat-baterias-secas","9":"product_tag-kaise","11":"first","12":"instock","13":"shipping-taxable","14":"product-type-simple"},"aioseo_notices":[],"_links":{"self":[{"href":"https:\/\/marketingads.co\/ups\/wp-json\/wp\/v2\/product\/1308","targetHints":{"allow":["GET"]}}],"collection":[{"href":"https:\/\/marketingads.co\/ups\/wp-json\/wp\/v2\/product"}],"about":[{"href":"https:\/\/marketingads.co\/ups\/wp-json\/wp\/v2\/types\/product"}],"wp:featuredmedia":[{"embeddable":true,"href":"https:\/\/marketingads.co\/ups\/wp-json\/wp\/v2\/media\/1336"}],"wp:attachment":[{"href":"https:\/\/marketingads.co\/ups\/wp-json\/wp\/v2\/media?parent=1308"}],"wp:term":[{"taxonomy":"product_brand","embeddable":true,"href":"https:\/\/marketingads.co\/ups\/wp-json\/wp\/v2\/product_brand?post=1308"},{"taxonomy":"product_cat","embeddable":true,"href":"https:\/\/marketingads.co\/ups\/wp-json\/wp\/v2\/product_cat?post=1308"},{"taxonomy":"product_tag","embeddable":true,"href":"https:\/\/marketingads.co\/ups\/wp-json\/wp\/v2\/product_tag?post=1308"}],"curies":[{"name":"wp","href":"https:\/\/api.w.org\/{rel}","templated":true}]}}