{"id":1321,"date":"2025-07-29T19:50:11","date_gmt":"2025-07-30T00:50:11","guid":{"rendered":"https:\/\/marketingads.com.co\/ups\/?post_type=product&#038;p=1321"},"modified":"2025-07-29T19:58:14","modified_gmt":"2025-07-30T00:58:14","slug":"bateria-kaise-solar-12v-80ah-2","status":"publish","type":"product","link":"https:\/\/marketingads.co\/ups\/producto\/bateria-kaise-solar-12v-80ah-2\/","title":{"rendered":"BATER\u00cdA KAISE SOLAR 12V 80Ah"},"content":{"rendered":"<h2>CARACTER\u00cdSTICAS BATER\u00cdA KAISE SOLAR 12V 80Ah:<\/h2>\n<ol>\n<li>La caracter\u00edstica m\u00e1s distintiva de estas bater\u00edas es que utilizan un electrolito gelificado en lugar de l\u00edquido. Este gel proporciona una mayor estabilidad y evita posibles derrames, lo que las hace m\u00e1s seguras y aptas para su uso en posiciones no tradicionales, como acostadas o de lado.<\/li>\n<li>Tienen un buen ciclo de vida y pueden soportar un n\u00famero significativo de ciclos de carga y descarga profundos, lo que las hace adecuadas para aplicaciones de ciclo profundo, como sistemas solares y veh\u00edculos el\u00e9ctricos.<\/li>\n<li>Tienen una tasa de autodescarga m\u00e1s baja en comparaci\u00f3n con algunas otras tecnolog\u00edas de bater\u00edas, lo que significa que pueden retener su carga durante per\u00edodos prolongados sin necesidad de recargas frecuentes.<\/li>\n<li>Son relativamente resistentes a temperaturas extremas, lo que las hace adecuadas para su uso en una variedad de condiciones clim\u00e1ticas.<\/li>\n<li>Tienen una densidad de energ\u00eda moderada en comparaci\u00f3n con algunas bater\u00edas m\u00e1s modernas como las de iones de litio. Esto significa que ocupan m\u00e1s espacio para almacenar la misma cantidad de energ\u00eda.<\/li>\n<li>Se utilizan en una variedad de aplicaciones, que incluyen sistemas de respaldo de energ\u00eda, sistemas solares, sistemas de alarmas, equipos m\u00e9dicos y m\u00e1s.<\/li>\n<\/ol>\n<h2><\/h2>\n<h3>APLICACIONES EN DIVERSOS SECTORES, ESTA POTENTE SOLUCI\u00d3N ENCUENTRA SU LUGAR EN DIVERSAS INDUSTRIAS Y NEGOCIOS, COMO:<\/h3>\n<ul>\n<li><img decoding=\"async\" class=\"emoji\" role=\"img\" draggable=\"false\" src=\"https:\/\/s.w.org\/images\/core\/emoji\/14.0.0\/svg\/1f4de.svg\" alt=\"\ud83d\udcde\" \/>\u00a0<strong>Call Centers:<\/strong>\u00a0Mant\u00e9n las comunicaciones ininterrumpidas y los datos protegidos durante cortes de energ\u00eda.<\/li>\n<li><img decoding=\"async\" class=\"emoji\" role=\"img\" draggable=\"false\" src=\"https:\/\/s.w.org\/images\/core\/emoji\/14.0.0\/svg\/1f5a5.svg\" alt=\"\ud83d\udda5\ufe0f\" \/>\u00a0<strong>Servidores:<\/strong>\u00a0Protege tus servidores y equipos de red para evitar p\u00e9rdidas de datos y tiempos de inactividad.<\/li>\n<li><img decoding=\"async\" class=\"emoji\" role=\"img\" draggable=\"false\" src=\"https:\/\/s.w.org\/images\/core\/emoji\/14.0.0\/svg\/1f3e5.svg\" alt=\"\ud83c\udfe5\" \/>\u00a0<strong>Sector M\u00e9dico:<\/strong>\u00a0Asegura el funcionamiento continuo de equipos m\u00e9dicos y odontol\u00f3gicos cr\u00edticos para la atenci\u00f3n de pacientes.<\/li>\n<li><img decoding=\"async\" class=\"emoji\" role=\"img\" draggable=\"false\" src=\"https:\/\/s.w.org\/images\/core\/emoji\/14.0.0\/svg\/1f3ed.svg\" alt=\"\ud83c\udfed\" \/>\u00a0<strong>Industria:<\/strong>\u00a0Protege tus equipos industriales sensibles y evita da\u00f1os costosos debido a interrupciones de energ\u00eda.<\/li>\n<li><img decoding=\"async\" class=\"emoji\" role=\"img\" draggable=\"false\" src=\"https:\/\/s.w.org\/images\/core\/emoji\/14.0.0\/svg\/1f465.svg\" alt=\"\ud83d\udc65\" \/>\u00a0<strong>Empresas Medianas y Peque\u00f1as:<\/strong>\u00a0Brinda tranquilidad a tu negocio sin importar su tama\u00f1o, asegurando la continuidad de operaciones esenciales.<\/li>\n<\/ul>\n<p>&nbsp;<\/p>\n<h4><strong>RECUERDA QUE TAMBI\u00c9N CONTAMOS CON EL SERVICIO DE VENTA DE EQUIPOS A NIVEL NACIONAL:<\/strong><\/h4>\n<p>Venta UPS tipo torre, venta UPS interactiva, venta de UPS tipo rack, venta UPS Smart APC, venta UPS modular, venta UPS escalable, venta UPS online, UPS paralelo, UPS hibrida, UPS solar,\u00a0<a href=\"https:\/\/upscomunicaciones.com\/producto\/inversor-hibrido\/?swcfpc=1\">Inversor Solar<\/a>, UPS en serie, UPS contingencia, bater\u00edas secas, tarjetas de control SNMP, inversores y \u00a0<a href=\"https:\/\/es.wikipedia.org\/wiki\/Panel_solar\">paneles solares<\/a>.<\/p>\n","protected":false},"excerpt":{"rendered":"<h2>BATER\u00cdA KAISE SOLAR 12V 80Ah<\/h2>\n<p>Debido a su buen comportamiento c\u00edclico, las bater\u00edas AGM y GEL Kaise Solar se utilizan principalmente para la industria de energ\u00edas renovables. La densidad \u00e1cida inferior, el volumen superior de electrolito y una mayor distancia entre las placas, las mantiene a baja temperatura y reducen la corrosi\u00f3n de las placas de rejilla (que a su vez tienen una configuraci\u00f3n especial) junto con el separador de AGM de alta calidad, garantizan una vida \u00fatil m\u00e1s larga. Las v\u00e1lvulas est\u00e1n especialmente dise\u00f1adas para controlar la p\u00e9rdida de agua y evitar la entrada de aire o de otros elementos.<\/p>\n","protected":false},"featured_media":1349,"template":"","meta":[],"product_brand":[177],"product_cat":[151,122],"product_tag":[178],"class_list":{"0":"post-1321","1":"product","2":"type-product","3":"status-publish","4":"has-post-thumbnail","6":"product_brand-kaise","7":"product_cat-baterias-kaise","8":"product_cat-baterias-secas","9":"product_tag-kaise","11":"first","12":"instock","13":"shipping-taxable","14":"product-type-simple"},"aioseo_notices":[],"_links":{"self":[{"href":"https:\/\/marketingads.co\/ups\/wp-json\/wp\/v2\/product\/1321","targetHints":{"allow":["GET"]}}],"collection":[{"href":"https:\/\/marketingads.co\/ups\/wp-json\/wp\/v2\/product"}],"about":[{"href":"https:\/\/marketingads.co\/ups\/wp-json\/wp\/v2\/types\/product"}],"wp:featuredmedia":[{"embeddable":true,"href":"https:\/\/marketingads.co\/ups\/wp-json\/wp\/v2\/media\/1349"}],"wp:attachment":[{"href":"https:\/\/marketingads.co\/ups\/wp-json\/wp\/v2\/media?parent=1321"}],"wp:term":[{"taxonomy":"product_brand","embeddable":true,"href":"https:\/\/marketingads.co\/ups\/wp-json\/wp\/v2\/product_brand?post=1321"},{"taxonomy":"product_cat","embeddable":true,"href":"https:\/\/marketingads.co\/ups\/wp-json\/wp\/v2\/product_cat?post=1321"},{"taxonomy":"product_tag","embeddable":true,"href":"https:\/\/marketingads.co\/ups\/wp-json\/wp\/v2\/product_tag?post=1321"}],"curies":[{"name":"wp","href":"https:\/\/api.w.org\/{rel}","templated":true}]}}