{"id":1362,"date":"2025-07-29T20:14:15","date_gmt":"2025-07-30T01:14:15","guid":{"rendered":"https:\/\/marketingads.com.co\/ups\/?post_type=product&#038;p=1362"},"modified":"2026-01-15T18:53:52","modified_gmt":"2026-01-15T18:53:52","slug":"inversor-cdp-x-verter-3024wm","status":"publish","type":"product","link":"https:\/\/marketingads.co\/ups\/producto\/inversor-cdp-x-verter-3024wm\/","title":{"rendered":"INVERSOR CDP X-Verter 3024WM"},"content":{"rendered":"<p>La serie de INVERSOR CDP X-Verter 3024WM es un avanzado sistema de alimentaci\u00f3n ininterrumpible interactivo de l\u00ednea que produce energ\u00eda de onda sinusoidal pura para su equipo; a diferencia del UPS fuera de l\u00ednea tradicional, la serie proporciona una transferencia muy corta cuando se producen apagones, y transferencia cero del modo CA al modo bater\u00eda y viceversa.<\/p>\n<h4>CARACTERISTICAS INVERSOR CDP X-Verter 3024WM:<\/h4>\n<ol>\n<li>Salida de onda sinosoidal pura.<\/li>\n<li>Dise\u00f1o basado en microprocesador.<\/li>\n<li>Estructura true Line-Interactive.<\/li>\n<li>Carga mas inteligente, rapida y estable.<\/li>\n<li>pantalla LCD.<\/li>\n<li>Interfaz RS-232para comunicaicon compatible con todos los O.S, INCLUYENDO windows, linux y sco unix.<\/li>\n<li>Proteccion contea sobrecagas, corto circuitos y sobrecalentamiento.<\/li>\n<li>interruptor de breaker de entrada y salida.<\/li>\n<li>conector para panel solar(OPCIONAL).<\/li>\n<li>Interruptor DIP.<\/li>\n<\/ol>\n<h4>Aplicaciones en Diversos Sectores, Esta potente soluci\u00f3n encuentra su lugar en diversas industrias y negocios, como:<\/h4>\n<ul>\n<li>\ud83d\udcde <strong>Call Centers:<\/strong> Mant\u00e9n las comunicaciones ininterrumpidas y los datos protegidos durante cortes de energ\u00eda.<\/li>\n<li>\ud83d\udda5\ufe0f <strong>Servidores:<\/strong> Protege tus servidores y equipos de red para evitar p\u00e9rdidas de datos y tiempos de inactividad.<\/li>\n<li>\ud83c\udfe5 <strong>Sector M\u00e9dico:<\/strong> Asegura el funcionamiento continuo de equipos m\u00e9dicos y odontol\u00f3gicos cr\u00edticos para la atenci\u00f3n de pacientes.<\/li>\n<li>\ud83c\udfed <strong>Industria:<\/strong> Protege tus equipos industriales sensibles y evita da\u00f1os costosos debido a interrupciones de energ\u00eda.<\/li>\n<li>\ud83d\udc65 <strong>Empresas Medianas y Peque\u00f1as:<\/strong> Brinda tranquilidad a tu negocio sin importar su tama\u00f1o, asegurando la continuidad de operaciones esenciales.<\/li>\n<\/ul>\n<h4><strong>Recuerda que tambi\u00e9n contamos con el servicio de venta de equipos a nivel nacional:<\/strong><\/h4>\n<p>Venta UPS tipo torre, venta UPS interactiva, venta de UPS tipo rack, venta UPS Smart APC, venta UPS modular, venta UPS escalable, venta UPS online, UPS paralelo, UPS hibrida, UPS solar, <a href=\"https:\/\/upscomunicaciones.com\/producto\/inversor-hibrido\/\">Inversor Solar<\/a>, UPS en serie, UPS contingencia, bater\u00edas secas, tarjetas de control SNMP, inversores y \u00a0<a href=\"https:\/\/es.wikipedia.org\/wiki\/Panel_solar\">paneles solares<\/a>.<\/p>\n","protected":false},"excerpt":{"rendered":"<p>La serie de inversores CDP X-Verter es un avanzado sistema de alimentaci\u00f3n ininterrumpible interactivo de l\u00ednea que produce energ\u00eda de onda sinusoidal pura para su equipo; a diferencia del UPS fuera de l\u00ednea tradicional, la serie proporciona una transferencia muy corta cuando se producen apagones, y transferencia cero del modo CA al modo bater\u00eda y viceversa.<\/p>\n","protected":false},"featured_media":1368,"template":"","meta":[],"product_brand":[133],"product_cat":[123,179],"product_tag":[134,181],"class_list":{"0":"post-1362","1":"product","2":"type-product","3":"status-publish","4":"has-post-thumbnail","6":"product_brand-cdp","7":"product_cat-inversores-ac-dc","8":"product_cat-inversores-cdp","9":"product_tag-cdp","10":"product_tag-inversores-ac-dc","12":"first","13":"instock","14":"shipping-taxable","15":"product-type-simple"},"aioseo_notices":[],"_links":{"self":[{"href":"https:\/\/marketingads.co\/ups\/wp-json\/wp\/v2\/product\/1362","targetHints":{"allow":["GET"]}}],"collection":[{"href":"https:\/\/marketingads.co\/ups\/wp-json\/wp\/v2\/product"}],"about":[{"href":"https:\/\/marketingads.co\/ups\/wp-json\/wp\/v2\/types\/product"}],"wp:featuredmedia":[{"embeddable":true,"href":"https:\/\/marketingads.co\/ups\/wp-json\/wp\/v2\/media\/1368"}],"wp:attachment":[{"href":"https:\/\/marketingads.co\/ups\/wp-json\/wp\/v2\/media?parent=1362"}],"wp:term":[{"taxonomy":"product_brand","embeddable":true,"href":"https:\/\/marketingads.co\/ups\/wp-json\/wp\/v2\/product_brand?post=1362"},{"taxonomy":"product_cat","embeddable":true,"href":"https:\/\/marketingads.co\/ups\/wp-json\/wp\/v2\/product_cat?post=1362"},{"taxonomy":"product_tag","embeddable":true,"href":"https:\/\/marketingads.co\/ups\/wp-json\/wp\/v2\/product_tag?post=1362"}],"curies":[{"name":"wp","href":"https:\/\/api.w.org\/{rel}","templated":true}]}}