{"id":1372,"date":"2025-07-29T20:37:07","date_gmt":"2025-07-30T01:37:07","guid":{"rendered":"https:\/\/marketingads.com.co\/ups\/?post_type=product&#038;p=1372"},"modified":"2025-08-28T16:00:32","modified_gmt":"2025-08-28T21:00:32","slug":"inversor-vme-dc-ac-cargador-1-5kw","status":"publish","type":"product","link":"https:\/\/marketingads.co\/ups\/producto\/inversor-vme-dc-ac-cargador-1-5kw\/","title":{"rendered":"INVERSOR VME DC-AC \u2013 CARGADOR 1.5KW"},"content":{"rendered":"<h2>CARACTERISTICAS INVERSOR VME DC-AC \u2013 CARGADOR 1.5KW<\/h2>\n<p>El INVERSOR VME DC-AC + CARGADOR de 1.5kw Tiene un poderoso cargador interno de bater\u00edas. Su funci\u00f3n principal son los Equipo de protecci\u00f3n el\u00e9ctrica para sistemas de alimentaci\u00f3n de emergencia.<\/p>\n<ol>\n<li><span style=\"font-weight: 400;\">Ampliaci\u00f3n hasta 8 horas de tiempo de protecci\u00f3n para lugares donde los cortes de energ\u00eda son prolongados.<\/span><\/li>\n<li>Equipado con potente cargador de bater\u00edas, onda senoidal pura, inversor y cargador de alta frecuencia.<\/li>\n<li>Control de velocidad de los ventiladores de acuerdo a la carga conectada.<\/li>\n<li>Usos frecuentes en zonas rurales.<\/li>\n<li>Usados en instalaciones desatendidas como torres de comunicaci\u00f3n, emisoras, como soportes para cortes prolongados.<\/li>\n<\/ol>\n<p>&nbsp;<\/p>\n<h3>APLICACIONES EN DIVERSOS SECTORES, ESTA POTENTE SOLUCI\u00d3N ENCUENTRA SU LUGAR EN DIVERSAS INDUSTRIAS Y NEGOCIOS, COMO:<\/h3>\n<ul>\n<li><img decoding=\"async\" class=\"emoji\" role=\"img\" draggable=\"false\" src=\"https:\/\/s.w.org\/images\/core\/emoji\/14.0.0\/svg\/1f4de.svg\" alt=\"\ud83d\udcde\" \/>\u00a0<strong>Call Centers:<\/strong>\u00a0Mant\u00e9n las comunicaciones ininterrumpidas y los datos protegidos durante cortes de energ\u00eda.<\/li>\n<li><img decoding=\"async\" class=\"emoji\" role=\"img\" draggable=\"false\" src=\"https:\/\/s.w.org\/images\/core\/emoji\/14.0.0\/svg\/1f5a5.svg\" alt=\"\ud83d\udda5\ufe0f\" \/>\u00a0<strong>Servidores:<\/strong>\u00a0Protege tus servidores y equipos de red para evitar p\u00e9rdidas de datos y tiempos de inactividad.<\/li>\n<li><img decoding=\"async\" class=\"emoji\" role=\"img\" draggable=\"false\" src=\"https:\/\/s.w.org\/images\/core\/emoji\/14.0.0\/svg\/1f3e5.svg\" alt=\"\ud83c\udfe5\" \/>\u00a0<strong>Sector M\u00e9dico:<\/strong> Asegura el funcionamiento continuo de equipos m\u00e9dicos y odontol\u00f3gicos cr\u00edticos para la atenci\u00f3n de pacientes.<\/li>\n<li><img decoding=\"async\" class=\"emoji\" role=\"img\" draggable=\"false\" src=\"https:\/\/s.w.org\/images\/core\/emoji\/14.0.0\/svg\/1f3ed.svg\" alt=\"\ud83c\udfed\" \/>\u00a0<strong>Industria:<\/strong>\u00a0Protege tus equipos industriales sensibles y evita da\u00f1os costosos debido a interrupciones de energ\u00eda.<\/li>\n<li><img decoding=\"async\" class=\"emoji\" role=\"img\" draggable=\"false\" src=\"https:\/\/s.w.org\/images\/core\/emoji\/14.0.0\/svg\/1f465.svg\" alt=\"\ud83d\udc65\" \/>\u00a0<strong>Empresas Medianas y Peque\u00f1as:<\/strong>\u00a0Brinda tranquilidad a tu negocio sin importar su tama\u00f1o, asegurando la continuidad de operaciones esenciales.<\/li>\n<\/ul>\n<p>&nbsp;<\/p>\n<h4><strong>RECUERDA QUE TAMBI\u00c9N CONTAMOS CON EL SERVICIO DE VENTA DE EQUIPOS A NIVEL NACIONAL:<\/strong><\/h4>\n<p>Venta UPS tipo torre, venta UPS interactiva, venta de UPS tipo rack, venta UPS Smart APC, venta UPS modular, venta UPS escalable, venta UPS online, UPS paralelo, UPS hibrida, UPS solar, Inversor Solar, UPS en serie, UPS contingencia, bater\u00edas secas, tarjetas de control SNMP, inversores y paneles solares.<\/p>\n","protected":false},"excerpt":{"rendered":"<p>El INVERSOR VME DC-AC + CARGADOR de 300KW, Tiene un poderoso cargador interno de bater\u00edas. Su funci\u00f3n principal son los equipos de protecci\u00f3n el\u00e9ctrica para sistemas de alimentaci\u00f3n de emergencia.<\/p>\n","protected":false},"featured_media":1375,"template":"","meta":[],"product_brand":[182],"product_cat":[123,183],"product_tag":[181,185],"class_list":{"0":"post-1372","1":"product","2":"type-product","3":"status-publish","4":"has-post-thumbnail","6":"product_brand-new-line","7":"product_cat-inversores-ac-dc","8":"product_cat-inversores-vme","9":"product_tag-inversores-ac-dc","10":"product_tag-new-line","12":"first","13":"instock","14":"shipping-taxable","15":"product-type-simple"},"aioseo_notices":[],"_links":{"self":[{"href":"https:\/\/marketingads.co\/ups\/wp-json\/wp\/v2\/product\/1372","targetHints":{"allow":["GET"]}}],"collection":[{"href":"https:\/\/marketingads.co\/ups\/wp-json\/wp\/v2\/product"}],"about":[{"href":"https:\/\/marketingads.co\/ups\/wp-json\/wp\/v2\/types\/product"}],"wp:featuredmedia":[{"embeddable":true,"href":"https:\/\/marketingads.co\/ups\/wp-json\/wp\/v2\/media\/1375"}],"wp:attachment":[{"href":"https:\/\/marketingads.co\/ups\/wp-json\/wp\/v2\/media?parent=1372"}],"wp:term":[{"taxonomy":"product_brand","embeddable":true,"href":"https:\/\/marketingads.co\/ups\/wp-json\/wp\/v2\/product_brand?post=1372"},{"taxonomy":"product_cat","embeddable":true,"href":"https:\/\/marketingads.co\/ups\/wp-json\/wp\/v2\/product_cat?post=1372"},{"taxonomy":"product_tag","embeddable":true,"href":"https:\/\/marketingads.co\/ups\/wp-json\/wp\/v2\/product_tag?post=1372"}],"curies":[{"name":"wp","href":"https:\/\/api.w.org\/{rel}","templated":true}]}}