{"id":1373,"date":"2025-07-29T20:37:08","date_gmt":"2025-07-30T01:37:08","guid":{"rendered":"https:\/\/marketingads.com.co\/ups\/?post_type=product&#038;p=1373"},"modified":"2025-08-28T15:53:40","modified_gmt":"2025-08-28T20:53:40","slug":"inversor-vme-dc-ac-cargador-300w","status":"publish","type":"product","link":"https:\/\/marketingads.co\/ups\/producto\/inversor-vme-dc-ac-cargador-300w\/","title":{"rendered":"INVERSOR VME DC-AC \u2013 CARGADOR 300W"},"content":{"rendered":"<h2>CARACTERISTICAS INVERSOR VME DC-AC \u2013 CARGADOR 300W:<\/h2>\n<ol>\n<li>Ampliaci\u00f3n hasta 8 horas de tiempo de protecci\u00f3n para lugares donde los cortes de energ\u00eda son prolongados.<\/li>\n<li>Equipado con potente cargador de bater\u00edas, onda senoidal pura, inversor y cargador de alta frecuencia.<\/li>\n<li>Control de velocidad de los ventiladores de acuerdo con la carga conectada.<\/li>\n<li>Usos frecuentes en zonas rurales.<\/li>\n<li>Usados en instalaciones desatendidas como torres de comunicaci\u00f3n, emisoras, como soportes para cortes prolongados.<\/li>\n<\/ol>\n<p>&nbsp;<\/p>\n<h3>Aplicaciones en Diversos Sectores, Esta potente soluci\u00f3n encuentra su lugar en diversas industrias y negocios, como:<\/h3>\n<ul>\n<li>\ud83d\udcde <strong>Call Centers:<\/strong> Mant\u00e9n las comunicaciones ininterrumpidas y los datos protegidos durante cortes de energ\u00eda.<\/li>\n<li>\ud83d\udda5\ufe0f <strong>Industria:<\/strong> Protege tus equipos industriales sensibles y evita da\u00f1os costosos debido a interrupciones de energ\u00eda.<\/li>\n<li>\ud83c\udfe5 <strong>Empresas Medianas y Peque\u00f1as:<\/strong> Brinda tranquilidad a tu negocio sin importar su tama\u00f1o, asegurando la continuidad de operaciones esenciales.<\/li>\n<\/ul>\n<p>&nbsp;<\/p>\n<h4><strong>Recuerda que tambi\u00e9n contamos con el servicio de venta de equipos a nivel nacional:<\/strong><\/h4>\n<p><span style=\"font-weight: 400;\">Venta UPS tipo torre, venta UPS interactiva, venta de UPS tipo rack, venta UPS Smart APC, venta UPS modular, venta UPS escalable, venta UPS online, UPS paralelo, UPS h\u00edbrida, UPS solar, Inversor Solar, UPS en serie, UPS contingencia, bater\u00edas secas, tarjetas de control SNMP, inversores y paneles solares.<\/span><\/p>\n","protected":false},"excerpt":{"rendered":"<p>El INVERSOR VME DC-AC + CARGADOR de 300W, Tiene un poderoso cargador interno de bater\u00edas. Su funci\u00f3n principal son los equipos de protecci\u00f3n el\u00e9ctrica para sistemas de alimentaci\u00f3n de emergencia.<\/p>\n","protected":false},"featured_media":1376,"template":"","meta":[],"product_brand":[182],"product_cat":[123,183],"product_tag":[181,185],"class_list":{"0":"post-1373","1":"product","2":"type-product","3":"status-publish","4":"has-post-thumbnail","6":"product_brand-new-line","7":"product_cat-inversores-ac-dc","8":"product_cat-inversores-vme","9":"product_tag-inversores-ac-dc","10":"product_tag-new-line","12":"first","13":"instock","14":"shipping-taxable","15":"product-type-simple"},"aioseo_notices":[],"_links":{"self":[{"href":"https:\/\/marketingads.co\/ups\/wp-json\/wp\/v2\/product\/1373","targetHints":{"allow":["GET"]}}],"collection":[{"href":"https:\/\/marketingads.co\/ups\/wp-json\/wp\/v2\/product"}],"about":[{"href":"https:\/\/marketingads.co\/ups\/wp-json\/wp\/v2\/types\/product"}],"wp:featuredmedia":[{"embeddable":true,"href":"https:\/\/marketingads.co\/ups\/wp-json\/wp\/v2\/media\/1376"}],"wp:attachment":[{"href":"https:\/\/marketingads.co\/ups\/wp-json\/wp\/v2\/media?parent=1373"}],"wp:term":[{"taxonomy":"product_brand","embeddable":true,"href":"https:\/\/marketingads.co\/ups\/wp-json\/wp\/v2\/product_brand?post=1373"},{"taxonomy":"product_cat","embeddable":true,"href":"https:\/\/marketingads.co\/ups\/wp-json\/wp\/v2\/product_cat?post=1373"},{"taxonomy":"product_tag","embeddable":true,"href":"https:\/\/marketingads.co\/ups\/wp-json\/wp\/v2\/product_tag?post=1373"}],"curies":[{"name":"wp","href":"https:\/\/api.w.org\/{rel}","templated":true}]}}