{"id":1382,"date":"2025-07-29T20:57:56","date_gmt":"2025-07-30T01:57:56","guid":{"rendered":"https:\/\/marketingads.com.co\/ups\/?post_type=product&#038;p=1382"},"modified":"2026-01-16T21:05:58","modified_gmt":"2026-01-16T21:05:58","slug":"planta-electrica-ducati-1200-w-dgr1300-gasolina","status":"publish","type":"product","link":"https:\/\/marketingads.co\/ups\/producto\/planta-electrica-ducati-1200-w-dgr1300-gasolina\/","title":{"rendered":"Planta Electrica DUCATI 1200 W &#8211; DGR1300 &#8211; GASOLINA"},"content":{"rendered":"<p>La Planta El\u00e9ctrica DUCATI 1200 W tambi\u00e9n cuenta con un voltaje nominal de 120V y una corriente de 4.1 A, proporcionando la energ\u00eda necesaria para tus dispositivos y electrodom\u00e9sticos. Adem\u00e1s, con la regulaci\u00f3n AVR incorporada, disfrutar\u00e1s de una corriente estable y segura.<\/p>\n<h4>Caracteristicas de la Planta Electrica DUCATI 1200 W &#8211; DGR1300 &#8211; GASOLINA:<\/h4>\n<ol>\n<li>Potencia maxima de entrega 1200 W.<\/li>\n<li>Tipo de combustible: Gasolina.<\/li>\n<li>Capacidad del desposito de combustible: 7 L.<\/li>\n<li>refrigeracion: Aire.<\/li>\n<li>Tipo de aceite 20w50 con capacidad de 0.25 L.<\/li>\n<li>Voltaje nominal: 120V.<\/li>\n<li>Corriente : 4.1 A.<\/li>\n<li>Tiene regulacion AVR.<\/li>\n<li>Contiene 2 toma corrientes.<\/li>\n<\/ol>\n<h4>Aplicaciones en Diversos Sectores, Esta potente soluci\u00f3n encuentra su lugar en diversas industrias y negocios, como:<\/h4>\n<ul>\n<li>\ud83d\udcde <strong>Call Centers:<\/strong> Mant\u00e9n las comunicaciones ininterrumpidas y los datos protegidos durante cortes de energ\u00eda.<\/li>\n<li>\ud83d\udda5\ufe0f <strong>Servidores:<\/strong> Protege tus servidores y equipos de red para evitar p\u00e9rdidas de datos y tiempos de inactividad.<\/li>\n<li>\ud83c\udfe5 <strong>Sector M\u00e9dico:<\/strong> Asegura el funcionamiento continuo de equipos m\u00e9dicos y odontol\u00f3gicos cr\u00edticos para la atenci\u00f3n de pacientes.<\/li>\n<li>\ud83c\udfed <strong>Industria:<\/strong> Protege tus equipos industriales sensibles y evita da\u00f1os costosos debido a interrupciones de energ\u00eda.<\/li>\n<li>\ud83d\udc65 <strong>Empresas Medianas y Peque\u00f1as:<\/strong> Brinda tranquilidad a tu negocio sin importar su tama\u00f1o, asegurando la continuidad de operaciones esenciales.<\/li>\n<\/ul>\n<h4><strong>Recuerda que tambi\u00e9n contamos con el servicio de venta de equipos a nivel nacional:<\/strong><\/h4>\n<p>Venta <a href=\"https:\/\/upscomunicaciones.com\/categoria-producto\/ups-interactiva\/\">UPS<\/a> tipo torre, venta UPS interactiva, venta de UPS tipo rack, venta UPS Smart APC, venta UPS modular, venta UPS escalable, venta UPS online, UPS paralelo, UPS hibrida, UPS solar, Inversor Solar, UPS en serie, UPS contingencia, bater\u00edas secas, tarjetas de control <a href=\"https:\/\/es.wikipedia.org\/wiki\/Protocolo_simple_de_administraci%C3%B3n_de_red\">SNMP<\/a>, inversores y paneles solares.<\/p>\n","protected":false},"excerpt":{"rendered":"<p>Con una impresionante potencia m\u00e1xima de entrega de 1200 W, esta planta el\u00e9ctrica est\u00e1 dise\u00f1ada para brindarte energ\u00eda confiable en cualquier momento. Utilizando gasolina como su combustible principal, su dep\u00f3sito de combustible de 7 L garantiza una duraci\u00f3n excepcional para que nunca te quedes sin energ\u00eda cuando m\u00e1s la necesitas.<\/p>\n","protected":false},"featured_media":1388,"template":"","meta":[],"product_brand":[187],"product_cat":[124,186],"product_tag":[188],"class_list":{"0":"post-1382","1":"product","2":"type-product","3":"status-publish","4":"has-post-thumbnail","6":"product_brand-ducati","7":"product_cat-generadores-y-plantas-electricas","8":"product_cat-plantas-electricas-ducati","9":"product_tag-ducati","11":"first","12":"instock","13":"shipping-taxable","14":"product-type-simple"},"aioseo_notices":[],"_links":{"self":[{"href":"https:\/\/marketingads.co\/ups\/wp-json\/wp\/v2\/product\/1382","targetHints":{"allow":["GET"]}}],"collection":[{"href":"https:\/\/marketingads.co\/ups\/wp-json\/wp\/v2\/product"}],"about":[{"href":"https:\/\/marketingads.co\/ups\/wp-json\/wp\/v2\/types\/product"}],"wp:featuredmedia":[{"embeddable":true,"href":"https:\/\/marketingads.co\/ups\/wp-json\/wp\/v2\/media\/1388"}],"wp:attachment":[{"href":"https:\/\/marketingads.co\/ups\/wp-json\/wp\/v2\/media?parent=1382"}],"wp:term":[{"taxonomy":"product_brand","embeddable":true,"href":"https:\/\/marketingads.co\/ups\/wp-json\/wp\/v2\/product_brand?post=1382"},{"taxonomy":"product_cat","embeddable":true,"href":"https:\/\/marketingads.co\/ups\/wp-json\/wp\/v2\/product_cat?post=1382"},{"taxonomy":"product_tag","embeddable":true,"href":"https:\/\/marketingads.co\/ups\/wp-json\/wp\/v2\/product_tag?post=1382"}],"curies":[{"name":"wp","href":"https:\/\/api.w.org\/{rel}","templated":true}]}}