{"id":1387,"date":"2025-07-29T20:58:00","date_gmt":"2025-07-30T01:58:00","guid":{"rendered":"https:\/\/marketingads.com.co\/ups\/?post_type=product&#038;p=1387"},"modified":"2026-01-16T20:42:34","modified_gmt":"2026-01-16T20:42:34","slug":"planta-electrica-ducati-8000-w-dgr8000es-gasolina","status":"publish","type":"product","link":"https:\/\/marketingads.co\/ups\/producto\/planta-electrica-ducati-8000-w-dgr8000es-gasolina\/","title":{"rendered":"Planta Electrica DUCATI 8000 W &#8211; DGR8000ES &#8211; GASOLINA"},"content":{"rendered":"<h4>Caracteristicas de la Planta Electrica DUCATI 8000 W &#8211; DGR8000ES &#8211; GASOLINA:<\/h4>\n<ol>\n<li>Potencia maxima de entrega 8000 W.<\/li>\n<li>Tipo de combustible: Gasolina.<\/li>\n<li>Capacidad del desposito de combustible: 30 L.<\/li>\n<li>refrigeracion: Aire.<\/li>\n<li>Tipo de aceite 20w50 con capacidad de 1.4 L.<\/li>\n<li>Voltaje nominal: 120V &#8211; 220V.<\/li>\n<li>Corriente : 33.3 A.<\/li>\n<li>Tiene regulacion AVR.<\/li>\n<li>Viene equipado con\u00a0 4 toma corrientes a 110 V.<\/li>\n<li>Viene equipado con 1 toma corriente a 220 V.<\/li>\n<li>Potencia en motor de 16 HP.<\/li>\n<\/ol>\n<p><strong>NOTA: este equipo no se recomienda para trabajo continuo de larga duracion.<\/strong><\/p>\n<h4>Aplicaciones en Diversos Sectores, Esta potente soluci\u00f3n encuentra su lugar en diversas industrias y negocios, como:<\/h4>\n<ul>\n<li>\ud83d\udcde <strong>Call Centers:<\/strong> Mant\u00e9n las comunicaciones ininterrumpidas y los datos protegidos durante cortes de energ\u00eda.<\/li>\n<li>\ud83d\udda5\ufe0f <strong>Servidores:<\/strong> Protege tus servidores y equipos de red para evitar p\u00e9rdidas de datos y tiempos de inactividad.<\/li>\n<li>\ud83c\udfe5 <strong>Sector M\u00e9dico:<\/strong> Asegura el funcionamiento continuo de equipos m\u00e9dicos y odontol\u00f3gicos cr\u00edticos para la atenci\u00f3n de pacientes.<\/li>\n<li>\ud83c\udfed <strong>Industria:<\/strong> Protege tus equipos industriales sensibles y evita da\u00f1os costosos debido a interrupciones de energ\u00eda.<\/li>\n<li>\ud83d\udc65 <strong>Empresas Medianas y Peque\u00f1as:<\/strong> Brinda tranquilidad a tu negocio sin importar su tama\u00f1o, asegurando la continuidad de operaciones esenciales.<\/li>\n<\/ul>\n<h4><strong>Recuerda que tambi\u00e9n contamos con el servicio de venta de equipos a nivel nacional:<\/strong><\/h4>\n<p>Venta <a href=\"https:\/\/upscomunicaciones.com\/categoria-producto\/ups-interactiva\/\">UPS<\/a> tipo torre, venta UPS interactiva, venta de UPS tipo rack, venta UPS Smart APC, venta UPS modular, venta UPS escalable, venta UPS online, UPS paralelo, UPS hibrida, UPS solar, Inversor Solar, UPS en serie, UPS contingencia, bater\u00edas secas, tarjetas de control <a href=\"https:\/\/es.wikipedia.org\/wiki\/Protocolo_simple_de_administraci%C3%B3n_de_red\">SNMP<\/a>, inversores y paneles solares.<\/p>\n","protected":false},"excerpt":{"rendered":"<p>Con voltaje dual (120V-220V), corriente de 33.3 A y m\u00faltiples tomas, es la soluci\u00f3n vers\u00e1til y potente para tus necesidades el\u00e9ctricas.<\/p>\n","protected":false},"featured_media":1393,"template":"","meta":[],"product_brand":[187],"product_cat":[124,186],"product_tag":[188],"class_list":{"0":"post-1387","1":"product","2":"type-product","3":"status-publish","4":"has-post-thumbnail","6":"product_brand-ducati","7":"product_cat-generadores-y-plantas-electricas","8":"product_cat-plantas-electricas-ducati","9":"product_tag-ducati","11":"first","12":"instock","13":"shipping-taxable","14":"product-type-simple"},"aioseo_notices":[],"_links":{"self":[{"href":"https:\/\/marketingads.co\/ups\/wp-json\/wp\/v2\/product\/1387","targetHints":{"allow":["GET"]}}],"collection":[{"href":"https:\/\/marketingads.co\/ups\/wp-json\/wp\/v2\/product"}],"about":[{"href":"https:\/\/marketingads.co\/ups\/wp-json\/wp\/v2\/types\/product"}],"wp:featuredmedia":[{"embeddable":true,"href":"https:\/\/marketingads.co\/ups\/wp-json\/wp\/v2\/media\/1393"}],"wp:attachment":[{"href":"https:\/\/marketingads.co\/ups\/wp-json\/wp\/v2\/media?parent=1387"}],"wp:term":[{"taxonomy":"product_brand","embeddable":true,"href":"https:\/\/marketingads.co\/ups\/wp-json\/wp\/v2\/product_brand?post=1387"},{"taxonomy":"product_cat","embeddable":true,"href":"https:\/\/marketingads.co\/ups\/wp-json\/wp\/v2\/product_cat?post=1387"},{"taxonomy":"product_tag","embeddable":true,"href":"https:\/\/marketingads.co\/ups\/wp-json\/wp\/v2\/product_tag?post=1387"}],"curies":[{"name":"wp","href":"https:\/\/api.w.org\/{rel}","templated":true}]}}