{"id":1398,"date":"2025-07-29T21:11:36","date_gmt":"2025-07-30T02:11:36","guid":{"rendered":"https:\/\/marketingads.com.co\/ups\/?post_type=product&#038;p=1398"},"modified":"2026-01-16T19:21:43","modified_gmt":"2026-01-16T19:21:43","slug":"planta-electrica-yorking-5500w-yde6700ta-diesel","status":"publish","type":"product","link":"https:\/\/marketingads.co\/ups\/producto\/planta-electrica-yorking-5500w-yde6700ta-diesel\/","title":{"rendered":"Planta electrica YORKING 5500W &#8211; YDE6700TA &#8211; DIESEL"},"content":{"rendered":"<p>La Planta electrica YORKING 5500 W &#8211; YDE6700T &#8211; DIESEL, cuenta con salida bifasica 120V-220V. Esta planta electrica esta equipada en una cabina original de fabrica, lo que permite la minimizacion de ruido en el ambiente.<\/p>\n<h4>Caracteristicas principales de la Planta electrica YORKING 5500 W:<\/h4>\n<ol>\n<li>Tablero Digital.<\/li>\n<li>Potencia de generacion de 5500 W.<\/li>\n<li>Cuenta con una salida de corriente Bifasica.<\/li>\n<li>El motor funciona con combustible Diesel.<\/li>\n<li>Capacidad del tanque: 24 L.<\/li>\n<li>Sisteme de arranque: Electrico.<\/li>\n<li>Viene con tanque de combustible y kit de herramientas basico.<\/li>\n<\/ol>\n<p><strong>NOTA: este equipo no se recomienda para trabajo continuo de larga duracion.<\/strong><\/p>\n<h4>Aplicaciones en Diversos Sectores, Esta potente soluci\u00f3n encuentra su lugar en diversas industrias y negocios, como:<\/h4>\n<ul>\n<li>\ud83d\udcde <strong>Call Centers:<\/strong> Mant\u00e9n las comunicaciones ininterrumpidas y los datos protegidos durante cortes de energ\u00eda.<\/li>\n<li>\ud83d\udda5\ufe0f <strong>Servidores:<\/strong> Protege tus servidores y equipos de red para evitar p\u00e9rdidas de datos y tiempos de inactividad.<\/li>\n<li>\ud83c\udfe5 <strong>Sector M\u00e9dico:<\/strong> Asegura el funcionamiento continuo de equipos m\u00e9dicos y odontol\u00f3gicos cr\u00edticos para la atenci\u00f3n de pacientes.<\/li>\n<li>\ud83c\udfed <strong>Industria:<\/strong> Protege tus equipos industriales sensibles y evita da\u00f1os costosos debido a interrupciones de energ\u00eda.<\/li>\n<li>\ud83d\udc65 <strong>Empresas Medianas y Peque\u00f1as:<\/strong> Brinda tranquilidad a tu negocio sin importar su tama\u00f1o, asegurando la continuidad de operaciones esenciales.<\/li>\n<\/ul>\n<h4><strong>Recuerda que tambi\u00e9n contamos con el servicio de venta de equipos a nivel nacional:<\/strong><\/h4>\n<p>Venta <a href=\"https:\/\/upscomunicaciones.com\/categoria-producto\/ups-interactiva\/\">UPS<\/a> tipo torre, venta UPS interactiva, venta de UPS tipo rack, venta UPS Smart APC, venta UPS modular, venta UPS escalable, venta UPS online, UPS paralelo, UPS hibrida, UPS solar, Inversor Solar, UPS en serie, UPS contingencia, bater\u00edas secas, tarjetas de control <a href=\"https:\/\/es.wikipedia.org\/wiki\/Protocolo_simple_de_administraci%C3%B3n_de_red\">SNMP<\/a>, inversores y paneles solares.<\/p>\n","protected":false},"excerpt":{"rendered":"<p>Su dise\u00f1o en cabina original minimiza el ruido ambiental, mientras que el motor de combustible diesel, tanque de 24 L y sistema de arranque el\u00e9ctrico brindan eficiencia y conveniencia.<\/p>\n","protected":false},"featured_media":1402,"template":"","meta":[],"product_brand":[189],"product_cat":[124,191],"product_tag":[192],"class_list":{"0":"post-1398","1":"product","2":"type-product","3":"status-publish","4":"has-post-thumbnail","6":"product_brand-yorking","7":"product_cat-generadores-y-plantas-electricas","8":"product_cat-plantas-electricas-yorking","9":"product_tag-yorking","11":"first","12":"instock","13":"shipping-taxable","14":"product-type-simple"},"aioseo_notices":[],"_links":{"self":[{"href":"https:\/\/marketingads.co\/ups\/wp-json\/wp\/v2\/product\/1398","targetHints":{"allow":["GET"]}}],"collection":[{"href":"https:\/\/marketingads.co\/ups\/wp-json\/wp\/v2\/product"}],"about":[{"href":"https:\/\/marketingads.co\/ups\/wp-json\/wp\/v2\/types\/product"}],"wp:featuredmedia":[{"embeddable":true,"href":"https:\/\/marketingads.co\/ups\/wp-json\/wp\/v2\/media\/1402"}],"wp:attachment":[{"href":"https:\/\/marketingads.co\/ups\/wp-json\/wp\/v2\/media?parent=1398"}],"wp:term":[{"taxonomy":"product_brand","embeddable":true,"href":"https:\/\/marketingads.co\/ups\/wp-json\/wp\/v2\/product_brand?post=1398"},{"taxonomy":"product_cat","embeddable":true,"href":"https:\/\/marketingads.co\/ups\/wp-json\/wp\/v2\/product_cat?post=1398"},{"taxonomy":"product_tag","embeddable":true,"href":"https:\/\/marketingads.co\/ups\/wp-json\/wp\/v2\/product_tag?post=1398"}],"curies":[{"name":"wp","href":"https:\/\/api.w.org\/{rel}","templated":true}]}}