{"id":1411,"date":"2025-07-29T21:29:08","date_gmt":"2025-07-30T02:29:08","guid":{"rendered":"https:\/\/marketingads.com.co\/ups\/?post_type=product&#038;p=1411"},"modified":"2026-01-15T02:51:35","modified_gmt":"2026-01-15T02:51:35","slug":"regulador-ev-1500-torre","status":"publish","type":"product","link":"https:\/\/marketingads.co\/ups\/producto\/regulador-ev-1500-torre\/","title":{"rendered":"REGULADOR EV-1500 TORRE"},"content":{"rendered":"<p>El REGULADOR EV-1500 TORRE ofrecen una protecci\u00f3n completa para equipos sensibles como fotocopiadoras, sistemas de refrigeraci\u00f3n, salas de c\u00f3mputo y dispositivos de alto consumo de energ\u00eda. Con capacidades de regulaci\u00f3n autom\u00e1tica de alto y bajo voltaje, supresi\u00f3n de picos de voltaje, protecci\u00f3n contra cortocircuitos y monitoreo electr\u00f3nico de la red, garantizan un suministro el\u00e9ctrico estable.<\/p>\n<h4>CARACTERISTICAS PRINCIPALES DEL REGULADOR EV-1500 TORRE:<\/h4>\n<ol>\n<li>Protecci\u00f3n de fotocopiadoras, equipos de refrigeraci\u00f3n, y equipos de medio y alto consumo de energ\u00eda.<\/li>\n<li>Regulaci\u00f3n autom\u00e1tica de alto y bajo voltaje.<\/li>\n<li>Supresor de picos de voltaje.<\/li>\n<li>Protecci\u00f3n de cortocircuito.<\/li>\n<li>Monitor de red electr\u00f3nica.<\/li>\n<li>Indicadores visuales de funcionamiento y nivel de voltaje de entrada.<\/li>\n<li>Cuatro tomas de salida (m\u00e1ximo 15 amperios por toma).<\/li>\n<li>Regleta pl\u00e1stica para conexi\u00f3n de equipos de alta potencia (aplica para modelos de 3000W en Adelante).<\/li>\n<li>Reguladores robustos que soportan picos instant\u00e1neos de corrientes superiores a su corriente nominal.<\/li>\n<li>Tecnolog\u00eda de microcontrolador que garantiza confiabilidad y precisi\u00f3n en la regulaci\u00f3n.<\/li>\n<li>Ideal para cargas cuyos arranques demandan altos consumos, como motores y transformadores.<\/li>\n<li>Su excelente regulaci\u00f3n los hace ideales para fotocopiadoras digitales.<\/li>\n<\/ol>\n<h4>Aplicaciones en Diversos Sectores, Esta potente soluci\u00f3n encuentra su lugar en diversas industrias y negocios, como:<\/h4>\n<ul>\n<li>\ud83d\udcde <strong>Call Centers:<\/strong> Mant\u00e9n las comunicaciones ininterrumpidas y los datos protegidos durante cortes de energ\u00eda.<\/li>\n<li>\ud83d\udda5\ufe0f <strong>Servidores:<\/strong> Protege tus servidores y equipos de red para evitar p\u00e9rdidas de datos y tiempos de inactividad.<\/li>\n<li>\ud83c\udfe5 <strong>Sector M\u00e9dico:<\/strong> Asegura el funcionamiento continuo de equipos m\u00e9dicos y odontol\u00f3gicos cr\u00edticos para la atenci\u00f3n de pacientes.<\/li>\n<li>\ud83c\udfed <strong>Industria:<\/strong> Protege tus equipos industriales sensibles y evita da\u00f1os costosos debido a interrupciones de energ\u00eda.<\/li>\n<li>\ud83d\udc65 <strong>Empresas Medianas y Peque\u00f1as:<\/strong> Brinda tranquilidad a tu negocio sin importar su tama\u00f1o, asegurando la continuidad de operaciones esenciales.<\/li>\n<\/ul>\n<h4><strong>Recuerda que tambi\u00e9n contamos con el servicio de venta de equipos a nivel nacional:<\/strong><\/h4>\n<p>Venta <a href=\"https:\/\/upscomunicaciones.com\/categoria-producto\/ups-online\/\">UPS<\/a> tipo torre, venta UPS interactiva, venta de UPS tipo rack, venta UPS Smart APC, venta UPS modular, venta UPS escalable, venta UPS online, UPS paralelo, UPS hibrida, UPS solar, Inversor Solar, UPS en serie, UPS contingencia, bater\u00edas secas, tarjetas de control SNMP, inversores y <a href=\"https:\/\/es.wikipedia.org\/wiki\/Panel_solar\">paneles solares<\/a>.<\/p>\n","protected":false},"excerpt":{"rendered":"<p>Cuenta con indicadores visuales de funcionamiento y nivel de voltaje de entrada, m\u00faltiples tomas de salida, y su tecnolog\u00eda de microcontrolador asegura una regulaci\u00f3n precisa y confiable, lo que los hace ideales para cargas con arranques de alto consumo como motores y fotocopiadoras digitales.<\/p>\n","protected":false},"featured_media":1421,"template":"","meta":[],"product_brand":[194],"product_cat":[125,193],"product_tag":[195],"class_list":{"0":"post-1411","1":"product","2":"type-product","3":"status-publish","4":"has-post-thumbnail","6":"product_brand-magom","7":"product_cat-regulador-de-voltaje","8":"product_cat-reguladores-magom","9":"product_tag-magom","11":"first","12":"instock","13":"shipping-taxable","14":"product-type-simple"},"aioseo_notices":[],"_links":{"self":[{"href":"https:\/\/marketingads.co\/ups\/wp-json\/wp\/v2\/product\/1411","targetHints":{"allow":["GET"]}}],"collection":[{"href":"https:\/\/marketingads.co\/ups\/wp-json\/wp\/v2\/product"}],"about":[{"href":"https:\/\/marketingads.co\/ups\/wp-json\/wp\/v2\/types\/product"}],"wp:featuredmedia":[{"embeddable":true,"href":"https:\/\/marketingads.co\/ups\/wp-json\/wp\/v2\/media\/1421"}],"wp:attachment":[{"href":"https:\/\/marketingads.co\/ups\/wp-json\/wp\/v2\/media?parent=1411"}],"wp:term":[{"taxonomy":"product_brand","embeddable":true,"href":"https:\/\/marketingads.co\/ups\/wp-json\/wp\/v2\/product_brand?post=1411"},{"taxonomy":"product_cat","embeddable":true,"href":"https:\/\/marketingads.co\/ups\/wp-json\/wp\/v2\/product_cat?post=1411"},{"taxonomy":"product_tag","embeddable":true,"href":"https:\/\/marketingads.co\/ups\/wp-json\/wp\/v2\/product_tag?post=1411"}],"curies":[{"name":"wp","href":"https:\/\/api.w.org\/{rel}","templated":true}]}}