{"id":1415,"date":"2025-07-29T21:29:13","date_gmt":"2025-07-30T02:29:13","guid":{"rendered":"https:\/\/marketingads.com.co\/ups\/?post_type=product&#038;p=1415"},"modified":"2026-01-15T02:31:51","modified_gmt":"2026-01-15T02:31:51","slug":"protector-voltaje-slim-electro","status":"publish","type":"product","link":"https:\/\/marketingads.co\/ups\/producto\/protector-voltaje-slim-electro\/","title":{"rendered":"PROTECTOR VOLTAJE SLIM ELECTRO"},"content":{"rendered":"<p>Los PROTECTOR VOLTAJE SLIM ELECTRO surgen en las redes el\u00e9ctricas debido a fluctuaciones de voltaje, ya sea por aumentos o disminuciones repentinas, la presencia de picos causados por rayos o tormentas el\u00e9ctricas, o las inestabilidades asociadas a cortes de energ\u00eda, pueden resultar en da\u00f1os irreparables a sus sistemas de refrigeraci\u00f3n y aire acondicionado. Es por esta raz\u00f3n que hemos desarrollado una gama de productos centrada en mitigar estos riesgos, proporcionando una protecci\u00f3n inmediata y s\u00f3lida a sus equipos.<\/p>\n<h4>Aplicaciones en Diversos Sectores, Esta potente soluci\u00f3n encuentra su lugar en diversas industrias y negocios, como:<\/h4>\n<ul>\n<li>\ud83d\udcde <strong>Call Centers:<\/strong> Mant\u00e9n las comunicaciones ininterrumpidas y los datos protegidos durante cortes de energ\u00eda.<\/li>\n<li>\ud83d\udda5\ufe0f <strong>Servidores:<\/strong> Protege tus servidores y equipos de red para evitar p\u00e9rdidas de datos y tiempos de inactividad.<\/li>\n<li>\ud83c\udfe5 <strong>Sector M\u00e9dico:<\/strong> Asegura el funcionamiento continuo de equipos m\u00e9dicos y odontol\u00f3gicos cr\u00edticos para la atenci\u00f3n de pacientes.<\/li>\n<li>\ud83c\udfed <strong>Industria:<\/strong> Protege tus equipos industriales sensibles y evita da\u00f1os costosos debido a interrupciones de energ\u00eda.<\/li>\n<li>\ud83d\udc65 <strong>Empresas Medianas y Peque\u00f1as:<\/strong> Brinda tranquilidad a tu negocio sin importar su tama\u00f1o, asegurando la continuidad de operaciones esenciales.<\/li>\n<\/ul>\n<h4><strong>Recuerda que tambi\u00e9n contamos con el servicio de venta de equipos a nivel nacional:<\/strong><\/h4>\n<p>Venta <a href=\"https:\/\/upscomunicaciones.com\/categoria-producto\/ups-online\/\">UPS<\/a> tipo torre, venta UPS interactiva, venta de UPS tipo rack, venta UPS Smart APC, venta UPS modular, venta UPS escalable, venta UPS online, UPS paralelo, UPS hibrida, UPS solar, Inversor Solar, UPS en serie, UPS contingencia, bater\u00edas secas, tarjetas de control SNMP, inversores y <a href=\"https:\/\/es.wikipedia.org\/wiki\/Panel_solar\">paneles solares<\/a>.<\/p>\n","protected":false},"excerpt":{"rendered":"<p>Dispositivo interrumpe el suministro el\u00e9ctrico si este desciende o asciende m\u00e1s all\u00e1 de los l\u00edmites de voltaje seguros predefinidos en las especificaciones t\u00e9cnicas del producto. Gracias al temporizador incorporado, se facilita la estabilizaci\u00f3n de los gases y del compresor, asegurando un arranque normal y fiable.<\/p>\n","protected":false},"featured_media":1432,"template":"","meta":[],"product_brand":[194],"product_cat":[125,193],"product_tag":[195],"class_list":{"0":"post-1415","1":"product","2":"type-product","3":"status-publish","4":"has-post-thumbnail","6":"product_brand-magom","7":"product_cat-regulador-de-voltaje","8":"product_cat-reguladores-magom","9":"product_tag-magom","11":"first","12":"instock","13":"shipping-taxable","14":"product-type-simple"},"aioseo_notices":[],"_links":{"self":[{"href":"https:\/\/marketingads.co\/ups\/wp-json\/wp\/v2\/product\/1415","targetHints":{"allow":["GET"]}}],"collection":[{"href":"https:\/\/marketingads.co\/ups\/wp-json\/wp\/v2\/product"}],"about":[{"href":"https:\/\/marketingads.co\/ups\/wp-json\/wp\/v2\/types\/product"}],"wp:featuredmedia":[{"embeddable":true,"href":"https:\/\/marketingads.co\/ups\/wp-json\/wp\/v2\/media\/1432"}],"wp:attachment":[{"href":"https:\/\/marketingads.co\/ups\/wp-json\/wp\/v2\/media?parent=1415"}],"wp:term":[{"taxonomy":"product_brand","embeddable":true,"href":"https:\/\/marketingads.co\/ups\/wp-json\/wp\/v2\/product_brand?post=1415"},{"taxonomy":"product_cat","embeddable":true,"href":"https:\/\/marketingads.co\/ups\/wp-json\/wp\/v2\/product_cat?post=1415"},{"taxonomy":"product_tag","embeddable":true,"href":"https:\/\/marketingads.co\/ups\/wp-json\/wp\/v2\/product_tag?post=1415"}],"curies":[{"name":"wp","href":"https:\/\/api.w.org\/{rel}","templated":true}]}}