{"id":1418,"date":"2025-07-29T21:29:16","date_gmt":"2025-07-30T02:29:16","guid":{"rendered":"https:\/\/marketingads.com.co\/ups\/?post_type=product&#038;p=1418"},"modified":"2026-01-15T02:04:03","modified_gmt":"2026-01-15T02:04:03","slug":"regulador-con-elevador-ev-1500e","status":"publish","type":"product","link":"https:\/\/marketingads.co\/ups\/producto\/regulador-con-elevador-ev-1500e\/","title":{"rendered":"REGULADOR CON ELEVADOR EV-1500E"},"content":{"rendered":"<p>El REGULADOR CON ELEVADOR EV-1500E ofrece un amplio rango de entrada con regulaci\u00f3n autom\u00e1tica de alto y bajo voltaje, incorporando un supresor de picos y protecci\u00f3n contra sobrecargas y cortocircuitos. Adem\u00e1s, cuenta con un monitor de red el\u00e9ctrica, indicadores visuales de funcionamiento y niveles de voltaje, as\u00ed como cuatro tomas de salida (hasta 15 amperios cada una).<\/p>\n<h4>Caracteristicas principales del REGULADOR CON ELEVADOR EV-1500E:<\/h4>\n<ol>\n<li>Amplio rango de entrada, CON RANGO EXTENDIDO DESDE 75 VOLTIOS DE ENTRADA.<\/li>\n<li>Regulaci\u00f3n autom\u00e1tica de alto y bajo voltaje.<\/li>\n<li>Supresor de picos de voltaje.<\/li>\n<li>Proteccion de sobrecarga y cortocircuito.<\/li>\n<li>Monitor de red el\u00e9ctrica.<\/li>\n<li>Indicadores visuales de funcionamiento y niveles de voltaje de entrada.<\/li>\n<li>Cuatro tomas de salida (m\u00e1ximo 15 amperios por toma).<\/li>\n<li>Regleta plastica para conexi\u00f3n de equipos de alta potencia (solo modelos EV 2000E en adelante).<\/li>\n<li>Reguladores robustos que soportan picos instantaneos de corriente superiores a su corriente nominal.<\/li>\n<li>Tecnolog\u00eda de microcontrolador que garantiza confiabilidad y precisi\u00f3n en la regulaci\u00f3n.<\/li>\n<li>Ideal para cargas cuyo arranque demanda altos consumos como motores y transformadores.<\/li>\n<\/ol>\n<h4>Aplicaciones en Diversos Sectores, Esta potente soluci\u00f3n encuentra su lugar en diversas industrias y negocios, como:<\/h4>\n<ul>\n<li>\ud83d\udcde <strong>Call Centers:<\/strong> Mant\u00e9n las comunicaciones ininterrumpidas y los datos protegidos durante cortes de energ\u00eda.<\/li>\n<li>\ud83d\udda5\ufe0f <strong>Servidores:<\/strong> Protege tus servidores y equipos de red para evitar p\u00e9rdidas de datos y tiempos de inactividad.<\/li>\n<li>\ud83c\udfe5 <strong>Sector M\u00e9dico:<\/strong> Asegura el funcionamiento continuo de equipos m\u00e9dicos y odontol\u00f3gicos cr\u00edticos para la atenci\u00f3n de pacientes.<\/li>\n<li>\ud83c\udfed <strong>Industria:<\/strong> Protege tus equipos industriales sensibles y evita da\u00f1os costosos debido a interrupciones de energ\u00eda.<\/li>\n<li>\ud83d\udc65 <strong>Empresas Medianas y Peque\u00f1as:<\/strong> Brinda tranquilidad a tu negocio sin importar su tama\u00f1o, asegurando la continuidad de operaciones esenciales.<\/li>\n<\/ul>\n<h4><strong>Recuerda que tambi\u00e9n contamos con el servicio de venta de equipos a nivel nacional:<\/strong><\/h4>\n<p>Venta <a href=\"https:\/\/upscomunicaciones.com\/categoria-producto\/ups-online\/?swcfpc=1\">UPS<\/a> tipo torre, venta UPS interactiva, venta de UPS tipo rack, venta UPS Smart APC, venta UPS modular, venta UPS escalable, venta UPS online, UPS paralelo, UPS hibrida, UPS solar, Inversor Solar, UPS en serie, UPS contingencia, bater\u00edas secas, tarjetas de control SNMP, inversores y <a href=\"https:\/\/es.wikipedia.org\/wiki\/Panel_solar\">paneles solares<\/a>.<\/p>\n","protected":false},"excerpt":{"rendered":"<p>Este dispositivo es especialmente adecuado para cargas con arranques que demandan altos consumos, como motores y transformadores.<\/p>\n","protected":false},"featured_media":1441,"template":"","meta":[],"product_brand":[194],"product_cat":[125,193],"product_tag":[195],"class_list":{"0":"post-1418","1":"product","2":"type-product","3":"status-publish","4":"has-post-thumbnail","6":"product_brand-magom","7":"product_cat-regulador-de-voltaje","8":"product_cat-reguladores-magom","9":"product_tag-magom","11":"first","12":"instock","13":"shipping-taxable","14":"product-type-simple"},"aioseo_notices":[],"_links":{"self":[{"href":"https:\/\/marketingads.co\/ups\/wp-json\/wp\/v2\/product\/1418","targetHints":{"allow":["GET"]}}],"collection":[{"href":"https:\/\/marketingads.co\/ups\/wp-json\/wp\/v2\/product"}],"about":[{"href":"https:\/\/marketingads.co\/ups\/wp-json\/wp\/v2\/types\/product"}],"wp:featuredmedia":[{"embeddable":true,"href":"https:\/\/marketingads.co\/ups\/wp-json\/wp\/v2\/media\/1441"}],"wp:attachment":[{"href":"https:\/\/marketingads.co\/ups\/wp-json\/wp\/v2\/media?parent=1418"}],"wp:term":[{"taxonomy":"product_brand","embeddable":true,"href":"https:\/\/marketingads.co\/ups\/wp-json\/wp\/v2\/product_brand?post=1418"},{"taxonomy":"product_cat","embeddable":true,"href":"https:\/\/marketingads.co\/ups\/wp-json\/wp\/v2\/product_cat?post=1418"},{"taxonomy":"product_tag","embeddable":true,"href":"https:\/\/marketingads.co\/ups\/wp-json\/wp\/v2\/product_tag?post=1418"}],"curies":[{"name":"wp","href":"https:\/\/api.w.org\/{rel}","templated":true}]}}