{"id":1420,"date":"2025-07-29T21:29:18","date_gmt":"2025-07-30T02:29:18","guid":{"rendered":"https:\/\/marketingads.com.co\/ups\/?post_type=product&#038;p=1420"},"modified":"2026-01-15T01:53:50","modified_gmt":"2026-01-15T01:53:50","slug":"regulador-con-elevador-ev-3000e","status":"publish","type":"product","link":"https:\/\/marketingads.co\/ups\/producto\/regulador-con-elevador-ev-3000e\/","title":{"rendered":"REGULADOR CON ELEVADOR EV-3000E"},"content":{"rendered":"<p>REGULADOR CON ELEVADOR EV-3000E, con un impresionante rango extendido desde 75 voltios de entrada. Perfectos para entornos donde los voltajes son constantemente bajos, como \u00e1reas rurales o lugares distantes de transformadores de distribuci\u00f3n, o incluso donde las ca\u00eddas de voltaje son frecuentes debido al encendido de maquinaria y equipos de alta potencia.<\/p>\n<h4>Caracteristicas del REGULADOR CON ELEVADOR EV-3000E:<\/h4>\n<ol>\n<li>Adaptabilidad incomparable para enfrentar desaf\u00edos el\u00e9ctricos en diferentes entornos.<\/li>\n<li>Asegura un suministro constante y seguro incluso en condiciones adversas.<\/li>\n<li>Protege sus dispositivos contra fluctuaciones bruscas de voltaje, garantizando su durabilidad.<\/li>\n<li>Salvaguarda sus equipos al desconectar autom\u00e1ticamente en situaciones cr\u00edticas.<\/li>\n<li>Mantenga un control total con informaci\u00f3n en tiempo real sobre el estado de la red y visualizaci\u00f3n clara de niveles de voltaje.<\/li>\n<li>Con\u00e9ctese de manera segura y eficiente a hasta cuatro dispositivos con capacidad de hasta 15 amperios por toma.<\/li>\n<li>Dise\u00f1ados para soportar picos instant\u00e1neos de corriente, ofrecen confiabilidad y precisi\u00f3n en la regulaci\u00f3n<\/li>\n<\/ol>\n<h4>Aplicaciones en Diversos Sectores, Esta potente soluci\u00f3n encuentra su lugar en diversas industrias y negocios, como:<\/h4>\n<ul>\n<li>\ud83d\udcde <strong>Call Centers:<\/strong> Mant\u00e9n las comunicaciones ininterrumpidas y los datos protegidos durante cortes de energ\u00eda.<\/li>\n<li>\ud83d\udda5\ufe0f <strong>Servidores:<\/strong> Protege tus servidores y equipos de red para evitar p\u00e9rdidas de datos y tiempos de inactividad.<\/li>\n<li>\ud83c\udfe5 <strong>Sector M\u00e9dico:<\/strong> Asegura el funcionamiento continuo de equipos m\u00e9dicos y odontol\u00f3gicos cr\u00edticos para la atenci\u00f3n de pacientes.<\/li>\n<li>\ud83c\udfed <strong>Industria:<\/strong> Protege tus equipos industriales sensibles y evita da\u00f1os costosos debido a interrupciones de energ\u00eda.<\/li>\n<li>\ud83d\udc65 <strong>Empresas Medianas y Peque\u00f1as:<\/strong> Brinda tranquilidad a tu negocio sin importar su tama\u00f1o, asegurando la continuidad de operaciones esenciales.<\/li>\n<\/ul>\n<h4><strong>Recuerda que tambi\u00e9n contamos con el servicio de venta de equipos a nivel nacional:<\/strong><\/h4>\n<p>Venta <a href=\"https:\/\/upscomunicaciones.com\/categoria-producto\/ups-online\/\">UPS<\/a> tipo torre, venta UPS interactiva, venta de UPS tipo rack, venta UPS Smart APC, venta UPS modular, venta UPS escalable, venta UPS online, UPS paralelo, UPS hibrida, UPS solar, Inversor Solar, UPS en serie, UPS contingencia, bater\u00edas secas, tarjetas de control SNMP, inversores y <a href=\"https:\/\/es.wikipedia.org\/wiki\/Panel_solar\">paneles solares<\/a>.<\/p>\n","protected":false},"excerpt":{"rendered":"<p>Equipado con funciones como supresor de picos, protecci\u00f3n contra sobrecarga y cortocircuito, monitor de red el\u00e9ctrica, e indicadores visuales, este dispositivo cuenta con cuatro tomas de salida (m\u00e1ximo 15 amperios por toma) y una regleta pl\u00e1stica para equipos de alta potencia.<\/p>\n","protected":false},"featured_media":1447,"template":"","meta":[],"product_brand":[194],"product_cat":[125,193],"product_tag":[195],"class_list":{"0":"post-1420","1":"product","2":"type-product","3":"status-publish","4":"has-post-thumbnail","6":"product_brand-magom","7":"product_cat-regulador-de-voltaje","8":"product_cat-reguladores-magom","9":"product_tag-magom","11":"first","12":"instock","13":"shipping-taxable","14":"product-type-simple"},"aioseo_notices":[],"_links":{"self":[{"href":"https:\/\/marketingads.co\/ups\/wp-json\/wp\/v2\/product\/1420","targetHints":{"allow":["GET"]}}],"collection":[{"href":"https:\/\/marketingads.co\/ups\/wp-json\/wp\/v2\/product"}],"about":[{"href":"https:\/\/marketingads.co\/ups\/wp-json\/wp\/v2\/types\/product"}],"wp:featuredmedia":[{"embeddable":true,"href":"https:\/\/marketingads.co\/ups\/wp-json\/wp\/v2\/media\/1447"}],"wp:attachment":[{"href":"https:\/\/marketingads.co\/ups\/wp-json\/wp\/v2\/media?parent=1420"}],"wp:term":[{"taxonomy":"product_brand","embeddable":true,"href":"https:\/\/marketingads.co\/ups\/wp-json\/wp\/v2\/product_brand?post=1420"},{"taxonomy":"product_cat","embeddable":true,"href":"https:\/\/marketingads.co\/ups\/wp-json\/wp\/v2\/product_cat?post=1420"},{"taxonomy":"product_tag","embeddable":true,"href":"https:\/\/marketingads.co\/ups\/wp-json\/wp\/v2\/product_tag?post=1420"}],"curies":[{"name":"wp","href":"https:\/\/api.w.org\/{rel}","templated":true}]}}