{"id":1455,"date":"2025-07-29T22:10:55","date_gmt":"2025-07-30T03:10:55","guid":{"rendered":"https:\/\/marketingads.com.co\/ups\/?post_type=product&#038;p=1455"},"modified":"2026-01-15T17:48:25","modified_gmt":"2026-01-15T17:48:25","slug":"regulador-cdp-2400va-1800w-r-avr-2408-2","status":"publish","type":"product","link":"https:\/\/marketingads.co\/ups\/producto\/regulador-cdp-2400va-1800w-r-avr-2408-2\/","title":{"rendered":"Regulador CDP 2400VA-1800W R-AVR 2408"},"content":{"rendered":"<p>Con el Regulador CDP 2400VA-1800W R-AVR 2408 ptimiza tu protecci\u00f3n el\u00e9ctrica con nuestro regulador de voltaje autom\u00e1tico de 2400VA. Equipado con un potente supresor de sobre tensi\u00f3n incorporado, este dispositivo garantiza un suministro el\u00e9ctrico estable y seguro para tus equipos. Con 8 tomas corrientes NEMA 5-15, distribuidas en 4 reguladas y 4 con protecci\u00f3n de sobre tensi\u00f3n, tendr\u00e1s la flexibilidad necesaria para conectar tus dispositivos esenciales.<\/p>\n<h4>Aplicaciones en Diversos Sectores, Esta potente soluci\u00f3n encuentra su lugar en diversas industrias y negocios, como:<\/h4>\n<ul>\n<li>\ud83d\udcde <strong>Call Centers:<\/strong> Mant\u00e9n las comunicaciones ininterrumpidas y los datos protegidos durante cortes de energ\u00eda.<\/li>\n<li>\ud83d\udda5\ufe0f <strong>Servidores:<\/strong> Protege tus servidores y equipos de red para evitar p\u00e9rdidas de datos y tiempos de inactividad.<\/li>\n<li>\ud83c\udfe5 <strong>Sector M\u00e9dico:<\/strong> Asegura el funcionamiento continuo de equipos m\u00e9dicos y odontol\u00f3gicos cr\u00edticos para la atenci\u00f3n de pacientes.<\/li>\n<li>\ud83c\udfed <strong>Industria:<\/strong> Protege tus equipos industriales sensibles y evita da\u00f1os costosos debido a interrupciones de energ\u00eda.<\/li>\n<li>\ud83d\udc65 <strong>Empresas Medianas y Peque\u00f1as:<\/strong> Brinda tranquilidad a tu negocio sin importar su tama\u00f1o, asegurando la continuidad de operaciones esenciales.<\/li>\n<\/ul>\n<h4><strong>Recuerda que tambi\u00e9n contamos con el servicio de venta de equipos a nivel nacional:<\/strong><\/h4>\n<p>Venta <a href=\"https:\/\/upscomunicaciones.com\/categoria-producto\/ups-online\/\">UPS<\/a> tipo torre, venta UPS interactiva, venta de UPS tipo rack, venta UPS Smart APC, venta UPS modular, venta UPS escalable, venta UPS online, UPS paralelo, UPS hibrida, UPS solar, Inversor Solar, UPS en serie, UPS contingencia, bater\u00edas secas, tarjetas de control SNMP, inversores y <a href=\"https:\/\/es.wikipedia.org\/wiki\/Panel_solar\">paneles solares<\/a>.<\/p>\n","protected":false},"excerpt":{"rendered":"<p>La seguridad es nuestra prioridad, por eso, nuestro regulador cuenta con una protecci\u00f3n adicional mediante interruptor de encendido\/apagado y una resistente carcasa de pl\u00e1stico anti-flama, totalmente compatible con los est\u00e1ndares de UL. Conf\u00eda en la calidad de nuestro producto para mantener tus dispositivos protegidos y tu entorno seguro. \u00a1Asegura tu tranquilidad con nuestro regulador de voltaje de alta eficiencia!<\/p>\n","protected":false},"featured_media":1461,"template":"","meta":[],"product_brand":[133],"product_cat":[125,196],"product_tag":[134],"class_list":{"0":"post-1455","1":"product","2":"type-product","3":"status-publish","4":"has-post-thumbnail","6":"product_brand-cdp","7":"product_cat-regulador-de-voltaje","8":"product_cat-reguladores-cdp","9":"product_tag-cdp","11":"first","12":"instock","13":"shipping-taxable","14":"product-type-simple"},"aioseo_notices":[],"_links":{"self":[{"href":"https:\/\/marketingads.co\/ups\/wp-json\/wp\/v2\/product\/1455","targetHints":{"allow":["GET"]}}],"collection":[{"href":"https:\/\/marketingads.co\/ups\/wp-json\/wp\/v2\/product"}],"about":[{"href":"https:\/\/marketingads.co\/ups\/wp-json\/wp\/v2\/types\/product"}],"wp:featuredmedia":[{"embeddable":true,"href":"https:\/\/marketingads.co\/ups\/wp-json\/wp\/v2\/media\/1461"}],"wp:attachment":[{"href":"https:\/\/marketingads.co\/ups\/wp-json\/wp\/v2\/media?parent=1455"}],"wp:term":[{"taxonomy":"product_brand","embeddable":true,"href":"https:\/\/marketingads.co\/ups\/wp-json\/wp\/v2\/product_brand?post=1455"},{"taxonomy":"product_cat","embeddable":true,"href":"https:\/\/marketingads.co\/ups\/wp-json\/wp\/v2\/product_cat?post=1455"},{"taxonomy":"product_tag","embeddable":true,"href":"https:\/\/marketingads.co\/ups\/wp-json\/wp\/v2\/product_tag?post=1455"}],"curies":[{"name":"wp","href":"https:\/\/api.w.org\/{rel}","templated":true}]}}