{"id":1473,"date":"2025-07-29T22:46:16","date_gmt":"2025-07-30T03:46:16","guid":{"rendered":"https:\/\/marketingads.com.co\/ups\/?post_type=product&#038;p=1473"},"modified":"2026-01-16T16:58:49","modified_gmt":"2026-01-16T21:58:49","slug":"inversor-solar","status":"publish","type":"product","link":"https:\/\/marketingads.co\/ups\/producto\/inversor-solar\/","title":{"rendered":"INVERSOR SOLAR"},"content":{"rendered":"<p>El INVERSOR SOLAR, tambi\u00e9n conocidos como inversores fotovoltaicos o inversores de energ\u00eda solar, son componentes clave en los sistemas de energ\u00eda solar fotovoltaica. Su funci\u00f3n principal es convertir la corriente continua (CC) generada por los paneles solares en corriente alterna (CA) utilizable para alimentar dispositivos el\u00e9ctricos y para conectarse a la red el\u00e9ctrica.<\/p>\n<h4>Aqu\u00ed hay algunas caracter\u00edsticas importantes del INVERSOR SOLAR:<\/h4>\n<ol>\n<li>Conversi\u00f3n de CC a CA: Transforman la corriente continua (CC) de los paneles solares en corriente alterna (CA) para su uso en dispositivos y la red el\u00e9ctrica.<\/li>\n<li>Eficiencia: Los inversores de alta calidad tienen eficiencias superiores al 95%, minimizando las p\u00e9rdidas de energ\u00eda.<\/li>\n<li>Potencia nominal: Indica la m\u00e1xima cantidad de energ\u00eda que pueden manejar, medida en vatios (W) o kilovatios (kW).<\/li>\n<li>Tensi\u00f3n de entrada m\u00e1xima: Establecen los l\u00edmites de tensi\u00f3n segura para la conexi\u00f3n de paneles solares.<\/li>\n<li>Rango de tensi\u00f3n de operaci\u00f3n: Determina la tensi\u00f3n \u00f3ptima para un funcionamiento eficiente, considerando las variaciones clim\u00e1ticas.<\/li>\n<li>MPPT (Seguimiento del punto de m\u00e1xima potencia): Ajusta constantemente la corriente y la tensi\u00f3n de entrada para maximizar la eficiencia, incluso en sombra parcial.<\/li>\n<li>Protecciones y monitoreo: Incluyen protecci\u00f3n contra sobretensi\u00f3n, sobrecorriente y cortocircuitos, y permiten el monitoreo en tiempo real del sistema solar.<\/li>\n<li>Tipo de inversor: Hay varios tipos, como los de cadena, centrales, microinversores y optimizadores de potencia, con aplicaciones espec\u00edficas.<\/li>\n<li>Conexi\u00f3n a la red: Algunos se conectan a la red el\u00e9ctrica y permiten vender energ\u00eda excedente, mientras que otros son para sistemas aislados.<\/li>\n<li>Durabilidad y vida \u00fatil: Deben ser duraderos y confiables, con una vida \u00fatil t\u00edpica de 10 a 20 a\u00f1os, dependiendo de la calidad y el mantenimiento.<\/li>\n<\/ol>\n<h4><strong>Recuerda que tambi\u00e9n contamos con el servicio de venta de equipos a nivel nacional:<\/strong><\/h4>\n<p>Venta <a href=\"https:\/\/upscomunicaciones.com\/categoria-producto\/ups-online\/ups-vme-ups-online\/\">UPS<\/a> tipo torre, venta UPS interactiva, venta de UPS tipo rack, venta UPS Smart APC, venta UPS modular, venta UPS escalable, venta UPS online, UPS paralelo, UPS hibrida, UPS solar, Inversor Solar, UPS en serie, UPS contingencia, bater\u00edas secas, tarjetas de control <a href=\"https:\/\/es.wikipedia.org\/wiki\/Protocolo_simple_de_administraci%C3%B3n_de_red\">SNMP<\/a>, inversores y \u00a0paneles solares.<\/p>\n","protected":false},"excerpt":{"rendered":"<p>Un inversor fotovoltaico es un equipo convertidor que transforma la corriente continua que recibe de los paneles fotovoltaicos en corriente alterna, que es la que puedes usar en tu hogar, se puede almacenar en bater\u00edas o inyectarla a la red el\u00e9ctrica p\u00fablica.<\/p>\n<p>Existen diferentes tipos y aplicaciones de inversores solares.<\/p>\n","protected":false},"featured_media":1477,"template":"","meta":[],"product_brand":[],"product_cat":[126,197],"product_tag":[],"class_list":{"0":"post-1473","1":"product","2":"type-product","3":"status-publish","4":"has-post-thumbnail","6":"product_cat-energia-solar","7":"product_cat-inversores-solares","9":"first","10":"instock","11":"shipping-taxable","12":"product-type-simple"},"aioseo_notices":[],"_links":{"self":[{"href":"https:\/\/marketingads.co\/ups\/wp-json\/wp\/v2\/product\/1473","targetHints":{"allow":["GET"]}}],"collection":[{"href":"https:\/\/marketingads.co\/ups\/wp-json\/wp\/v2\/product"}],"about":[{"href":"https:\/\/marketingads.co\/ups\/wp-json\/wp\/v2\/types\/product"}],"wp:featuredmedia":[{"embeddable":true,"href":"https:\/\/marketingads.co\/ups\/wp-json\/wp\/v2\/media\/1477"}],"wp:attachment":[{"href":"https:\/\/marketingads.co\/ups\/wp-json\/wp\/v2\/media?parent=1473"}],"wp:term":[{"taxonomy":"product_brand","embeddable":true,"href":"https:\/\/marketingads.co\/ups\/wp-json\/wp\/v2\/product_brand?post=1473"},{"taxonomy":"product_cat","embeddable":true,"href":"https:\/\/marketingads.co\/ups\/wp-json\/wp\/v2\/product_cat?post=1473"},{"taxonomy":"product_tag","embeddable":true,"href":"https:\/\/marketingads.co\/ups\/wp-json\/wp\/v2\/product_tag?post=1473"}],"curies":[{"name":"wp","href":"https:\/\/api.w.org\/{rel}","templated":true}]}}