{"id":1474,"date":"2025-07-29T22:46:18","date_gmt":"2025-07-30T03:46:18","guid":{"rendered":"https:\/\/marketingads.com.co\/ups\/?post_type=product&#038;p=1474"},"modified":"2026-01-16T16:57:11","modified_gmt":"2026-01-16T21:57:11","slug":"inversor-solar-off-grid","status":"publish","type":"product","link":"https:\/\/marketingads.co\/ups\/producto\/inversor-solar-off-grid\/","title":{"rendered":"INVERSOR SOLAR OFF GRID"},"content":{"rendered":"<p>El INVERSOR SOLAR OFF GRID, tambi\u00e9n conocidos como inversores para sistemas solares aut\u00f3nomos o independientes de la red el\u00e9ctrica, tienen caracter\u00edsticas espec\u00edficas dise\u00f1adas para satisfacer las necesidades de sistemas que no est\u00e1n conectados a la red el\u00e9ctrica.<\/p>\n<h4>Aqu\u00ed est\u00e1n algunas de las caracter\u00edsticas clave del INVERSOR SOLAR OFF GRID:<\/h4>\n<ol>\n<li><strong>Funcionamiento aut\u00f3nomo:<\/strong> Los inversores off-grid operan independientemente sin conexi\u00f3n a la red el\u00e9ctrica, ideales para ubicaciones remotas sin acceso a la red convencional.<\/li>\n<li><strong>Almacenamiento de energ\u00eda:<\/strong> Permite almacenar energ\u00eda solar en bater\u00edas para su uso en momentos sin sol, como la noche o d\u00edas nublados.<\/li>\n<li><strong>Carga de bater\u00edas:<\/strong> Eficientemente cargan las bater\u00edas conectadas al sistema solar, prolongando su vida \u00fatil.<\/li>\n<li><strong>Protecci\u00f3n adicional:<\/strong> Incluyen protecciones contra sobretensi\u00f3n y sobrecorriente para resguardar el sistema de condiciones adversas y fluctuaciones de voltaje.<\/li>\n<li><strong>Calidad de energ\u00eda:<\/strong> Produce una corriente el\u00e9ctrica similar a la de la red, asegurando una alta calidad en la alimentaci\u00f3n de energ\u00eda.<\/li>\n<li><strong>Eficiencia energ\u00e9tica:<\/strong> Consume poca energ\u00eda propia para conservar la almacenada en las bater\u00edas.<\/li>\n<li><strong>Manejo de cargas:<\/strong> Son capaces de manejar cargas intermitentes o de arranque de motores, como electrodom\u00e9sticos y herramientas.<\/li>\n<li><strong>Monitoreo del sistema:<\/strong> Ofrecen indicadores LED o pantallas para mostrar informaci\u00f3n relevante sobre la carga de la bater\u00eda, potencia de salida y posibles fallas.<\/li>\n<li><strong>Eficiencia de conversi\u00f3n:<\/strong> Logran una alta eficiencia en la conversi\u00f3n de corriente continua a corriente alterna.<\/li>\n<li><strong>Adaptabilidad:<\/strong> Pueden adaptarse a diversas fuentes de energ\u00eda, como paneles solares, turbinas e\u00f3licas o generadores di\u00e9sel, para cargar las bater\u00edas y mantener el sistema funcionando.<\/li>\n<li><strong>Protecci\u00f3n de bater\u00edas:<\/strong> Evitan sobrecargas y descargas profundas para proteger la vida \u00fatil de las bater\u00edas.<\/li>\n<li><strong>Durabilidad y vida \u00fatil:<\/strong> Son robustos y dise\u00f1ados para soportar condiciones adversas en lugares remotos con mantenimiento limitado.<\/li>\n<\/ol>\n<h4><strong>Recuerda que tambi\u00e9n contamos con el servicio de venta de equipos a nivel nacional:<\/strong><\/h4>\n<p>Venta <a href=\"https:\/\/upscomunicaciones.com\/categoria-producto\/ups-online\/ups-vme-ups-online\/\">UPS<\/a> tipo torre, venta UPS interactiva, venta de UPS tipo rack, venta UPS Smart APC, venta UPS modular, venta UPS escalable, venta UPS online, UPS paralelo, UPS hibrida, UPS solar, Inversor Solar, UPS en serie, UPS contingencia, bater\u00edas secas, tarjetas de control <a href=\"https:\/\/es.wikipedia.org\/wiki\/Protocolo_simple_de_administraci%C3%B3n_de_red\">SNMP<\/a>, inversores y \u00a0paneles solares.<\/p>\n","protected":false},"excerpt":{"rendered":"<p>Este tipo de inversor est\u00e1 compuesto por tres partes fundamentales, Paneles Solares, Inversor OFF GRID, Regulador de carga. (Incorporado al inversor)<\/p>\n<p>Este tipo de sistemas funcionan independientemente de la red el\u00e9ctrica permitiendo alimentar consumos que no est\u00e9n conectados a la misma. Admite la conexi\u00f3n de bater\u00edas que almacenan la energ\u00eda necesaria para cubrir los consumos el\u00e9ctricos durante la noche.<\/p>\n","protected":false},"featured_media":1478,"template":"","meta":[],"product_brand":[],"product_cat":[126,197],"product_tag":[],"class_list":{"0":"post-1474","1":"product","2":"type-product","3":"status-publish","4":"has-post-thumbnail","6":"product_cat-energia-solar","7":"product_cat-inversores-solares","9":"first","10":"instock","11":"shipping-taxable","12":"product-type-simple"},"aioseo_notices":[],"_links":{"self":[{"href":"https:\/\/marketingads.co\/ups\/wp-json\/wp\/v2\/product\/1474","targetHints":{"allow":["GET"]}}],"collection":[{"href":"https:\/\/marketingads.co\/ups\/wp-json\/wp\/v2\/product"}],"about":[{"href":"https:\/\/marketingads.co\/ups\/wp-json\/wp\/v2\/types\/product"}],"wp:featuredmedia":[{"embeddable":true,"href":"https:\/\/marketingads.co\/ups\/wp-json\/wp\/v2\/media\/1478"}],"wp:attachment":[{"href":"https:\/\/marketingads.co\/ups\/wp-json\/wp\/v2\/media?parent=1474"}],"wp:term":[{"taxonomy":"product_brand","embeddable":true,"href":"https:\/\/marketingads.co\/ups\/wp-json\/wp\/v2\/product_brand?post=1474"},{"taxonomy":"product_cat","embeddable":true,"href":"https:\/\/marketingads.co\/ups\/wp-json\/wp\/v2\/product_cat?post=1474"},{"taxonomy":"product_tag","embeddable":true,"href":"https:\/\/marketingads.co\/ups\/wp-json\/wp\/v2\/product_tag?post=1474"}],"curies":[{"name":"wp","href":"https:\/\/api.w.org\/{rel}","templated":true}]}}