{"id":1475,"date":"2025-07-29T22:46:19","date_gmt":"2025-07-30T03:46:19","guid":{"rendered":"https:\/\/marketingads.com.co\/ups\/?post_type=product&#038;p=1475"},"modified":"2026-01-16T16:54:55","modified_gmt":"2026-01-16T21:54:55","slug":"inversor-hibrido","status":"publish","type":"product","link":"https:\/\/marketingads.co\/ups\/producto\/inversor-hibrido\/","title":{"rendered":"INVERSOR HIBRIDO"},"content":{"rendered":"<p>El INVERSOR HIBRIDO es un dispositivo vers\u00e1til que combina las caracter\u00edsticas de los inversores solares on-grid (conexi\u00f3n a la red el\u00e9ctrica) y los inversores solares off-grid (funcionamiento aut\u00f3nomo con bater\u00edas).<\/p>\n<h4>Aqu\u00ed tienes algunas de las caracter\u00edsticas principales INVERSOR HIBRIDO:<\/h4>\n<ol>\n<li><strong>Conexi\u00f3n a la red y autonom\u00eda:<\/strong> Los inversores solares h\u00edbridos pueden operar tanto conectados a la red el\u00e9ctrica como de manera aut\u00f3noma, lo que les permite funcionar en sistemas conectados y desconectados.<\/li>\n<li><strong>Almacenamiento de energ\u00eda:<\/strong> Est\u00e1n dise\u00f1ados para trabajar con sistemas de almacenamiento de energ\u00eda, como bater\u00edas, lo que permite almacenar energ\u00eda solar para su uso en momentos sin luz solar o durante cortes de energ\u00eda.<\/li>\n<li><strong>Carga de bater\u00edas:<\/strong> Tienen la capacidad de cargar eficientemente las bater\u00edas conectadas al sistema, optimizando la gesti\u00f3n de la carga para prolongar la vida \u00fatil de las bater\u00edas.<\/li>\n<\/ol>\n<h4><strong>Recuerda que tambi\u00e9n contamos con el servicio de venta de equipos a nivel nacional:<\/strong><\/h4>\n<p>Venta <a href=\"https:\/\/upscomunicaciones.com\/categoria-producto\/ups-online\/ups-vme-ups-online\/\">UPS<\/a> tipo torre, venta UPS interactiva, venta de UPS tipo rack, venta UPS Smart APC, venta UPS modular, venta UPS escalable, venta UPS online, UPS paralelo, UPS hibrida, UPS solar, Inversor Solar, UPS en serie, UPS contingencia, bater\u00edas secas, tarjetas de control <a href=\"https:\/\/es.wikipedia.org\/wiki\/Protocolo_simple_de_administraci%C3%B3n_de_red\">SNMP<\/a>, inversores y \u00a0paneles solares.<\/p>\n","protected":false},"excerpt":{"rendered":"<p>Los inversores est\u00e1n conectados a la red el\u00e9ctrica de modo que aportan energ\u00eda a los equipos conectados a la red del hogar. Adem\u00e1s, permite la conexi\u00f3n de equipos desconectados de la red (OFF GRID) que continuar\u00e1n funcionando durante los cortes de luz. Admite la conexi\u00f3n de bater\u00edas.<\/p>\n<p>Est\u00e1 compuesto por 4 partes importante, Paneles Solares, Inversor HIBRIDO, Regulador de carga (Incorporado al inversor), Bater\u00edas.<\/p>\n<p>Se utiliza de dos maneras tanto para inyectar energ\u00eda a la red como para cubrir consumos aislados de la misma.<\/p>\n","protected":false},"featured_media":1480,"template":"","meta":[],"product_brand":[],"product_cat":[126,197],"product_tag":[],"class_list":{"0":"post-1475","1":"product","2":"type-product","3":"status-publish","4":"has-post-thumbnail","6":"product_cat-energia-solar","7":"product_cat-inversores-solares","9":"first","10":"instock","11":"shipping-taxable","12":"product-type-simple"},"aioseo_notices":[],"_links":{"self":[{"href":"https:\/\/marketingads.co\/ups\/wp-json\/wp\/v2\/product\/1475","targetHints":{"allow":["GET"]}}],"collection":[{"href":"https:\/\/marketingads.co\/ups\/wp-json\/wp\/v2\/product"}],"about":[{"href":"https:\/\/marketingads.co\/ups\/wp-json\/wp\/v2\/types\/product"}],"wp:featuredmedia":[{"embeddable":true,"href":"https:\/\/marketingads.co\/ups\/wp-json\/wp\/v2\/media\/1480"}],"wp:attachment":[{"href":"https:\/\/marketingads.co\/ups\/wp-json\/wp\/v2\/media?parent=1475"}],"wp:term":[{"taxonomy":"product_brand","embeddable":true,"href":"https:\/\/marketingads.co\/ups\/wp-json\/wp\/v2\/product_brand?post=1475"},{"taxonomy":"product_cat","embeddable":true,"href":"https:\/\/marketingads.co\/ups\/wp-json\/wp\/v2\/product_cat?post=1475"},{"taxonomy":"product_tag","embeddable":true,"href":"https:\/\/marketingads.co\/ups\/wp-json\/wp\/v2\/product_tag?post=1475"}],"curies":[{"name":"wp","href":"https:\/\/api.w.org\/{rel}","templated":true}]}}