{"id":1476,"date":"2025-07-29T22:46:20","date_gmt":"2025-07-30T03:46:20","guid":{"rendered":"https:\/\/marketingads.com.co\/ups\/?post_type=product&#038;p=1476"},"modified":"2026-01-16T16:53:31","modified_gmt":"2026-01-16T21:53:31","slug":"inversor-on-grid","status":"publish","type":"product","link":"https:\/\/marketingads.co\/ups\/producto\/inversor-on-grid\/","title":{"rendered":"INVERSOR ON GRID"},"content":{"rendered":"<p>Los INVERSOR ON GRID, tambi\u00e9n conocidos como inversores conectados a la red, se utilizan en sistemas solares fotovoltaicos que est\u00e1n conectados a la red el\u00e9ctrica convencional.<\/p>\n<h4>Estas son algunas de las caracter\u00edsticas clave del INVERSOR ON GRID:<\/h4>\n<ol>\n<li><strong>Conexi\u00f3n a la red el\u00e9ctrica:<\/strong> Est\u00e1n dise\u00f1ados para conectarse a la red el\u00e9ctrica y permiten inyectar energ\u00eda solar o extraer energ\u00eda cuando sea necesario.<\/li>\n<li><strong>Sincronizaci\u00f3n con la red:<\/strong> Aseguran que la energ\u00eda generada se inyecte de manera segura y eficiente al estar sincronizados con la frecuencia y fase de la red el\u00e9ctrica local.<\/li>\n<li><strong>Inyecci\u00f3n de energ\u00eda:<\/strong> Principalmente convierte la corriente continua (CC) de los paneles solares en corriente alterna (CA) utilizable en dispositivos el\u00e9ctricos o para enviar a la red.<\/li>\n<li><strong>Eficiencia:<\/strong> Tienen altas eficiencias para maximizar la utilizaci\u00f3n de la energ\u00eda solar generada.<\/li>\n<li><strong>Monitoreo en tiempo real:<\/strong> Ofrecen sistemas de monitoreo en tiempo real para detectar problemas y supervisar el rendimiento del sistema solar.<\/li>\n<li><strong>Seguridad:<\/strong> Incluye caracter\u00edsticas de seguridad como desconexi\u00f3n autom\u00e1tica en cortes de energ\u00eda para proteger a los trabajadores de servicios p\u00fablicos.<\/li>\n<li><strong>Regulaci\u00f3n de voltaje:<\/strong> Regula el voltaje de salida para que coincida con la red el\u00e9ctrica, asegurando una inyecci\u00f3n segura de energ\u00eda.<\/li>\n<li><strong>Protecci\u00f3n contra sobretensiones y cortocircuitos:<\/strong> Incorporan protecciones para prevenir da\u00f1os en el sistema en caso de fluctuaciones de voltaje o cortocircuitos.<\/li>\n<li><strong>Comunicaci\u00f3n y control avanzados:<\/strong> Permiten la comunicaci\u00f3n y el control a trav\u00e9s de sistemas de gesti\u00f3n de energ\u00eda, facilitando la integraci\u00f3n con sistemas de dom\u00f3tica y optimizaci\u00f3n del consumo.<\/li>\n<li><strong>Cumplimiento normativo:<\/strong> Deben cumplir con est\u00e1ndares y regulaciones locales para garantizar una inyecci\u00f3n segura de energ\u00eda en la red el\u00e9ctrica.<\/li>\n<li><strong>Dise\u00f1o compacto:<\/strong> Tienen un dise\u00f1o compacto y f\u00e1cil instalaci\u00f3n, lo que simplifica su integraci\u00f3n en sistemas solares residenciales y comerciales.<\/li>\n<li><strong>Escalabilidad:<\/strong> Pueden expandirse agregando m\u00e1s paneles solares seg\u00fan sea necesario para aumentar la capacidad de generaci\u00f3n de energ\u00eda.<\/li>\n<\/ol>\n<h4><strong>Recuerda que tambi\u00e9n contamos con el servicio de venta de equipos a nivel nacional:<\/strong><\/h4>\n<p>Venta <a href=\"https:\/\/upscomunicaciones.com\/categoria-producto\/ups-online\/ups-vme-ups-online\/\">UPS<\/a> tipo torre, venta UPS interactiva, venta de UPS tipo rack, venta UPS Smart APC, venta UPS modular, venta UPS escalable, venta UPS online, UPS paralelo, UPS hibrida, UPS solar, Inversor Solar, UPS en serie, UPS contingencia, bater\u00edas secas, tarjetas de control <a href=\"https:\/\/es.wikipedia.org\/wiki\/Protocolo_simple_de_administraci%C3%B3n_de_red\">SNMP<\/a>, inversores y \u00a0paneles solares.<\/p>\n","protected":false},"excerpt":{"rendered":"<p>El sistema se encuentra conectado directamente con la red el\u00e9ctrica local. Esto quiere decir que durante las horas de luz del d\u00eda el usuario consume la energ\u00eda producida por el sistema fotovoltaico y durante la noche toma energ\u00eda de la red (debido a que el sistema no almacena energ\u00eda).<\/p>\n<p>Este tipo de inversor est\u00e1 compuesto por tres partes fundamentales<strong>, <\/strong>Paneles Solares<strong>, <\/strong>Inversor ON GRID<strong>, <\/strong>Medidor bidireccional.<\/p>\n<p>Se recomienda Principalmente para instalaciones destinadas a inyectar energ\u00eda a la red<\/p>\n<p>Este tipo de inversor tiene las siguientes limitaciones<\/p>\n<p>Requiere acceso a la red el\u00e9ctrica.<\/p>\n<p>No permite la conexi\u00f3n de bater\u00edas.<\/p>\n<p>Durante los cortes de luz no podr\u00e1 entregar energ\u00eda a la red.<\/p>\n","protected":false},"featured_media":1482,"template":"","meta":[],"product_brand":[],"product_cat":[126,197],"product_tag":[],"class_list":{"0":"post-1476","1":"product","2":"type-product","3":"status-publish","4":"has-post-thumbnail","6":"product_cat-energia-solar","7":"product_cat-inversores-solares","9":"first","10":"instock","11":"shipping-taxable","12":"product-type-simple"},"aioseo_notices":[],"_links":{"self":[{"href":"https:\/\/marketingads.co\/ups\/wp-json\/wp\/v2\/product\/1476","targetHints":{"allow":["GET"]}}],"collection":[{"href":"https:\/\/marketingads.co\/ups\/wp-json\/wp\/v2\/product"}],"about":[{"href":"https:\/\/marketingads.co\/ups\/wp-json\/wp\/v2\/types\/product"}],"wp:featuredmedia":[{"embeddable":true,"href":"https:\/\/marketingads.co\/ups\/wp-json\/wp\/v2\/media\/1482"}],"wp:attachment":[{"href":"https:\/\/marketingads.co\/ups\/wp-json\/wp\/v2\/media?parent=1476"}],"wp:term":[{"taxonomy":"product_brand","embeddable":true,"href":"https:\/\/marketingads.co\/ups\/wp-json\/wp\/v2\/product_brand?post=1476"},{"taxonomy":"product_cat","embeddable":true,"href":"https:\/\/marketingads.co\/ups\/wp-json\/wp\/v2\/product_cat?post=1476"},{"taxonomy":"product_tag","embeddable":true,"href":"https:\/\/marketingads.co\/ups\/wp-json\/wp\/v2\/product_tag?post=1476"}],"curies":[{"name":"wp","href":"https:\/\/api.w.org\/{rel}","templated":true}]}}