{"id":1485,"date":"2025-07-30T11:21:39","date_gmt":"2025-07-30T16:21:39","guid":{"rendered":"https:\/\/marketingads.com.co\/ups\/?post_type=product&#038;p=1485"},"modified":"2026-01-16T16:19:43","modified_gmt":"2026-01-16T21:19:43","slug":"paneles-fotovoltaicos-policristalinos","status":"publish","type":"product","link":"https:\/\/marketingads.co\/ups\/producto\/paneles-fotovoltaicos-policristalinos\/","title":{"rendered":"Paneles Fotovoltaicos Policristalinos"},"content":{"rendered":"<p>Los Paneles Fotovoltaicos Policristalinos son otra tecnolog\u00eda ampliamente utilizada en sistemas de energ\u00eda solar.<\/p>\n<h4>Aqu\u00ed est\u00e1n algunas de sus principales caracter\u00edsticas:<\/h4>\n<ol>\n<li><strong>Eficiencia:<\/strong> Los paneles policristalinos tienen una eficiencia moderada en la conversi\u00f3n de la luz solar en electricidad, generalmente en el rango del 15% al \u200b\u200b18%. Aunque son menos eficientes que los paneles monocristalinos, siguen siendo efectivos para generar energ\u00eda solar.<\/li>\n<li><strong>Costo m\u00e1s bajo:<\/strong> Suelen ser m\u00e1s econ\u00f3micos en comparaci\u00f3n con los paneles monocristalinos, lo que los hace una opci\u00f3n atractiva para proyectos con presupuestos limitados.<\/li>\n<li><strong>Tolerancia a temperaturas elevadas:<\/strong> Los paneles policristalinos tienen una buena tolerancia a temperaturas elevadas, lo que significa que mantiene su rendimiento incluso en climas c\u00e1lidos.<\/li>\n<li><strong>Menor eficiencia en condiciones de baja luz:<\/strong> A diferencia de los paneles monocristalinos, los paneles policristalinos tienden a tener un rendimiento ligeramente menor en condiciones de baja luz o nubosidad.<\/li>\n<li><strong>Dise\u00f1o azul-met\u00e1lico:<\/strong> Su aspecto caracter\u00edstico azul-met\u00e1lico se debe a su proceso de fabricaci\u00f3n, lo que algunas personas pueden considerar est\u00e9ticamente agradable.<\/li>\n<li><strong>Durabilidad:<\/strong> Tienen una vida \u00fatil t\u00edpica de m\u00e1s de 25 a\u00f1os y suelen ser resistentes a las condiciones clim\u00e1ticas adversas, como la lluvia y el granizo.<\/li>\n<li><strong>Espacio de instalaci\u00f3n:<\/strong> Necesitan m\u00e1s espacio en comparaci\u00f3n con los paneles monocristalinos para generar la misma cantidad de energ\u00eda, lo que puede requerir una consideraci\u00f3n especial en proyectos con espacio limitado.<\/li>\n<li><strong>Garant\u00edas est\u00e1ndar:<\/strong> Los fabricantes suelen ofrecer garant\u00edas de producto de 25 a\u00f1os para respaldar su durabilidad y rendimiento a largo plazo.<\/li>\n<li><strong>Versatilidad:<\/strong> A pesar de que tienen una eficiencia ligeramente menor, los paneles policristalinos se adaptan a una amplia variedad de aplicaciones, desde instalaciones residenciales hasta sistemas comerciales y grandes plantas solares.<\/li>\n<\/ol>\n<h4><strong>Recuerda que tambi\u00e9n contamos con el servicio de venta de equipos a nivel nacional:<\/strong><\/h4>\n<p>Venta <a href=\"https:\/\/upscomunicaciones.com\/categoria-producto\/ups-online\/ups-vme-ups-online\/\">UPS<\/a> tipo torre, venta UPS interactiva, venta de UPS tipo rack, venta UPS Smart APC, venta UPS modular, venta UPS escalable, venta UPS online, UPS paralelo, UPS hibrida, UPS solar, Inversor Solar, UPS en serie, UPS contingencia, bater\u00edas secas, tarjetas de control <a href=\"https:\/\/es.wikipedia.org\/wiki\/Protocolo_simple_de_administraci%C3%B3n_de_red\">SNMP<\/a>, inversores y \u00a0paneles solares.<\/p>\n","protected":false},"excerpt":{"rendered":"<p>Al igual que comentamos con los modelos monocristalinos, los paneles solares policristalinos est\u00e1n compuestos, en este caso, por c\u00e9lulas policristalinas.<\/p>\n<p>Podemos diferencia por su color \u201cazulado\u201d y no poseen el chafl\u00e1n en las esquinas como los monocristalinos.<\/p>\n<p>Las c\u00e9lulas de silicio policristalino (mc-Si) tambi\u00e9n utilizan obleas de silicio como sustrato, pero a diferencia de las monocristalinas, \u00e9stas proceden del corte de un bloque de silicio que se ha dejado solidificar lentamente en un crisol y que est\u00e1 formado por muchos peque\u00f1os cristales de silicio.<\/p>\n","protected":false},"featured_media":1487,"template":"","meta":[],"product_brand":[],"product_cat":[126,198],"product_tag":[199],"class_list":{"0":"post-1485","1":"product","2":"type-product","3":"status-publish","4":"has-post-thumbnail","6":"product_cat-energia-solar","7":"product_cat-paneles-solares","8":"product_tag-solares","10":"first","11":"instock","12":"shipping-taxable","13":"product-type-simple"},"aioseo_notices":[],"_links":{"self":[{"href":"https:\/\/marketingads.co\/ups\/wp-json\/wp\/v2\/product\/1485","targetHints":{"allow":["GET"]}}],"collection":[{"href":"https:\/\/marketingads.co\/ups\/wp-json\/wp\/v2\/product"}],"about":[{"href":"https:\/\/marketingads.co\/ups\/wp-json\/wp\/v2\/types\/product"}],"wp:featuredmedia":[{"embeddable":true,"href":"https:\/\/marketingads.co\/ups\/wp-json\/wp\/v2\/media\/1487"}],"wp:attachment":[{"href":"https:\/\/marketingads.co\/ups\/wp-json\/wp\/v2\/media?parent=1485"}],"wp:term":[{"taxonomy":"product_brand","embeddable":true,"href":"https:\/\/marketingads.co\/ups\/wp-json\/wp\/v2\/product_brand?post=1485"},{"taxonomy":"product_cat","embeddable":true,"href":"https:\/\/marketingads.co\/ups\/wp-json\/wp\/v2\/product_cat?post=1485"},{"taxonomy":"product_tag","embeddable":true,"href":"https:\/\/marketingads.co\/ups\/wp-json\/wp\/v2\/product_tag?post=1485"}],"curies":[{"name":"wp","href":"https:\/\/api.w.org\/{rel}","templated":true}]}}