{"id":1498,"date":"2025-07-30T11:57:00","date_gmt":"2025-07-30T16:57:00","guid":{"rendered":"https:\/\/marketingads.com.co\/ups\/?post_type=product&#038;p=1498"},"modified":"2025-07-30T11:57:09","modified_gmt":"2025-07-30T16:57:09","slug":"cargadores-especiales-para-bancos-de-baterias","status":"publish","type":"product","link":"https:\/\/marketingads.co\/ups\/producto\/cargadores-especiales-para-bancos-de-baterias\/","title":{"rendered":"CARGADORES ESPECIALES PARA BANCOS DE BATER\u00cdAS"},"content":{"rendered":"<p>Cuando se instala un <strong><u>Banco de bater\u00edas externos a un Ups<\/u><\/strong> que superan la corriente del cargador original, lo m\u00e1s recomendable desde el punto de vista t\u00e9cnico es instalar un CARGADORES ESPECIALES PARA BANCOS DE BATER\u00cdAS\u00a0calculado con un 10% aproximado de la capacidad de la bater\u00eda a instalar en el <strong><u>banco de bater\u00edas externo<\/u><\/strong>. Esta es la \u00danica manera de garantizar que en el momento en que las bater\u00edas sufran una descarga del 10% al 15%, la carga del <strong><u>banco de bater\u00edas externo<\/u><\/strong> se pueda recuperar y optimizar en un tiempo de 8 a 10 horas aproximadamente, de esta manera si hay un nuevo corte el\u00e9ctrico en un tiempo de 8 a 10 horas despu\u00e9s de la descarga inicial, el banco de bater\u00edas suministrar\u00e1 el tiempo calculado y suministrado por el vendedor del sistema.<\/p>\n<p>&nbsp;<\/p>\n<p>&nbsp;<\/p>\n<h3>Aplicaciones en Diversos Sectores, Esta potente soluci\u00f3n encuentra su lugar en diversas industrias y negocios, como:<\/h3>\n<ul>\n<li>\ud83d\udcde <strong>Call Centers:<\/strong> Mant\u00e9n las comunicaciones ininterrumpidas y los datos protegidos durante cortes de energ\u00eda.<\/li>\n<li>\ud83d\udda5\ufe0f <strong>Servidores:<\/strong> Protege tus servidores y equipos de red para evitar p\u00e9rdidas de datos y tiempos de inactividad.<\/li>\n<li>\ud83c\udfe5 <strong>Sector M\u00e9dico:<\/strong> Asegura el funcionamiento continuo de equipos m\u00e9dicos y odontol\u00f3gicos cr\u00edticos para la atenci\u00f3n de pacientes.<\/li>\n<li>\ud83c\udfed <strong>Industria:<\/strong> Protege tus equipos industriales sensibles y evita da\u00f1os costosos debido a interrupciones de energ\u00eda.<\/li>\n<li>\ud83d\udc65 <strong>Empresas Medianas y Peque\u00f1as:<\/strong> Brinda tranquilidad a tu negocio sin importar su tama\u00f1o, asegurando la continuidad de operaciones esenciales.<\/li>\n<\/ul>\n<p>&nbsp;<\/p>\n<h4><strong>Recuerda que tambi\u00e9n contamos con el servicio de venta de equipos a nivel nacional:<\/strong><\/h4>\n<p>Venta UPS tipo torre, venta UPS interactiva, venta de UPS tipo rack, venta UPS Smart APC, venta UPS modular, venta UPS escalable, venta UPS online, UPS paralelo, UPS hibrida, UPS solar, <a href=\"https:\/\/upscomunicaciones.com\/producto\/inversor-hibrido\/?swcfpc=1\">Inversor Solar<\/a>, UPS en serie, UPS contingencia, bater\u00edas secas, tarjetas de control SNMP, inversores y \u00a0<a href=\"https:\/\/es.wikipedia.org\/wiki\/Panel_solar\">paneles solares<\/a>.<\/p>\n","protected":false},"excerpt":{"rendered":"<h2>CARGADORES ESPECIALES PARA BANCOS DE BATER\u00cdAS<\/h2>\n<p>Cuando se instala un <strong><u>Banco de bater\u00edas externos a un Ups<\/u><\/strong> que superan la corriente del cargador original, lo m\u00e1s recomendable desde el punto de vista t\u00e9cnico es instalar un <strong><u>cargador externo<\/u><\/strong> calculado con un 10% aproximado de la capacidad de la bater\u00eda a instalar en el <strong><u>banco de bater\u00edas externo<\/u><\/strong>. Esta es la \u00danica manera de garantizar que en el momento en que las bater\u00edas sufran una descarga del 10% al 15%, la carga del <strong><u>banco de bater\u00edas externo<\/u><\/strong> se pueda recuperar y optimizar en un tiempo de 8 a 10 horas aproximadamente, de esta manera si hay un nuevo corte el\u00e9ctrico en un tiempo de 8 a 10 horas despu\u00e9s de la descarga inicial, el banco de bater\u00edas suministrar\u00e1 el tiempo calculado y suministrado por el vendedor del sistema.<\/p>\n","protected":false},"featured_media":1504,"template":"","meta":[],"product_brand":[],"product_cat":[127],"product_tag":[],"class_list":{"0":"post-1498","1":"product","2":"type-product","3":"status-publish","4":"has-post-thumbnail","6":"product_cat-cargadores-para-baterias","8":"first","9":"instock","10":"shipping-taxable","11":"product-type-simple"},"aioseo_notices":[],"_links":{"self":[{"href":"https:\/\/marketingads.co\/ups\/wp-json\/wp\/v2\/product\/1498","targetHints":{"allow":["GET"]}}],"collection":[{"href":"https:\/\/marketingads.co\/ups\/wp-json\/wp\/v2\/product"}],"about":[{"href":"https:\/\/marketingads.co\/ups\/wp-json\/wp\/v2\/types\/product"}],"wp:featuredmedia":[{"embeddable":true,"href":"https:\/\/marketingads.co\/ups\/wp-json\/wp\/v2\/media\/1504"}],"wp:attachment":[{"href":"https:\/\/marketingads.co\/ups\/wp-json\/wp\/v2\/media?parent=1498"}],"wp:term":[{"taxonomy":"product_brand","embeddable":true,"href":"https:\/\/marketingads.co\/ups\/wp-json\/wp\/v2\/product_brand?post=1498"},{"taxonomy":"product_cat","embeddable":true,"href":"https:\/\/marketingads.co\/ups\/wp-json\/wp\/v2\/product_cat?post=1498"},{"taxonomy":"product_tag","embeddable":true,"href":"https:\/\/marketingads.co\/ups\/wp-json\/wp\/v2\/product_tag?post=1498"}],"curies":[{"name":"wp","href":"https:\/\/api.w.org\/{rel}","templated":true}]}}