{"id":1499,"date":"2025-07-30T11:57:01","date_gmt":"2025-07-30T16:57:01","guid":{"rendered":"https:\/\/marketingads.com.co\/ups\/?post_type=product&#038;p=1499"},"modified":"2025-07-30T11:57:10","modified_gmt":"2025-07-30T16:57:10","slug":"cargador-de-baterias-ups-72vdc","status":"publish","type":"product","link":"https:\/\/marketingads.co\/ups\/producto\/cargador-de-baterias-ups-72vdc\/","title":{"rendered":"CARGADOR DE BATER\u00cdAS UPS 72VDC"},"content":{"rendered":"<p><span>El CARGADOR DE BATER\u00cdAS UPS 72VDC son especialmente adecuados para sistemas de alimentaci\u00f3n ininterrumpida (UPS) con una capacidad de 3kVA que consta de un banco de bater\u00edas conectadas en serie, compuesto por seis unidades. <\/span><span>El cargador de bater\u00edas de 12V y 5Ah es perfecto para cargar bater\u00edas de 12V con capacidades que van desde 40Ah hasta 50Ah.<\/span><\/p>\n<p>&nbsp;<\/p>\n<h2>Aplicaciones en Diversos Sectores, Esta potente soluci\u00f3n encuentra su lugar en diversas industrias y negocios, como:<\/h2>\n<ul>\n<li>\ud83d\udcde <strong>Call Centers:<\/strong> Mant\u00e9n las comunicaciones ininterrumpidas y los datos protegidos durante cortes de energ\u00eda.<\/li>\n<li>\ud83d\udda5\ufe0f <strong>Servidores:<\/strong> Protege tus servidores y equipos de red para evitar p\u00e9rdidas de datos y tiempos de inactividad.<\/li>\n<li>\ud83c\udfe5 <strong>Sector M\u00e9dico:<\/strong> Asegura el funcionamiento continuo de equipos m\u00e9dicos y odontol\u00f3gicos cr\u00edticos para la atenci\u00f3n de pacientes.<\/li>\n<li>\ud83c\udfed <strong>Industria:<\/strong> Protege tus equipos industriales sensibles y evita da\u00f1os costosos debido a interrupciones de energ\u00eda.<\/li>\n<li>\ud83d\udc65 <strong>Empresas Medianas y Peque\u00f1as:<\/strong> Brinda tranquilidad a tu negocio sin importar su tama\u00f1o, asegurando la continuidad de operaciones esenciales.<\/li>\n<\/ul>\n<p>&nbsp;<\/p>\n<h3><strong>Recuerda que tambi\u00e9n contamos con el servicio de venta de equipos a nivel nacional:<\/strong><\/h3>\n<p>Venta <a href=\"https:\/\/upscomunicaciones.com\/categoria-producto\/ups-online\/ups-vme-ups-online\/?swcfpc=1\">UPS<\/a> tipo torre, venta UPS interactiva, venta de UPS tipo rack, venta UPS Smart APC, venta UPS modular, venta UPS escalable, venta UPS online, UPS paralelo, UPS hibrida, UPS solar, Inversor Solar, UPS en serie, UPS contingencia, bater\u00edas secas, tarjetas de control <a href=\"https:\/\/es.wikipedia.org\/wiki\/Protocolo_simple_de_administraci%C3%B3n_de_red\">SNMP<\/a>, inversores y \u00a0paneles solares.<\/p>\n","protected":false},"excerpt":{"rendered":"<h2>CARGADOR DE BATER\u00cdAS UPS 72VDC<\/h2>\n<p><span>El cargador de bater\u00edas de 12V y 5Ah es \u00f3ptimo para cargar bater\u00edas que tienen una capacidad que oscila entre 80Ah y 100Ah, e incluso puede cargar bater\u00edas de hasta 120Ah de capacidad. <\/span><span>Estos cargadores son esenciales para mantener la disponibilidad de energ\u00eda y garantizar un rendimiento constante en sistemas de UPS que dependen de bancos de bater\u00edas de gran capacidad para respaldar la energ\u00eda en caso de cortes de electricidad.<\/span><\/p>\n","protected":false},"featured_media":1505,"template":"","meta":[],"product_brand":[],"product_cat":[127],"product_tag":[],"class_list":{"0":"post-1499","1":"product","2":"type-product","3":"status-publish","4":"has-post-thumbnail","6":"product_cat-cargadores-para-baterias","8":"first","9":"instock","10":"shipping-taxable","11":"product-type-simple"},"aioseo_notices":[],"_links":{"self":[{"href":"https:\/\/marketingads.co\/ups\/wp-json\/wp\/v2\/product\/1499","targetHints":{"allow":["GET"]}}],"collection":[{"href":"https:\/\/marketingads.co\/ups\/wp-json\/wp\/v2\/product"}],"about":[{"href":"https:\/\/marketingads.co\/ups\/wp-json\/wp\/v2\/types\/product"}],"wp:featuredmedia":[{"embeddable":true,"href":"https:\/\/marketingads.co\/ups\/wp-json\/wp\/v2\/media\/1505"}],"wp:attachment":[{"href":"https:\/\/marketingads.co\/ups\/wp-json\/wp\/v2\/media?parent=1499"}],"wp:term":[{"taxonomy":"product_brand","embeddable":true,"href":"https:\/\/marketingads.co\/ups\/wp-json\/wp\/v2\/product_brand?post=1499"},{"taxonomy":"product_cat","embeddable":true,"href":"https:\/\/marketingads.co\/ups\/wp-json\/wp\/v2\/product_cat?post=1499"},{"taxonomy":"product_tag","embeddable":true,"href":"https:\/\/marketingads.co\/ups\/wp-json\/wp\/v2\/product_tag?post=1499"}],"curies":[{"name":"wp","href":"https:\/\/api.w.org\/{rel}","templated":true}]}}