{"id":1501,"date":"2025-07-30T11:57:03","date_gmt":"2025-07-30T16:57:03","guid":{"rendered":"https:\/\/marketingads.com.co\/ups\/?post_type=product&#038;p=1501"},"modified":"2025-07-30T11:57:13","modified_gmt":"2025-07-30T16:57:13","slug":"cargador-de-baterias-ups-240vdc","status":"publish","type":"product","link":"https:\/\/marketingads.co\/ups\/producto\/cargador-de-baterias-ups-240vdc\/","title":{"rendered":"CARGADOR DE BATER\u00cdAS UPS 240VDC"},"content":{"rendered":"<p><span>El CARGADOR DE BATER\u00cdAS UPS 240VDC est\u00e1n dise\u00f1ados espec\u00edficamente para su uso en sistemas de alimentaci\u00f3n ininterrumpida (UPS) con capacidades de 6kVA y 10kVA que incluyen un banco de bater\u00edas conectadas en serie, compuesto por un total de diecis\u00e9is unidades. <\/span><span>El cargador de bater\u00edas de 12V y 5Ah es la elecci\u00f3n perfecta para cargar este conjunto de diecis\u00e9is bater\u00edas de 12V, con capacidades que var\u00edan desde 80Ah hasta 100Ah, y tambi\u00e9n es capaz de cargar bater\u00edas con una capacidad de hasta 120Ah.<\/span><\/p>\n<p>&nbsp;<\/p>\n<h2>Aplicaciones en Diversos Sectores, Esta potente soluci\u00f3n encuentra su lugar en diversas industrias y negocios, como:<\/h2>\n<ul>\n<li>\ud83d\udcde <strong>Call Centers:<\/strong> Mant\u00e9n las comunicaciones ininterrumpidas y los datos protegidos durante cortes de energ\u00eda.<\/li>\n<li>\ud83d\udda5\ufe0f <strong>Servidores:<\/strong> Protege tus servidores y equipos de red para evitar p\u00e9rdidas de datos y tiempos de inactividad.<\/li>\n<li>\ud83c\udfe5 <strong>Sector M\u00e9dico:<\/strong> Asegura el funcionamiento continuo de equipos m\u00e9dicos y odontol\u00f3gicos cr\u00edticos para la atenci\u00f3n de pacientes.<\/li>\n<li>\ud83c\udfed <strong>Industria:<\/strong> Protege tus equipos industriales sensibles y evita da\u00f1os costosos debido a interrupciones de energ\u00eda.<\/li>\n<li>\ud83d\udc65 <strong>Empresas Medianas y Peque\u00f1as:<\/strong> Brinda tranquilidad a tu negocio sin importar su tama\u00f1o, asegurando la continuidad de operaciones esenciales.<\/li>\n<\/ul>\n<p>&nbsp;<\/p>\n<h3><strong>Recuerda que tambi\u00e9n contamos con el servicio de venta de equipos a nivel nacional:<\/strong><\/h3>\n<p>Venta <a href=\"https:\/\/upscomunicaciones.com\/categoria-producto\/ups-online\/ups-vme-ups-online\/?swcfpc=1\">UPS<\/a> tipo torre, venta UPS interactiva, venta de UPS tipo rack, venta UPS Smart APC, venta UPS modular, venta UPS escalable, venta UPS online, UPS paralelo, UPS hibrida, UPS solar, Inversor Solar, UPS en serie, UPS contingencia, bater\u00edas secas, tarjetas de control <a href=\"https:\/\/es.wikipedia.org\/wiki\/Protocolo_simple_de_administraci%C3%B3n_de_red\">SNMP<\/a>, inversores y \u00a0paneles solares.<\/p>\n","protected":false},"excerpt":{"rendered":"<h2>CARGADOR DE BATER\u00cdAS UPS 240VDC<\/h2>\n<p>Estos cargadores desempe\u00f1an un papel esencial en garantizar la disponibilidad de energ\u00eda constante en sistemas de UPS de alta potencia, donde se requiere un banco de bater\u00edas considerable para proporcionar energ\u00eda de respaldo en caso de cortes de energ\u00eda.<\/p>\n","protected":false},"featured_media":1507,"template":"","meta":[],"product_brand":[],"product_cat":[127],"product_tag":[],"class_list":{"0":"post-1501","1":"product","2":"type-product","3":"status-publish","4":"has-post-thumbnail","6":"product_cat-cargadores-para-baterias","8":"first","9":"instock","10":"shipping-taxable","11":"product-type-simple"},"aioseo_notices":[],"_links":{"self":[{"href":"https:\/\/marketingads.co\/ups\/wp-json\/wp\/v2\/product\/1501","targetHints":{"allow":["GET"]}}],"collection":[{"href":"https:\/\/marketingads.co\/ups\/wp-json\/wp\/v2\/product"}],"about":[{"href":"https:\/\/marketingads.co\/ups\/wp-json\/wp\/v2\/types\/product"}],"wp:featuredmedia":[{"embeddable":true,"href":"https:\/\/marketingads.co\/ups\/wp-json\/wp\/v2\/media\/1507"}],"wp:attachment":[{"href":"https:\/\/marketingads.co\/ups\/wp-json\/wp\/v2\/media?parent=1501"}],"wp:term":[{"taxonomy":"product_brand","embeddable":true,"href":"https:\/\/marketingads.co\/ups\/wp-json\/wp\/v2\/product_brand?post=1501"},{"taxonomy":"product_cat","embeddable":true,"href":"https:\/\/marketingads.co\/ups\/wp-json\/wp\/v2\/product_cat?post=1501"},{"taxonomy":"product_tag","embeddable":true,"href":"https:\/\/marketingads.co\/ups\/wp-json\/wp\/v2\/product_tag?post=1501"}],"curies":[{"name":"wp","href":"https:\/\/api.w.org\/{rel}","templated":true}]}}