{"id":1502,"date":"2025-07-30T11:57:04","date_gmt":"2025-07-30T16:57:04","guid":{"rendered":"https:\/\/marketingads.com.co\/ups\/?post_type=product&#038;p=1502"},"modified":"2025-07-30T11:57:14","modified_gmt":"2025-07-30T16:57:14","slug":"cargador-de-baterias-12v-5ah","status":"publish","type":"product","link":"https:\/\/marketingads.co\/ups\/producto\/cargador-de-baterias-12v-5ah\/","title":{"rendered":"CARGADOR DE BATER\u00cdAS 12V 5AH"},"content":{"rendered":"<p>El CARGADOR DE BATER\u00cdAS 12V 5AH pueden tener una variedad de caracter\u00edsticas seg\u00fan su aplicaci\u00f3n espec\u00edfica, pero aqu\u00ed hay algunas caracter\u00edsticas mas principales:<\/p>\n<ol>\n<li><strong><span>Voltaje y corriente de carga ajustables:<\/span><\/strong><span> Muchos cargadores permiten ajustar el voltaje y la corriente de carga para adaptarse a diferentes tipos de bater\u00edas y capacidades.<\/span><\/li>\n<li><strong>Carga r\u00e1pida:<\/strong> Algunos cargadores ofrecen modos de carga r\u00e1pida que permiten recargar las bater\u00edas m\u00e1s r\u00e1pidamente sin da\u00f1arlas.<\/li>\n<li><strong>Carga inteligente:<\/strong> Los cargadores inteligentes pueden detectar.<\/li>\n<li><strong>Protecciones de seguridad:<\/strong> Los cargadores.<\/li>\n<li><strong>Indicadores LED:<\/strong> Muchos cargadores tienen indicadores LED que muestran el estado de carga de la bater\u00eda y el progreso de la carga.<\/li>\n<li><strong>Compatibilidad:<\/strong> Pueden ser compatibles con una variedad de tipos de bater\u00edas, como bater\u00edas de plomo-\u00e1cido.<\/li>\n<li><strong>Detecci\u00f3n de bater\u00eda defectuosa:<\/strong> Algunos cargadores.<\/li>\n<li><strong>Portabilidad:<\/strong> Los cargadores port\u00e1tiles son compactos y f\u00e1ciles de transportar, ideales para cargar dispositivos mientras est\u00e1n en movimiento.<\/li>\n<\/ol>\n<p>&nbsp;<\/p>\n<h2>Aplicaciones en Diversos Sectores, Esta potente soluci\u00f3n encuentra su lugar en diversas industrias y negocios, como:<\/h2>\n<ul>\n<li>\ud83d\udcde <strong>Call Centers:<\/strong> Mant\u00e9n las comunicaciones ininterrumpidas y los datos protegidos durante cortes de energ\u00eda.<\/li>\n<li>\ud83d\udda5\ufe0f <strong>Servidores:<\/strong> Protege tus servidores y equipos de red para evitar p\u00e9rdidas de datos y tiempos de inactividad.<\/li>\n<li>\ud83c\udfe5 <strong>Sector M\u00e9dico:<\/strong> Asegura el funcionamiento continuo de equipos m\u00e9dicos y odontol\u00f3gicos cr\u00edticos para la atenci\u00f3n de pacientes.<\/li>\n<li>\ud83c\udfed <strong>Industria:<\/strong> Protege tus equipos industriales sensibles y evita da\u00f1os costosos debido a interrupciones de energ\u00eda.<\/li>\n<li>\ud83d\udc65 <strong>Empresas Medianas y Peque\u00f1as:<\/strong> Brinda tranquilidad a tu negocio sin importar su tama\u00f1o, asegurando la continuidad de operaciones esenciales.<\/li>\n<\/ul>\n<p>&nbsp;<\/p>\n<h3><strong>Recuerda que tambi\u00e9n contamos con el servicio de venta de equipos a nivel nacional:<\/strong><\/h3>\n<p>Venta <a href=\"https:\/\/upscomunicaciones.com\/categoria-producto\/ups-online\/ups-vme-ups-online\/?swcfpc=1\">UPS<\/a> tipo torre, venta UPS interactiva, venta de UPS tipo rack, venta UPS Smart APC, venta UPS modular, venta UPS escalable, venta UPS online, UPS paralelo, UPS hibrida, UPS solar, Inversor Solar, UPS en serie, UPS contingencia, bater\u00edas secas, tarjetas de control <a href=\"https:\/\/es.wikipedia.org\/wiki\/Protocolo_simple_de_administraci%C3%B3n_de_red\">SNMP<\/a>, inversores y \u00a0paneles solares.<\/p>\n<p>&nbsp;<\/p>\n","protected":false},"excerpt":{"rendered":"<h2>CARGADOR DE BATER\u00cdAS 12V 5AH<\/h2>\n<p>Son <strong><u>cargadores de bater\u00edas<\/u><\/strong> Ideales para cargar bater\u00edas en paralelo que han sufrido una descarga profunda hasta del 60%.<\/p>\n<p>Sirve para cargar bater\u00edas desde 17AH hasta 50AH<\/p>\n","protected":false},"featured_media":1508,"template":"","meta":[],"product_brand":[],"product_cat":[127],"product_tag":[],"class_list":{"0":"post-1502","1":"product","2":"type-product","3":"status-publish","4":"has-post-thumbnail","6":"product_cat-cargadores-para-baterias","8":"first","9":"instock","10":"shipping-taxable","11":"product-type-simple"},"aioseo_notices":[],"_links":{"self":[{"href":"https:\/\/marketingads.co\/ups\/wp-json\/wp\/v2\/product\/1502","targetHints":{"allow":["GET"]}}],"collection":[{"href":"https:\/\/marketingads.co\/ups\/wp-json\/wp\/v2\/product"}],"about":[{"href":"https:\/\/marketingads.co\/ups\/wp-json\/wp\/v2\/types\/product"}],"wp:featuredmedia":[{"embeddable":true,"href":"https:\/\/marketingads.co\/ups\/wp-json\/wp\/v2\/media\/1508"}],"wp:attachment":[{"href":"https:\/\/marketingads.co\/ups\/wp-json\/wp\/v2\/media?parent=1502"}],"wp:term":[{"taxonomy":"product_brand","embeddable":true,"href":"https:\/\/marketingads.co\/ups\/wp-json\/wp\/v2\/product_brand?post=1502"},{"taxonomy":"product_cat","embeddable":true,"href":"https:\/\/marketingads.co\/ups\/wp-json\/wp\/v2\/product_cat?post=1502"},{"taxonomy":"product_tag","embeddable":true,"href":"https:\/\/marketingads.co\/ups\/wp-json\/wp\/v2\/product_tag?post=1502"}],"curies":[{"name":"wp","href":"https:\/\/api.w.org\/{rel}","templated":true}]}}