{"id":1503,"date":"2025-07-30T11:57:06","date_gmt":"2025-07-30T16:57:06","guid":{"rendered":"https:\/\/marketingads.com.co\/ups\/?post_type=product&#038;p=1503"},"modified":"2025-07-30T11:57:17","modified_gmt":"2025-07-30T16:57:17","slug":"cargador-de-baterias-ups-12v-10ah","status":"publish","type":"product","link":"https:\/\/marketingads.co\/ups\/producto\/cargador-de-baterias-ups-12v-10ah\/","title":{"rendered":"CARGADOR DE BATER\u00cdAS UPS 12V 10AH"},"content":{"rendered":"<p>El CARGADOR DE BATER\u00cdAS UPS 12V 10AH pueden tener una variedad de caracter\u00edsticas seg\u00fan su aplicaci\u00f3n espec\u00edfica, pero aqu\u00ed hay algunas caracter\u00edsticas mas principales:<\/p>\n<ol>\n<li><strong>Voltaje y corriente de carga ajustables:<\/strong>\u00a0Muchos cargadores permiten ajustar el voltaje y la corriente de carga para adaptarse a diferentes tipos de bater\u00edas y capacidades.<\/li>\n<li><strong>Carga r\u00e1pida:<\/strong>\u00a0Algunos cargadores ofrecen modos de carga r\u00e1pida que permiten recargar las bater\u00edas m\u00e1s r\u00e1pidamente sin da\u00f1arlas.<\/li>\n<li><strong>Carga inteligente:<\/strong>\u00a0Los cargadores inteligentes pueden detectar.<\/li>\n<li><strong>Protecciones de seguridad:<\/strong>\u00a0Los cargadores.<\/li>\n<li><strong>Indicadores LED:<\/strong>\u00a0Muchos cargadores tienen indicadores LED que muestran el estado de carga de la bater\u00eda y el progreso de la carga.<\/li>\n<li><strong>Compatibilidad:<\/strong>\u00a0Pueden ser compatibles con una variedad de tipos de bater\u00edas, como bater\u00edas de plomo-\u00e1cido.<\/li>\n<li><strong>Detecci\u00f3n de bater\u00eda defectuosa:<\/strong>\u00a0Algunos cargadores.<\/li>\n<li><strong>Portabilidad:<\/strong>\u00a0Los cargadores port\u00e1tiles son compactos y f\u00e1ciles de transportar, ideales para cargar dispositivos mientras est\u00e1n en movimiento.<\/li>\n<\/ol>\n<p>&nbsp;<\/p>\n<h2>APLICACIONES EN DIVERSOS SECTORES, ESTA POTENTE SOLUCI\u00d3N ENCUENTRA SU LUGAR EN DIVERSAS INDUSTRIAS Y NEGOCIOS, COMO:<\/h2>\n<ul>\n<li><img decoding=\"async\" class=\"emoji\" role=\"img\" draggable=\"false\" src=\"https:\/\/s.w.org\/images\/core\/emoji\/14.0.0\/svg\/1f4de.svg\" alt=\"\ud83d\udcde\" \/>\u00a0<strong>Call Centers:<\/strong>\u00a0Mant\u00e9n las comunicaciones ininterrumpidas y los datos protegidos durante cortes de energ\u00eda.<\/li>\n<li><img decoding=\"async\" class=\"emoji\" role=\"img\" draggable=\"false\" src=\"https:\/\/s.w.org\/images\/core\/emoji\/14.0.0\/svg\/1f5a5.svg\" alt=\"\ud83d\udda5\ufe0f\" \/>\u00a0<strong>Servidores:<\/strong>\u00a0Protege tus servidores y equipos de red para evitar p\u00e9rdidas de datos y tiempos de inactividad.<\/li>\n<li><img decoding=\"async\" class=\"emoji\" role=\"img\" draggable=\"false\" src=\"https:\/\/s.w.org\/images\/core\/emoji\/14.0.0\/svg\/1f3e5.svg\" alt=\"\ud83c\udfe5\" \/>\u00a0<strong>Sector M\u00e9dico:<\/strong>\u00a0Asegura el funcionamiento continuo de equipos m\u00e9dicos y odontol\u00f3gicos cr\u00edticos para la atenci\u00f3n de pacientes.<\/li>\n<li><img decoding=\"async\" class=\"emoji\" role=\"img\" draggable=\"false\" src=\"https:\/\/s.w.org\/images\/core\/emoji\/14.0.0\/svg\/1f3ed.svg\" alt=\"\ud83c\udfed\" \/>\u00a0<strong>Industria:<\/strong>\u00a0Protege tus equipos industriales sensibles y evita da\u00f1os costosos debido a interrupciones de energ\u00eda.<\/li>\n<li><img decoding=\"async\" class=\"emoji\" role=\"img\" draggable=\"false\" src=\"https:\/\/s.w.org\/images\/core\/emoji\/14.0.0\/svg\/1f465.svg\" alt=\"\ud83d\udc65\" \/>\u00a0<strong>Empresas Medianas y Peque\u00f1as:<\/strong>\u00a0Brinda tranquilidad a tu negocio sin importar su tama\u00f1o, asegurando la continuidad de operaciones esenciales.<\/li>\n<\/ul>\n<p>&nbsp;<\/p>\n<h3><strong>RECUERDA QUE TAMBI\u00c9N CONTAMOS CON EL SERVICIO DE VENTA DE EQUIPOS A NIVEL NACIONAL:<\/strong><\/h3>\n<p>Venta\u00a0<a href=\"https:\/\/upscomunicaciones.com\/categoria-producto\/ups-online\/ups-vme-ups-online\/?swcfpc=1\">UPS<\/a>\u00a0tipo torre, venta UPS interactiva, venta de UPS tipo rack, venta UPS Smart APC, venta UPS modular, venta UPS escalable, venta UPS online, UPS paralelo, UPS hibrida, UPS solar, Inversor Solar, UPS en serie, UPS contingencia, bater\u00edas secas, tarjetas de control\u00a0<a href=\"https:\/\/es.wikipedia.org\/wiki\/Protocolo_simple_de_administraci%C3%B3n_de_red\">SNMP<\/a>, inversores y \u00a0paneles solares.<\/p>\n","protected":false},"excerpt":{"rendered":"<h2>CARGADOR DE BATER\u00cdAS UPS 12V 10AH<\/h2>\n<p>&nbsp;<\/p>\n<p>Son <strong><u>cargadores de bater\u00edas<\/u><\/strong> Ideales para cargar bater\u00edas en paralelo que han sufrido una descarga profunda hasta del 60%.<\/p>\n<p>Sirve para cargar bater\u00edas desde 17AH hasta 100AH<\/p>\n","protected":false},"featured_media":1509,"template":"","meta":[],"product_brand":[],"product_cat":[127],"product_tag":[],"class_list":{"0":"post-1503","1":"product","2":"type-product","3":"status-publish","4":"has-post-thumbnail","6":"product_cat-cargadores-para-baterias","8":"first","9":"instock","10":"shipping-taxable","11":"product-type-simple"},"aioseo_notices":[],"_links":{"self":[{"href":"https:\/\/marketingads.co\/ups\/wp-json\/wp\/v2\/product\/1503","targetHints":{"allow":["GET"]}}],"collection":[{"href":"https:\/\/marketingads.co\/ups\/wp-json\/wp\/v2\/product"}],"about":[{"href":"https:\/\/marketingads.co\/ups\/wp-json\/wp\/v2\/types\/product"}],"wp:featuredmedia":[{"embeddable":true,"href":"https:\/\/marketingads.co\/ups\/wp-json\/wp\/v2\/media\/1509"}],"wp:attachment":[{"href":"https:\/\/marketingads.co\/ups\/wp-json\/wp\/v2\/media?parent=1503"}],"wp:term":[{"taxonomy":"product_brand","embeddable":true,"href":"https:\/\/marketingads.co\/ups\/wp-json\/wp\/v2\/product_brand?post=1503"},{"taxonomy":"product_cat","embeddable":true,"href":"https:\/\/marketingads.co\/ups\/wp-json\/wp\/v2\/product_cat?post=1503"},{"taxonomy":"product_tag","embeddable":true,"href":"https:\/\/marketingads.co\/ups\/wp-json\/wp\/v2\/product_tag?post=1503"}],"curies":[{"name":"wp","href":"https:\/\/api.w.org\/{rel}","templated":true}]}}