{"id":1515,"date":"2025-07-30T13:04:30","date_gmt":"2025-07-30T18:04:30","guid":{"rendered":"https:\/\/marketingads.com.co\/ups\/?post_type=product&#038;p=1515"},"modified":"2026-01-16T16:12:54","modified_gmt":"2026-01-16T21:12:54","slug":"gabinetes-para-baterias","status":"publish","type":"product","link":"https:\/\/marketingads.co\/ups\/producto\/gabinetes-para-baterias\/","title":{"rendered":"GABINETES PARA BATER\u00cdAS"},"content":{"rendered":"<p>Nuestra empresa se dedica al dise\u00f1o y fabricaci\u00f3n de gabinetes personalizados para bater\u00edas y bancos de bater\u00edas externas, con el objetivo de ampliar la autonom\u00eda de las unidades de alimentaci\u00f3n ininterrumpida (UPS) cuando est\u00e1n en modo de bater\u00eda. Estos gabinetes se crean de manera personalizada para adaptarse a las necesidades espec\u00edficas de nuestros clientes. Adem\u00e1s, ofrecemos la posibilidad de dise\u00f1ar bancos de bater\u00edas especiales que incluyan un cargador de bater\u00edas interno, todo ello ajustado seg\u00fan los requisitos individuales de nuestros clientes. Esta soluci\u00f3n proporciona una mayor flexibilidad y capacidad de respaldo de energ\u00eda en caso de cortes el\u00e9ctricos.<\/p>\n<h4>Aplicaciones en Diversos Sectores, Esta potente soluci\u00f3n encuentra su lugar en diversas industrias y negocios, como:<\/h4>\n<ul>\n<li>\ud83d\udcde <strong>Call Centers:<\/strong> Mant\u00e9n las comunicaciones ininterrumpidas y los datos protegidos durante cortes de energ\u00eda.<\/li>\n<li>\ud83d\udda5\ufe0f <strong>Servidores:<\/strong> Protege tus servidores y equipos de red para evitar p\u00e9rdidas de datos y tiempos de inactividad.<\/li>\n<li>\ud83c\udfe5 <strong>Sector M\u00e9dico:<\/strong> Asegura el funcionamiento continuo de equipos m\u00e9dicos y odontol\u00f3gicos cr\u00edticos para la atenci\u00f3n de pacientes.<\/li>\n<li>\ud83c\udfed <strong>Industria:<\/strong> Protege tus equipos industriales sensibles y evita da\u00f1os costosos debido a interrupciones de energ\u00eda.<\/li>\n<li>\ud83d\udc65 <strong>Empresas Medianas y Peque\u00f1as:<\/strong> Brinda tranquilidad a tu negocio sin importar su tama\u00f1o, asegurando la continuidad de operaciones esenciales.<\/li>\n<\/ul>\n<h4><strong>Recuerda que tambi\u00e9n contamos con el servicio de venta de equipos a nivel nacional:<\/strong><\/h4>\n<p>Venta <a href=\"https:\/\/upscomunicaciones.com\/categoria-producto\/ups-online\/ups-vme-ups-online\/\">UPS<\/a> tipo torre, venta UPS interactiva, venta de UPS tipo rack, venta UPS Smart APC, venta UPS modular, venta UPS escalable, venta UPS online, UPS paralelo, UPS hibrida, UPS solar, Inversor Solar, UPS en serie, UPS contingencia, bater\u00edas secas, tarjetas de control <a href=\"https:\/\/es.wikipedia.org\/wiki\/Protocolo_simple_de_administraci%C3%B3n_de_red\">SNMP<\/a>, inversores y \u00a0paneles solares.<\/p>\n","protected":false},"excerpt":{"rendered":"<p>Dise\u00f1amos y fabricamos <strong><u>Gabinetes para bater\u00edas<\/u><\/strong> y <strong><u>bancos de bater\u00edas<\/u><\/strong> externos para ampliar la autonom\u00eda de tiempo de las Ups en modo bater\u00edas.<\/p>\n<p>Se realizan Dise\u00f1os especiales de <strong><u>bancos de bater\u00edas con cargador de bater\u00edas interno<\/u><\/strong> de acuerdo a las necesidades de nuestros clientes.<\/p>\n","protected":false},"featured_media":1516,"template":"","meta":[],"product_brand":[],"product_cat":[128],"product_tag":[],"class_list":{"0":"post-1515","1":"product","2":"type-product","3":"status-publish","4":"has-post-thumbnail","6":"product_cat-gabinetes-para-baterias","8":"first","9":"instock","10":"shipping-taxable","11":"product-type-simple"},"aioseo_notices":[],"_links":{"self":[{"href":"https:\/\/marketingads.co\/ups\/wp-json\/wp\/v2\/product\/1515","targetHints":{"allow":["GET"]}}],"collection":[{"href":"https:\/\/marketingads.co\/ups\/wp-json\/wp\/v2\/product"}],"about":[{"href":"https:\/\/marketingads.co\/ups\/wp-json\/wp\/v2\/types\/product"}],"wp:featuredmedia":[{"embeddable":true,"href":"https:\/\/marketingads.co\/ups\/wp-json\/wp\/v2\/media\/1516"}],"wp:attachment":[{"href":"https:\/\/marketingads.co\/ups\/wp-json\/wp\/v2\/media?parent=1515"}],"wp:term":[{"taxonomy":"product_brand","embeddable":true,"href":"https:\/\/marketingads.co\/ups\/wp-json\/wp\/v2\/product_brand?post=1515"},{"taxonomy":"product_cat","embeddable":true,"href":"https:\/\/marketingads.co\/ups\/wp-json\/wp\/v2\/product_cat?post=1515"},{"taxonomy":"product_tag","embeddable":true,"href":"https:\/\/marketingads.co\/ups\/wp-json\/wp\/v2\/product_tag?post=1515"}],"curies":[{"name":"wp","href":"https:\/\/api.w.org\/{rel}","templated":true}]}}