{"id":411,"date":"2025-05-14T19:35:40","date_gmt":"2025-05-15T00:35:40","guid":{"rendered":"https:\/\/marketingads.com.co\/ups\/?post_type=product&#038;p=411"},"modified":"2025-07-29T18:05:48","modified_gmt":"2025-07-29T23:05:48","slug":"baterias-mtek-12v-75ah-mt12750hr","status":"publish","type":"product","link":"https:\/\/marketingads.co\/ups\/producto\/baterias-mtek-12v-75ah-mt12750hr\/","title":{"rendered":"BATER\u00cdAS MTEK 12V-75AH-MT12750HR"},"content":{"rendered":"","protected":false},"excerpt":{"rendered":"<p>Las BATER\u00cdAS MTEK HR son estacionarias de ciclo profundo, que, a diferencia de las convencionales, permiten una carga y descarga lenta y profunda. Estos modelos de bater\u00edas son indispensables en cualquier aplicaci\u00f3n de energ\u00eda solar que est\u00e9 aislada de la red y se requiera almacenar energ\u00eda para ser utilizada en la noche.<\/p>\n","protected":false},"featured_media":412,"template":"","meta":[],"product_brand":[],"product_cat":[122],"product_tag":[],"class_list":{"0":"post-411","1":"product","2":"type-product","3":"status-publish","4":"has-post-thumbnail","6":"product_cat-baterias-secas","8":"first","9":"instock","10":"featured","11":"shipping-taxable","12":"product-type-simple"},"aioseo_notices":[],"_links":{"self":[{"href":"https:\/\/marketingads.co\/ups\/wp-json\/wp\/v2\/product\/411","targetHints":{"allow":["GET"]}}],"collection":[{"href":"https:\/\/marketingads.co\/ups\/wp-json\/wp\/v2\/product"}],"about":[{"href":"https:\/\/marketingads.co\/ups\/wp-json\/wp\/v2\/types\/product"}],"wp:featuredmedia":[{"embeddable":true,"href":"https:\/\/marketingads.co\/ups\/wp-json\/wp\/v2\/media\/412"}],"wp:attachment":[{"href":"https:\/\/marketingads.co\/ups\/wp-json\/wp\/v2\/media?parent=411"}],"wp:term":[{"taxonomy":"product_brand","embeddable":true,"href":"https:\/\/marketingads.co\/ups\/wp-json\/wp\/v2\/product_brand?post=411"},{"taxonomy":"product_cat","embeddable":true,"href":"https:\/\/marketingads.co\/ups\/wp-json\/wp\/v2\/product_cat?post=411"},{"taxonomy":"product_tag","embeddable":true,"href":"https:\/\/marketingads.co\/ups\/wp-json\/wp\/v2\/product_tag?post=411"}],"curies":[{"name":"wp","href":"https:\/\/api.w.org\/{rel}","templated":true}]}}