{"id":460,"date":"2025-06-03T19:07:08","date_gmt":"2025-06-04T00:07:08","guid":{"rendered":"https:\/\/marketingads.com.co\/ups\/?post_type=product&#038;p=460"},"modified":"2025-12-16T13:51:15","modified_gmt":"2025-12-16T18:51:15","slug":"ups-vme-10kva-online-trifasica-torre-epi","status":"publish","type":"product","link":"https:\/\/marketingads.co\/ups\/producto\/ups-vme-10kva-online-trifasica-torre-epi\/","title":{"rendered":"Ups VME 10Kva Online Trif\u00e1sica Torre Epi"},"content":{"rendered":"<p>Potencia y eficiencia garantizadas con la serie Ups VME 10KVA Online Trif\u00e1sica Torre epi Esta UPS de alta frecuencia con doble conversi\u00f3n y control por DSP te brinda un factor de potencia 1.0 y una eficiencia asombrosa de hasta el 97%. No solo ahorra energ\u00eda con su modo ECO, sino que tambi\u00e9n te ofrece un dise\u00f1o compacto y un display t\u00e1ctil de 5\u2033 para una operaci\u00f3n intuitiva. Adem\u00e1s, su configuraci\u00f3n flexible de bater\u00edas y funci\u00f3n de auto diagn\u00f3stico te mantienen protegido en todo momento<\/p>\n<h4><b>Caracter\u00edsticas principales Ups VME 10KVA Online Trif\u00e1sica Torre epi:<\/b><\/h4>\n<ul>\n<li>UPS de alta frecuencia con sistema doble conversi\u00f3n y control por DSP.<\/li>\n<li>Factor de potencia 1.0, entrada dual, eficiencia de hasta el 97%.<\/li>\n<li>Modo ECO con control de velocidad de acuerdo a la carga conectada.<\/li>\n<li>Configuraci\u00f3n flexible de\u00a0<a href=\"https:\/\/upscomunicaciones.com\/categoria-producto\/baterias-secas\/?swcfpc=1\">bater\u00edas<\/a>\u00a014\/16\/18\/20 unidades seg\u00fan necesidad.<\/li>\n<li>Factor de potencia 1.0<\/li>\n<li>Tecnolog\u00eda de alta frecuencia<\/li>\n<li>Auto censado de frecuencia<\/li>\n<li>Rango de entrada 121V-277V<\/li>\n<li>Encendido y apagado autom\u00e1tico<\/li>\n<li>Dise\u00f1o compacto interno<\/li>\n<li>Display t\u00e1ctil de 5\u2033<\/li>\n<li>Transferencia cero<\/li>\n<li>Tiempo reducido de carga de bater\u00edas<\/li>\n<li>Apagado de emergencia EPO<\/li>\n<li>Bypass de mantenimiento est\u00e1ndar<\/li>\n<li>Puertos de comunicaci\u00f3n RS232, USB<\/li>\n<\/ul>\n<p>La serie\u00a0<b>UPS VME 10KVA\/10KW POTENCIA REAL (EPI)<\/b>,\u00a0 ofrece la combinaci\u00f3n perfecta de confiabilidad, rendimiento y rentabilidad, equipadas con sistema de doble conversi\u00f3n en l\u00ednea y triple DSP de alta velocidad con control digital; ofrecen a la carga una mejor calidad de energ\u00eda, alto factor de potencia a la entrada y salida, su funci\u00f3n inteligente de auto diagn\u00f3stico permite obtener informaci\u00f3n completa del estado y funcionamiento del equipo, advirtiendo posibles fallas con un alto grado de anticipaci\u00f3n.<\/p>\n<h4>Aplicaciones en Diversos Sectores, Esta potente soluci\u00f3n encuentra su lugar en diversas industrias y negocios, como:<\/h4>\n<p>\ud83d\udcde Call Centers: Mant\u00e9n las comunicaciones ininterrumpidas y los datos protegidos durante cortes de energ\u00eda.<br \/>\n\ud83d\udda5\ufe0f Servidores: Protege tus servidores y equipos de red para evitar p\u00e9rdidas de datos y tiempos de inactividad.<br \/>\n\ud83c\udfe5 Sector M\u00e9dico: Asegura el funcionamiento continuo de equipos m\u00e9dicos y odontol\u00f3gicos cr\u00edticos para la atenci\u00f3n de pacientes.<br \/>\n\ud83c\udfed Industria: Protege tus equipos industriales sensibles y evita da\u00f1os costosos debido a interrupciones de energ\u00eda.<br \/>\n\ud83d\udc65 Empresas Medianas y Peque\u00f1as: Brinda tranquilidad a tu negocio sin importar su tama\u00f1o, asegurando la continuidad de operaciones esenciales.<\/p>\n<h4>Recuerda que tambi\u00e9n contamos con el servicio de venta de equipos a nivel nacional:<\/h4>\n<p>Venta UPS tipo torre, venta UPS interactiva, venta de UPS tipo rack, venta UPS Smart APC, venta UPS modular, venta UPS escalable, venta UPS online, UPS paralelo, UPS hibrida, UPS solar, Inversor Solar, UPS en serie, UPS contingencia, bater\u00edas secas, tarjetas de control SNMP, inversores y paneles solares.<\/p>\n","protected":false},"excerpt":{"rendered":"<p>La serie UPS VME 10KVA\/10KW POTENCIA REAL (EPI) es una UPS de alta frecuencia con doble conversi\u00f3n y control por DSP. Ofrece factor de potencia 1.0, eficiencia hasta el 97% y modo ECO para mayor ahorro de energ\u00eda. Su dise\u00f1o compacto interno, display t\u00e1ctil de 5\u2033, y configuraci\u00f3n flexible de bater\u00edas hacen de esta UPS una opci\u00f3n confiable y rentable. Con auto diagn\u00f3stico y funci\u00f3n de apagado de emergencia EPO, proporciona una calidad de energ\u00eda \u00f3ptima y alerta sobre posibles fallas con anticipaci\u00f3n.<\/p>\n","protected":false},"featured_media":461,"template":"","meta":[],"product_brand":[131],"product_cat":[121,154],"product_tag":[132],"class_list":{"0":"post-460","1":"product","2":"type-product","3":"status-publish","4":"has-post-thumbnail","6":"product_brand-vme","7":"product_cat-ups-online","8":"product_cat-ups-vme-ups-online","9":"product_tag-vme","11":"first","12":"instock","13":"shipping-taxable","14":"product-type-simple"},"aioseo_notices":[],"_links":{"self":[{"href":"https:\/\/marketingads.co\/ups\/wp-json\/wp\/v2\/product\/460","targetHints":{"allow":["GET"]}}],"collection":[{"href":"https:\/\/marketingads.co\/ups\/wp-json\/wp\/v2\/product"}],"about":[{"href":"https:\/\/marketingads.co\/ups\/wp-json\/wp\/v2\/types\/product"}],"wp:featuredmedia":[{"embeddable":true,"href":"https:\/\/marketingads.co\/ups\/wp-json\/wp\/v2\/media\/461"}],"wp:attachment":[{"href":"https:\/\/marketingads.co\/ups\/wp-json\/wp\/v2\/media?parent=460"}],"wp:term":[{"taxonomy":"product_brand","embeddable":true,"href":"https:\/\/marketingads.co\/ups\/wp-json\/wp\/v2\/product_brand?post=460"},{"taxonomy":"product_cat","embeddable":true,"href":"https:\/\/marketingads.co\/ups\/wp-json\/wp\/v2\/product_cat?post=460"},{"taxonomy":"product_tag","embeddable":true,"href":"https:\/\/marketingads.co\/ups\/wp-json\/wp\/v2\/product_tag?post=460"}],"curies":[{"name":"wp","href":"https:\/\/api.w.org\/{rel}","templated":true}]}}