{"id":520,"date":"2025-06-10T14:45:48","date_gmt":"2025-06-10T19:45:48","guid":{"rendered":"https:\/\/marketingads.com.co\/ups\/?post_type=product&#038;p=520"},"modified":"2025-07-04T14:29:59","modified_gmt":"2025-07-04T19:29:59","slug":"bateria-cdp-12v-18ah-slb-216-watt-hour","status":"publish","type":"product","link":"https:\/\/marketingads.co\/ups\/producto\/bateria-cdp-12v-18ah-slb-216-watt-hour\/","title":{"rendered":"BATER\u00cdA CDP 12V-18AH SLB (216-Watt Hour)"},"content":{"rendered":"<p>La BATER\u00cdA CDP 12V-18AH SLB (216-Watt Hour) esta dise\u00f1ada para una fuerte capacidad de descarga con 5 a\u00f1os de vida en servicio flotante, usando rejillas fuertes y un material de dise\u00f1o espcializado ofrece un rendimiento estable durante la descarga.<\/p>\n<h3>Caracter\u00edsticas f\u00edsicas y de funcionamiento de la BATER\u00cdA CDP 12V-18AH SLB (216-Watt Hour):<\/h3>\n<ul>\n<li>Corriente maxima de descarga recomendable 5.4A.<\/li>\n<li>Corriente maxima de descarga 180 A(5 seg).<\/li>\n<li>Cuenta con terminal F3\/F13.<\/li>\n<li>Ofrecen 30% de vida que las de serie tradicionales.<\/li>\n<li>Adecuadas para UPS y donde las cargas de alta corriente son requeridas.<\/li>\n<li>Rango normal de temperatura de operacion 25\u00b0C +\/- 5\u00b0C.<\/li>\n<li>Material del envase ABS UL94-HB.<\/li>\n<li>Autodescagra menor al 3% en estado de espera mensual.<\/li>\n<\/ul>\n","protected":false},"excerpt":{"rendered":"<p>Gracias a sus rejillas robustas y material especializado, proporciona un rendimiento estable durante la descarga. Con una corriente m\u00e1xima de descarga recomendada de 5.4A y una corriente m\u00e1xima de descarga de 180 A (5 seg), junto con terminales F3\/F13, esta bater\u00eda garantiza un funcionamiento confiable.<\/p>\n","protected":false},"featured_media":521,"template":"","meta":[],"product_brand":[133],"product_cat":[122],"product_tag":[134],"class_list":{"0":"post-520","1":"product","2":"type-product","3":"status-publish","4":"has-post-thumbnail","6":"product_brand-cdp","7":"product_cat-baterias-secas","8":"product_tag-cdp","10":"first","11":"instock","12":"featured","13":"shipping-taxable","14":"product-type-simple"},"aioseo_notices":[],"_links":{"self":[{"href":"https:\/\/marketingads.co\/ups\/wp-json\/wp\/v2\/product\/520","targetHints":{"allow":["GET"]}}],"collection":[{"href":"https:\/\/marketingads.co\/ups\/wp-json\/wp\/v2\/product"}],"about":[{"href":"https:\/\/marketingads.co\/ups\/wp-json\/wp\/v2\/types\/product"}],"wp:featuredmedia":[{"embeddable":true,"href":"https:\/\/marketingads.co\/ups\/wp-json\/wp\/v2\/media\/521"}],"wp:attachment":[{"href":"https:\/\/marketingads.co\/ups\/wp-json\/wp\/v2\/media?parent=520"}],"wp:term":[{"taxonomy":"product_brand","embeddable":true,"href":"https:\/\/marketingads.co\/ups\/wp-json\/wp\/v2\/product_brand?post=520"},{"taxonomy":"product_cat","embeddable":true,"href":"https:\/\/marketingads.co\/ups\/wp-json\/wp\/v2\/product_cat?post=520"},{"taxonomy":"product_tag","embeddable":true,"href":"https:\/\/marketingads.co\/ups\/wp-json\/wp\/v2\/product_tag?post=520"}],"curies":[{"name":"wp","href":"https:\/\/api.w.org\/{rel}","templated":true}]}}