{"id":627,"date":"2025-07-04T13:57:57","date_gmt":"2025-07-04T18:57:57","guid":{"rendered":"https:\/\/marketingads.com.co\/ups\/?post_type=product&#038;p=627"},"modified":"2025-12-15T17:10:40","modified_gmt":"2025-12-15T17:10:40","slug":"ups-vme-3kva-2-7kw-onlinesin-neutro-de-salida","status":"publish","type":"product","link":"https:\/\/marketingads.co\/ups\/producto\/ups-vme-3kva-2-7kw-onlinesin-neutro-de-salida\/","title":{"rendered":"Ups VME 3kVA\/2.7kW Online(sin neutro de salida)"},"content":{"rendered":"<p>Nuestro equipo Ups VME 3kVA\/2.7kW Online(sin neutro de salida), con marca registrada a nivel mundial, ofrece confianza, protecci\u00f3n y respaldo, dise\u00f1ado tanto para el hogar como para el comercio, proporcionando una protecci\u00f3n \u00f3ptima a la industria, cl\u00ednicas y hospitales.<\/p>\n<p>Estos equipos destacan por sus caracter\u00edsticas avanzadas que combinan la mejor tecnolog\u00eda y prestaciones en un solo dispositivo, garantizando un rendimiento excepcional en cualquier situaci\u00f3n.<\/p>\n<h4><b>Caracter\u00edsticas principales de la Ups VME 3kVA\/2.7kW Online(sin neutro de salida):<\/b><\/h4>\n<ol>\n<li><span style=\"font-weight: 400;\">Potencia Real: 3KW.<\/span><\/li>\n<li>Potencia Real: 2.7KW.<\/li>\n<li>Factor de Potencia de salida: 0.9.<\/li>\n<li>Voltaje de salida configurable: 208 &#8211; 220 \u2013 230 \u2013 240VAC.<\/li>\n<li>Pantalla: Lcd con men\u00fa interactivo.<\/li>\n<li>Bypass electr\u00f3nico configurable.<\/li>\n<li>La tecnolog\u00eda DSP garantiza un alto rendimiento.<\/li>\n<li>Correcci\u00f3n Activa del Factor de potencia.<\/li>\n<li>Modo convertidor de frecuencia 50Hz\/60Hz.<\/li>\n<li>Operaci\u00f3n en modo ECO para ahorro de energ\u00eda (ECO).<\/li>\n<li>Funci\u00f3n de apagado de emergencia (EPO).<\/li>\n<li>Comunicaciones m\u00faltiples <a href=\"https:\/\/es.wikipedia.org\/wiki\/Protocolo_simple_de_administraci%C3%B3n_de_red\">SNMP<\/a> + USB + RS-232.<\/li>\n<li>SNMP Opcional.<\/li>\n<\/ol>\n<p><span style=\"font-weight: 400;\">Topolog\u00eda con tecnolog\u00eda de doble conversi\u00f3n (ONLINE)<\/span><b>. <\/b><span style=\"font-weight: 400;\">Salida de onda sinusoidal pura.<\/span><\/p>\n<p><span style=\"font-weight: 400;\">Control digital DSP de avanzada tecnolog\u00eda. Ahorro de energ\u00eda, ya que tiene un factor de potencia de entrada de hasta 0, 99. Amplio rango de voltaje de entrada desde 150VAC hasta 300VAC al 50% de carga. Amplio rango de frecuencia de entrada desde 47Hz hasta 63 Hz. Cero (0) ms de transferencia entre la L\u00ednea y las Bater\u00edas, con esta tecnolog\u00eda se garantiza la seguridad y la confiabilidad a la carga (Equipos conectados a la UPS) El modo ECO opcional, reduce el Consumo de energ\u00eda del UPS. Bajo ruido (por debajo de 50 dB), no afectar\u00e1 su vida diaria.<\/span><\/p>\n<h4>Aplicaciones en Diversos Sectores, Esta potente soluci\u00f3n encuentra su lugar en diversas industrias y negocios, como:<\/h4>\n<ul>\n<li>\ud83d\udcde <strong>Call Centers:<\/strong> Mant\u00e9n las comunicaciones ininterrumpidas y los datos protegidos durante cortes de energ\u00eda.<\/li>\n<li>\ud83d\udda5\ufe0f <strong>Servidores:<\/strong> Protege tus servidores y equipos de red para evitar p\u00e9rdidas de datos y tiempos de inactividad.<\/li>\n<li>\ud83c\udfe5 <strong>Sector M\u00e9dico:<\/strong> Asegura el funcionamiento continuo de equipos m\u00e9dicos y odontol\u00f3gicos cr\u00edticos para la atenci\u00f3n de pacientes.<\/li>\n<li>\ud83c\udfed <strong>Industria:<\/strong> Protege tus equipos industriales sensibles y evita da\u00f1os costosos debido a interrupciones de energ\u00eda.<\/li>\n<li>\ud83d\udc65 <strong>Empresas Medianas y Peque\u00f1as:<\/strong> Brinda tranquilidad a tu negocio sin importar su tama\u00f1o, asegurando la continuidad de operaciones esenciales.<\/li>\n<\/ul>\n<h4><strong>Recuerda que tambi\u00e9n contamos con el servicio de venta de equipos a nivel nacional:<\/strong><\/h4>\n<p>Venta <a href=\"https:\/\/upscomunicaciones.com\/categoria-producto\/ups-online\/?swcfpc=1\">UPS<\/a> tipo torre, venta UPS interactiva, venta de UPS tipo rack, venta UPS Smart APC, venta UPS modular, venta UPS escalable, venta UPS online, UPS paralelo, UPS hibrida, UPS solar, Inversor Solar, UPS en serie, UPS contingencia, bater\u00edas secas, tarjetas de control SNMP, inversores y <a href=\"https:\/\/es.wikipedia.org\/wiki\/Panel_solar\">paneles solares<\/a>.<\/p>\n","protected":false},"excerpt":{"rendered":"<p>La UPS tiene una potencia real de 3KW y un factor de potencia de salida de 0.9. Permite configurar el voltaje de salida en 208-220-230-240VAC y cuenta con una pantalla LCD con men\u00fa interactivo. Incluye tecnolog\u00eda DSP para un alto rendimiento y correcci\u00f3n activa del factor de potencia. Ofrece modo convertidor de frecuencia 50Hz\/60Hz y operaci\u00f3n en modo ECO para ahorro de energ\u00eda. Tambi\u00e9n tiene una funci\u00f3n de apagado de emergencia (EPO) y m\u00faltiples opciones de comunicaci\u00f3n como SNMP, USB y RS-232, con la opci\u00f3n de agregar una tarjeta SNMP para mayor versatilidad<\/p>\n","protected":false},"featured_media":663,"template":"","meta":[],"product_brand":[131],"product_cat":[121,154],"product_tag":[132],"class_list":{"0":"post-627","1":"product","2":"type-product","3":"status-publish","4":"has-post-thumbnail","6":"product_brand-vme","7":"product_cat-ups-online","8":"product_cat-ups-vme-ups-online","9":"product_tag-vme","11":"first","12":"instock","13":"shipping-taxable","14":"product-type-simple"},"aioseo_notices":[],"_links":{"self":[{"href":"https:\/\/marketingads.co\/ups\/wp-json\/wp\/v2\/product\/627","targetHints":{"allow":["GET"]}}],"collection":[{"href":"https:\/\/marketingads.co\/ups\/wp-json\/wp\/v2\/product"}],"about":[{"href":"https:\/\/marketingads.co\/ups\/wp-json\/wp\/v2\/types\/product"}],"wp:featuredmedia":[{"embeddable":true,"href":"https:\/\/marketingads.co\/ups\/wp-json\/wp\/v2\/media\/663"}],"wp:attachment":[{"href":"https:\/\/marketingads.co\/ups\/wp-json\/wp\/v2\/media?parent=627"}],"wp:term":[{"taxonomy":"product_brand","embeddable":true,"href":"https:\/\/marketingads.co\/ups\/wp-json\/wp\/v2\/product_brand?post=627"},{"taxonomy":"product_cat","embeddable":true,"href":"https:\/\/marketingads.co\/ups\/wp-json\/wp\/v2\/product_cat?post=627"},{"taxonomy":"product_tag","embeddable":true,"href":"https:\/\/marketingads.co\/ups\/wp-json\/wp\/v2\/product_tag?post=627"}],"curies":[{"name":"wp","href":"https:\/\/api.w.org\/{rel}","templated":true}]}}